{"id":122,"date":"2018-01-30T12:59:32","date_gmt":"2018-01-30T10:59:32","guid":{"rendered":"https:\/\/webs.uab.cat\/simposi\/conferencia-plenaria-2017-3\/"},"modified":"2018-01-30T12:59:32","modified_gmt":"2018-01-30T10:59:32","slug":"conferencia-plenaria-2017-3","status":"publish","type":"page","link":"https:\/\/webs.uab.cat\/simposi\/es\/conferencia-plenaria-2017-3\/","title":{"rendered":"Conferencia plenaria 2017"},"content":{"rendered":"<p><strong><em><img loading=\"lazy\" decoding=\"async\" alt=\"Tiziana Lipiello\" height=\"208\" src=\"http:\/\/pagines.uab.cat\/simposi\/sites\/pagines.uab.cat.simposi\/files\/images\/0-Tiziana-Lippiello.jpg\" style=\"float:left\" width=\"200\" \/><\/em><\/strong><\/p>\n<p><strong>Conferenciante invitado<\/strong><\/p>\n<h1>Tiziana Lipiello<br \/>\n<em>Ca\u2019 Foscari University of Venice<\/em><\/h1>\n<p>La profesora Tiziana Lipello ense\u00f1a Chino cl\u00e1sico e Historia del pensamiento y de las religiones en China en la universidad Ca\u2019 Foscari de Venecia. Actualmente es vicerrectora de esta universidad y ha ocupado diversos cargos en instituciones acad\u00e9micas internacionales. Se doctor\u00f3 en la Universidad de Leiden en el a\u00f1o 1994. El eje de su actual investigaci\u00f3n es el estudio del primer pensamiento chino, las religiones y la \u00e9tica en el pensamiento chino.<br \/>\nDirige las colecciones <em>La fenice, Classici cinesi<\/em> (Marsilio Editore) y <em>Sinica venetiana<\/em> (Ca\u2019Foscari).<\/p>\n<p>Destacamos algunas de sus publicaciones:<\/p>\n<p>&#8211; Tratatto sui prodigi, de Shen Yue (1997).<br \/>\n&#8211; Dialogui, de Confuci (2006).<br \/>\n&#8211; Le droghe dell\u2019immortalit\u00e0 nell\u2019antichit\u00e0 cinese e il Taishang lingbao zhicao pin (2007).<br \/>\n&#8211; Il confucianesimo (2009).<br \/>\n&#8211; \u201cDall\u2019et\u00e0 del Bronzo all\u2019impero Han\u201d. Cina (2013) (con Maurizio Scarpari)<br \/>\n&#8211; La costante pratica del giusto mezzo=Zhongyone, de Zisi (2016).<\/p>\n<p><strong>T\u00edtulo y resumen de la conferencia<\/strong><\/p>\n<h3><strong><em>The modernity of Ancient Chinese Thought: linguistic and philosophical interpretations<\/em><\/strong><\/h3>\n<p>A inicios del siglo XX los intelectuales chinos rechazaron la cultura tradicional china convencidos de que, en general, el confucianismo y el pensamiento chino tradicional hab\u00edan sido un obst\u00e1culo para el desarrollo cient\u00edfico y econ\u00f3mico y el progreso social. Sin embargo, estos \u00faltimos a\u00f1os se ha producido una resurrecci\u00f3n de la tradici\u00f3n tanto en la esfera pol\u00edtica como en la cultural, impulsada por la ambici\u00f3n de ofrecer respuestas nuevas a los problemas y contradicciones de las sociedades occidentales contempor\u00e1neas. \u00bfQu\u00e9 valores se promueven actualmente en China y qu\u00e9 impacto tienen en la sociedad china? La conferencia expondr\u00e1 algunas teor\u00edas planteadas por los estudiosos chinos y su interpretaci\u00f3n de la funci\u00f3n actual de la filosof\u00eda.<\/p>\n<p>&nbsp;<\/p>\n","protected":false},"excerpt":{"rendered":"<p>Conferenciante invitado Tiziana Lipiello Ca\u2019 Foscari University of Venice La profesora Tiziana Lipello ense\u00f1a Chino cl\u00e1sico e Historia del pensamiento y de las religiones en China en la universidad Ca\u2019 Foscari de Venecia. Actualmente es vicerrectora de esta universidad y ha ocupado diversos cargos en instituciones acad\u00e9micas internacionales. Se doctor\u00f3 en la Universidad de Leiden [&hellip;]<\/p>\n","protected":false},"author":20,"featured_media":0,"parent":0,"menu_order":0,"comment_status":"closed","ping_status":"closed","template":"","meta":{"footnotes":""},"class_list":["post-122","page","type-page","status-publish","hentry"],"_links":{"self":[{"href":"https:\/\/webs.uab.cat\/simposi\/es\/wp-json\/wp\/v2\/pages\/122","targetHints":{"allow":["GET"]}}],"collection":[{"href":"https:\/\/webs.uab.cat\/simposi\/es\/wp-json\/wp\/v2\/pages"}],"about":[{"href":"https:\/\/webs.uab.cat\/simposi\/es\/wp-json\/wp\/v2\/types\/page"}],"author":[{"embeddable":true,"href":"https:\/\/webs.uab.cat\/simposi\/es\/wp-json\/wp\/v2\/users\/20"}],"replies":[{"embeddable":true,"href":"https:\/\/webs.uab.cat\/simposi\/es\/wp-json\/wp\/v2\/comments?post=122"}],"version-history":[{"count":0,"href":"https:\/\/webs.uab.cat\/simposi\/es\/wp-json\/wp\/v2\/pages\/122\/revisions"}],"wp:attachment":[{"href":"https:\/\/webs.uab.cat\/simposi\/es\/wp-json\/wp\/v2\/media?parent=122"}],"curies":[{"name":"wp","href":"https:\/\/api.w.org\/{rel}","templated":true}]}}