{"id":133,"date":"2019-02-05T12:51:16","date_gmt":"2019-02-05T10:51:16","guid":{"rendered":"https:\/\/webs.uab.cat\/simposi\/inici-2\/"},"modified":"2026-04-07T18:18:53","modified_gmt":"2026-04-07T16:18:53","slug":"inici-2","status":"publish","type":"page","link":"https:\/\/webs.uab.cat\/simposi\/es\/","title":{"rendered":"Presentaci\u00f3n"},"content":{"rendered":"\n<p>La Universidad Aut\u00f3noma de Barcelona, a trav\u00e9s del Departamento de Traducci\u00f3n, Interpretaci\u00f3n y Estudios de Asia Oriental, organiza el XVI Simposio Internacional de Investigaci\u00f3n Emergente en Traducci\u00f3n, Interpretaci\u00f3n, Estudios Interculturales y Estudios de Asia Oriental,&nbsp; que se celebrar\u00e1 el d\u00eda 10 de julio de 2026 en la Facultad de Traducci\u00f3n e Interpretaci\u00f3n, en el campus de Bellaterra.&nbsp;<\/p>\n\n\n\n<p>El simposio tiene como objetivo promover la reflexi\u00f3n, el estudio y la investigaci\u00f3n y ofrecer la oportunidad de presentar sus trabajos a j\u00f3venes investigadores.&nbsp;<\/p>\n\n\n\n<p>Las lenguas del congreso ser\u00e1n el catal\u00e1n, el castellano y el ingl\u00e9s.&nbsp;<\/p>\n\n\n\n<p>El simposio ser\u00e1 presencial.&nbsp;<\/p>\n\n\n\n<div style=\"height:13px\" aria-hidden=\"true\" class=\"wp-block-spacer\"><\/div>\n\n\n\n<h2 class=\"wp-block-heading has-normal-font-size\"><strong>Fechas clave<\/strong><\/h2>\n\n\n\n<p><strong>Presentaci\u00f3n de res\u00famenes:<\/strong> \u00a030 de abril de 2026.<\/p>\n\n\n\n<p><strong>Notificaci\u00f3n de aceptaci\u00f3n o rechazo de la propuesta:<\/strong> 25 de mayo de 2026.<\/p>\n\n\n\n<p>Inscripci\u00f3n hasta el 12 de junio de 2026: <strong>50\u20ac<\/strong><\/p>\n\n\n\n<p>Inscripci\u00f3n despu\u00e9s del 12 de junio de 2026: <strong>75\u20ac<\/strong><\/p>\n\n\n\n<p><strong>Fecha l\u00edmite<\/strong>&nbsp;de inscripci\u00f3n y pago:&nbsp;<strong>30 de junio de 2026.<\/strong><\/p>\n\n\n\n<div style=\"height:13px\" aria-hidden=\"true\" class=\"wp-block-spacer\"><\/div>\n\n\n\n<h2 class=\"wp-block-heading has-normal-font-size\"><strong>Informaci\u00f3n de contacto<\/strong><\/h2>\n\n\n\n<p><a href=\"mailto:Simposi.traducci\u00f3@uab.cat\">Simposi.traducci\u00f3@uab.cat<\/a><strong><\/strong><\/p>\n","protected":false},"excerpt":{"rendered":"<p>La Universidad Aut\u00f3noma de Barcelona, a trav\u00e9s del Departamento de Traducci\u00f3n, Interpretaci\u00f3n y Estudios de Asia Oriental, organiza el XVI Simposio Internacional de Investigaci\u00f3n Emergente en Traducci\u00f3n, Interpretaci\u00f3n, Estudios Interculturales y Estudios de Asia Oriental,&nbsp; que se celebrar\u00e1 el d\u00eda 10 de julio de 2026 en la Facultad de Traducci\u00f3n e Interpretaci\u00f3n, en el campus [&hellip;]<\/p>\n","protected":false},"author":20,"featured_media":0,"parent":0,"menu_order":0,"comment_status":"closed","ping_status":"closed","template":"","meta":{"footnotes":""},"class_list":["post-133","page","type-page","status-publish","hentry"],"_links":{"self":[{"href":"https:\/\/webs.uab.cat\/simposi\/es\/wp-json\/wp\/v2\/pages\/133","targetHints":{"allow":["GET"]}}],"collection":[{"href":"https:\/\/webs.uab.cat\/simposi\/es\/wp-json\/wp\/v2\/pages"}],"about":[{"href":"https:\/\/webs.uab.cat\/simposi\/es\/wp-json\/wp\/v2\/types\/page"}],"author":[{"embeddable":true,"href":"https:\/\/webs.uab.cat\/simposi\/es\/wp-json\/wp\/v2\/users\/20"}],"replies":[{"embeddable":true,"href":"https:\/\/webs.uab.cat\/simposi\/es\/wp-json\/wp\/v2\/comments?post=133"}],"version-history":[{"count":18,"href":"https:\/\/webs.uab.cat\/simposi\/es\/wp-json\/wp\/v2\/pages\/133\/revisions"}],"predecessor-version":[{"id":1813,"href":"https:\/\/webs.uab.cat\/simposi\/es\/wp-json\/wp\/v2\/pages\/133\/revisions\/1813"}],"wp:attachment":[{"href":"https:\/\/webs.uab.cat\/simposi\/es\/wp-json\/wp\/v2\/media?parent=133"}],"curies":[{"name":"wp","href":"https:\/\/api.w.org\/{rel}","templated":true}]}}