{"id":135,"date":"2019-02-05T12:51:21","date_gmt":"2019-02-05T10:51:21","guid":{"rendered":"https:\/\/webs.uab.cat\/simposi\/conferencia-plenaria-2\/"},"modified":"2026-04-15T11:49:17","modified_gmt":"2026-04-15T09:49:17","slug":"conferencia-plenaria-2","status":"publish","type":"page","link":"https:\/\/webs.uab.cat\/simposi\/es\/conferencia-plenaria-2\/","title":{"rendered":"Conferencia plenaria"},"content":{"rendered":"\n<p class=\"has-text-align-center has-large-font-size\"><strong><strong>Inteligencia artificial y producci\u00f3n acad\u00e9mica: <\/strong><\/strong><br><strong><strong>usos, \u00e9tica y desaf\u00edos<\/strong><\/strong><\/p>\n\n\n\n<p>La conferencia abordar\u00e1 la creciente integraci\u00f3n de la inteligencia artificial en los procesos de investigaci\u00f3n y escritura acad\u00e9mica, prestando especial atenci\u00f3n a sus principales aplicaciones, desde la generaci\u00f3n de textos hasta el apoyo en revisiones de literatura y an\u00e1lisis de datos.&nbsp;Asimismo, se examinar\u00e1n los problemas y dilemas que emergen en el contexto acad\u00e9mico, especialmente en relaci\u00f3n con la autor\u00eda, la transparencia en el uso de herramientas automatizadas y la adecuada citaci\u00f3n de contenidos generados por IA.&nbsp;&nbsp;<\/p>\n\n\n\n<p>Se discutir\u00e1n tambi\u00e9n aspectos vinculados a la fiabilidad, los sesgos algor\u00edtmicos y la validaci\u00f3n del conocimiento producido con estas tecnolog\u00edas, as\u00ed como su recepci\u00f3n y legitimidad dentro de la comunidad cient\u00edfica.&nbsp;Finalmente, se reflexionar\u00e1 sobre los retos \u00e9ticos, normativos y formativos que plantea su utilizaci\u00f3n responsable en la educaci\u00f3n superior y la investigaci\u00f3n.<\/p>\n\n\n\n<div style=\"height:38px\" aria-hidden=\"true\" class=\"wp-block-spacer\"><\/div>\n\n\n\n<div style=\"height:0px\" aria-hidden=\"true\" class=\"wp-block-spacer\"><\/div>\n\n\n\n<p class=\"has-large-font-size\" style=\"text-decoration:underline\"><strong>CV<\/strong><\/p>\n\n\n\n<div class=\"wp-block-media-text is-stacked-on-mobile is-vertically-aligned-center\" style=\"grid-template-columns:25% auto\"><figure class=\"wp-block-media-text__media\"><img loading=\"lazy\" decoding=\"async\" width=\"717\" height=\"1024\" src=\"https:\/\/webs.uab.cat\/simposi\/wp-content\/uploads\/sites\/345\/2026\/04\/carlos-foto-3-717x1024.jpg\" alt=\"Imagen Carlos Lopezosa Garc\u00eda\" class=\"wp-image-1907 size-full\" srcset=\"https:\/\/webs.uab.cat\/simposi\/wp-content\/uploads\/sites\/345\/2026\/04\/carlos-foto-3-717x1024.jpg 717w, https:\/\/webs.uab.cat\/simposi\/wp-content\/uploads\/sites\/345\/2026\/04\/carlos-foto-3-210x300.jpg 210w, https:\/\/webs.uab.cat\/simposi\/wp-content\/uploads\/sites\/345\/2026\/04\/carlos-foto-3-768x1098.jpg 768w, https:\/\/webs.uab.cat\/simposi\/wp-content\/uploads\/sites\/345\/2026\/04\/carlos-foto-3-1075x1536.jpg 1075w, https:\/\/webs.uab.cat\/simposi\/wp-content\/uploads\/sites\/345\/2026\/04\/carlos-foto-3.jpg 1100w\" sizes=\"auto, (max-width: 717px) 100vw, 717px\" \/><\/figure><div class=\"wp-block-media-text__content\">\n<p><strong>Carlos&nbsp;Lopezosa&nbsp;Garc\u00eda&nbsp;<\/strong>es un destacado acad\u00e9mico y profesional especializado en periodismo, SEO (optimizaci\u00f3n para motores de b\u00fasqueda) y marketing digital.&nbsp;<\/p>\n\n\n\n<p>Actualmente trabaja en el Departamento de Biblioteconom\u00eda, Documentaci\u00f3n y Comunicaci\u00f3n Audiovisual de la&nbsp;Universitat&nbsp;de Barcelona, adscrito a la Facultad de Informaci\u00f3n y Medios Audiovisuales. <\/p>\n<\/div><\/div>\n\n\n\n<p>Es doctor en Comunicaci\u00f3n por la&nbsp;Universitat&nbsp;Pompeu Fabra y miembro del Centro de Investigaci\u00f3n en Informaci\u00f3n, Comunicaci\u00f3n y Cultura (CRICC) de la&nbsp;Universitat&nbsp;de Barcelona. Asimismo, es vocal de la Junta Directiva de la Sociedad Espa\u00f1ola de Documentaci\u00f3n e Informaci\u00f3n Cient\u00edfica.&nbsp;<\/p>\n\n\n\n<p>Su investigaci\u00f3n se centra en el an\u00e1lisis de la visibilidad de contenidos, el impacto de los algoritmos y el uso de la inteligencia artificial en el periodismo y la documentaci\u00f3n. Hasta la fecha, ha publicado m\u00e1s de 100 trabajos de los cuales m\u00e1s de 50 son en revistas indexadas sobre SEO en medios, Google News y&nbsp;Discover, curaci\u00f3n de contenidos y aplicaciones de la inteligencia artificial, acumulando m\u00e1s de 3000 citas en Google&nbsp;Scholar.&nbsp;<\/p>\n\n\n\n<p>Participa activamente en proyectos de investigaci\u00f3n y colabora con otros especialistas, contribuyendo al desarrollo de metodolog\u00edas y propuestas orientadas a mejorar el acceso a la informaci\u00f3n digital.&nbsp;<\/p>\n","protected":false},"excerpt":{"rendered":"<p>Inteligencia artificial y producci\u00f3n acad\u00e9mica: usos, \u00e9tica y desaf\u00edos La conferencia abordar\u00e1 la creciente integraci\u00f3n de la inteligencia artificial en los procesos de investigaci\u00f3n y escritura acad\u00e9mica, prestando especial atenci\u00f3n a sus principales aplicaciones, desde la generaci\u00f3n de textos hasta el apoyo en revisiones de literatura y an\u00e1lisis de datos.&nbsp;Asimismo, se examinar\u00e1n los problemas y [&hellip;]<\/p>\n","protected":false},"author":20,"featured_media":0,"parent":0,"menu_order":0,"comment_status":"closed","ping_status":"closed","template":"","meta":{"footnotes":""},"class_list":["post-135","page","type-page","status-publish","hentry"],"_links":{"self":[{"href":"https:\/\/webs.uab.cat\/simposi\/es\/wp-json\/wp\/v2\/pages\/135","targetHints":{"allow":["GET"]}}],"collection":[{"href":"https:\/\/webs.uab.cat\/simposi\/es\/wp-json\/wp\/v2\/pages"}],"about":[{"href":"https:\/\/webs.uab.cat\/simposi\/es\/wp-json\/wp\/v2\/types\/page"}],"author":[{"embeddable":true,"href":"https:\/\/webs.uab.cat\/simposi\/es\/wp-json\/wp\/v2\/users\/20"}],"replies":[{"embeddable":true,"href":"https:\/\/webs.uab.cat\/simposi\/es\/wp-json\/wp\/v2\/comments?post=135"}],"version-history":[{"count":37,"href":"https:\/\/webs.uab.cat\/simposi\/es\/wp-json\/wp\/v2\/pages\/135\/revisions"}],"predecessor-version":[{"id":1910,"href":"https:\/\/webs.uab.cat\/simposi\/es\/wp-json\/wp\/v2\/pages\/135\/revisions\/1910"}],"wp:attachment":[{"href":"https:\/\/webs.uab.cat\/simposi\/es\/wp-json\/wp\/v2\/media?parent=135"}],"curies":[{"name":"wp","href":"https:\/\/api.w.org\/{rel}","templated":true}]}}