{"id":152,"date":"2020-01-20T08:50:43","date_gmt":"2020-01-20T06:50:43","guid":{"rendered":"https:\/\/webs.uab.cat\/simposi\/comite-2019\/"},"modified":"2020-01-20T08:50:43","modified_gmt":"2020-01-20T06:50:43","slug":"comite-2019","status":"publish","type":"page","link":"https:\/\/webs.uab.cat\/simposi\/es\/comite-2019\/","title":{"rendered":"Comit\u00e9 2019"},"content":{"rendered":"<p><strong>Comit\u00e9 de direcci\u00f3n<\/strong>&nbsp;<\/p>\n<p>Dra. Gema Rubio Carbonero, Universitat Aut\u00f2noma de Barcelona<br \/>\nDra. Montserrat Franquesa Godia, Universitat Aut\u00f2noma de Barcelona<\/p>\n<p><strong>Comit\u00e9 organizador<\/strong><\/p>\n<p>Irene Hermosa Ram\u00edrez, Universitat Aut\u00f2noma de Barcelona<\/p>\n<p>Mar\u00eda Jim\u00e9nez Andr\u00e9s, Universitat Aut\u00f2noma de Barcelona<\/p>\n<p>Matteo Mandis,&nbsp;Universitat Aut\u00f2noma de Barcelona<\/p>\n<p>Daniel Segura Gim\u00e9nez, Universitat Aut\u00f2noma de Barcelona<\/p>\n<p>Wei Sun,&nbsp;Universitat Aut\u00f2noma de Barcelona<\/p>\n<p>Xinyu Zhang,&nbsp;Universitat Aut\u00f2noma de Barcelona<\/p>\n<p><strong>Comit\u00e9 cient\u00edfico<\/strong><\/p>\n<p>Dra. Merc\u00e8 Altimir, Universitat Aut\u00f2noma de Barcelona<\/p>\n<p>Dra. Marta Arum\u00ed, Universitat Aut\u00f2noma de Barcelona<\/p>\n<p>Dra. Montserrat Bacard\u00ed, Universitat Aut\u00f2noma de Barcelona<\/p>\n<p>Dra. Carme Bestu\u00e9 Salinas, Universitat Aut\u00f2noma de Barcelona<\/p>\n<p>Dr.Carles Biosca,&nbsp;Universitat Aut\u00f2noma de Barcelona<\/p>\n<p>Dra.Montserrat Cresp\u00edn,&nbsp;Universitat Aut\u00f2noma de Barcelona<\/p>\n<p>Dra. N\u00faria d&#8217;Asprer,&nbsp;Universitat Aut\u00f2noma de Barcelona<\/p>\n<p>Dr. Miquel Edo, Universitat Aut\u00f2noma de Barcelona<\/p>\n<p>Dra. Mar\u00eda Carmen Esp\u00edn Garc\u00eda, Universitat Aut\u00f2noma de Barcelona<\/p>\n<p>Dra. Montserrat Franquesa, Universitat Aut\u00f2noma de Barcelona<\/p>\n<p>Dra. Makiko Fukuda, Universitat Aut\u00f2noma de Barcelona<\/p>\n<p>Dra. Anabel Gal\u00e1n, Universitat Aut\u00f2noma de Barcelona<\/p>\n<p>Dra. Anna Gil-Bardaj\u00ed, Universitat Aut\u00f2noma de Barcelona<\/p>\n<p>Dra. Amparo Hurtado, Universitat Aut\u00f2noma de Barcelona<\/p>\n<p>Dra. Mihwa Jo Jeong, Universitat Aut\u00f2noma de Barcelona<\/p>\n<p>Dr. Artur Lozano, Universitat Aut\u00f2noma de Barcelona<\/p>\n<p>Dra. Carme Mangiron, Universitat Aut\u00f2noma de Barcelona<\/p>\n<p>Dr. Adri\u00e0 Mart\u00edn Mor, Universitat Aut\u00f2noma de Barcelona<\/p>\n<p>Dr. Jordi Mas, Universitat Aut\u00f2noma de Barcelona<\/p>\n<p>Dra. Anna Matamala, Universitat Aut\u00f2noma de Barcelona<\/p>\n<p>Dra. Luc\u00eda Molina, Universitat Aut\u00f2noma de Barcelona<\/p>\n<p>Dr. Antonio Paoliello, Universitat Aut\u00f2noma de Barcelona<\/p>\n<p>Dr. Gustavo Pita, Universitat Aut\u00f2noma de Barcelona<\/p>\n<p>Dra. Sara Rovira, Universitat Aut\u00f2noma de Barcelona<\/p>\n<p>Dra. Gema Rubio, Universitat Aut\u00f2noma de Barcelona<\/p>\n<p>Dra. Amelia Saiz, Universitat Aut\u00f2noma de Barcelona<\/p>\n<p>Dra. Pilar S\u00e1nchez, Universitat Aut\u00f2noma de Barcelona<\/p>\n<p>Dra. Laura Santamaria, Universitat Aut\u00f2noma de Barcelona<\/p>\n<p>Dra. Alba Serra-Vilella, Universitat Aut\u00f2noma de Barcelona<\/p>\n<p>Dra. Ayumi Shimoyoshi, Universitat Aut\u00f2noma de Barcelona<\/p>\n<p>Dra. Olga Torres, Universitat Aut\u00f2noma de Barcelona<\/p>\n<p>Dra. Mireia Vargas, Universitat Aut\u00f2noma de Barcelona<\/p>\n<p>Dr. Minkang Zhou, Universitat Aut\u00f2noma de Barcelona<\/p>\n","protected":false},"excerpt":{"rendered":"<p>Comit\u00e9 de direcci\u00f3n&nbsp; Dra. Gema Rubio Carbonero, Universitat Aut\u00f2noma de Barcelona Dra. Montserrat Franquesa Godia, Universitat Aut\u00f2noma de Barcelona Comit\u00e9 organizador Irene Hermosa Ram\u00edrez, Universitat Aut\u00f2noma de Barcelona Mar\u00eda Jim\u00e9nez Andr\u00e9s, Universitat Aut\u00f2noma de Barcelona Matteo Mandis,&nbsp;Universitat Aut\u00f2noma de Barcelona Daniel Segura Gim\u00e9nez, Universitat Aut\u00f2noma de Barcelona Wei Sun,&nbsp;Universitat Aut\u00f2noma de Barcelona Xinyu Zhang,&nbsp;Universitat Aut\u00f2noma [&hellip;]<\/p>\n","protected":false},"author":20,"featured_media":0,"parent":0,"menu_order":0,"comment_status":"closed","ping_status":"closed","template":"","meta":{"footnotes":""},"class_list":["post-152","page","type-page","status-publish","hentry"],"_links":{"self":[{"href":"https:\/\/webs.uab.cat\/simposi\/es\/wp-json\/wp\/v2\/pages\/152","targetHints":{"allow":["GET"]}}],"collection":[{"href":"https:\/\/webs.uab.cat\/simposi\/es\/wp-json\/wp\/v2\/pages"}],"about":[{"href":"https:\/\/webs.uab.cat\/simposi\/es\/wp-json\/wp\/v2\/types\/page"}],"author":[{"embeddable":true,"href":"https:\/\/webs.uab.cat\/simposi\/es\/wp-json\/wp\/v2\/users\/20"}],"replies":[{"embeddable":true,"href":"https:\/\/webs.uab.cat\/simposi\/es\/wp-json\/wp\/v2\/comments?post=152"}],"version-history":[{"count":0,"href":"https:\/\/webs.uab.cat\/simposi\/es\/wp-json\/wp\/v2\/pages\/152\/revisions"}],"wp:attachment":[{"href":"https:\/\/webs.uab.cat\/simposi\/es\/wp-json\/wp\/v2\/media?parent=152"}],"curies":[{"name":"wp","href":"https:\/\/api.w.org\/{rel}","templated":true}]}}