{"id":153,"date":"2020-01-20T08:31:25","date_gmt":"2020-01-20T06:31:25","guid":{"rendered":"https:\/\/webs.uab.cat\/simposi\/programa-2019-2\/"},"modified":"2020-01-20T08:52:34","modified_gmt":"2020-01-20T06:52:34","slug":"programa-2019-2","status":"publish","type":"page","link":"https:\/\/webs.uab.cat\/simposi\/es\/programa-2019-2\/","title":{"rendered":"Programa 2019"},"content":{"rendered":"<p>Ya se puede consultar aqu\u00ed el&nbsp;<a href=\"http:\/\/pagines.uab.cat\/simposi\/sites\/pagines.uab.cat.simposi\/files\/programa_2019.pdf\">programa final<\/a><\/p>\n<p>Tambi\u00e9n se puede consultar aqu\u00ed el&nbsp;<a href=\"http:\/\/pagines.uab.cat\/simposi\/sites\/pagines.uab.cat.simposi\/files\/book_of_abstracts.pdf\">libro de res\u00famenes<\/a>.<\/p>\n<p>&nbsp;<\/p>\n","protected":false},"excerpt":{"rendered":"<p>Ya se puede consultar aqu\u00ed el&nbsp;programa final Tambi\u00e9n se puede consultar aqu\u00ed el&nbsp;libro de res\u00famenes. &nbsp;<\/p>\n","protected":false},"author":20,"featured_media":0,"parent":0,"menu_order":0,"comment_status":"closed","ping_status":"closed","template":"","meta":{"footnotes":""},"class_list":["post-153","page","type-page","status-publish","hentry"],"_links":{"self":[{"href":"https:\/\/webs.uab.cat\/simposi\/es\/wp-json\/wp\/v2\/pages\/153","targetHints":{"allow":["GET"]}}],"collection":[{"href":"https:\/\/webs.uab.cat\/simposi\/es\/wp-json\/wp\/v2\/pages"}],"about":[{"href":"https:\/\/webs.uab.cat\/simposi\/es\/wp-json\/wp\/v2\/types\/page"}],"author":[{"embeddable":true,"href":"https:\/\/webs.uab.cat\/simposi\/es\/wp-json\/wp\/v2\/users\/20"}],"replies":[{"embeddable":true,"href":"https:\/\/webs.uab.cat\/simposi\/es\/wp-json\/wp\/v2\/comments?post=153"}],"version-history":[{"count":0,"href":"https:\/\/webs.uab.cat\/simposi\/es\/wp-json\/wp\/v2\/pages\/153\/revisions"}],"wp:attachment":[{"href":"https:\/\/webs.uab.cat\/simposi\/es\/wp-json\/wp\/v2\/media?parent=153"}],"curies":[{"name":"wp","href":"https:\/\/api.w.org\/{rel}","templated":true}]}}