{"id":1611,"date":"2026-02-23T10:51:08","date_gmt":"2026-02-23T08:51:08","guid":{"rendered":"https:\/\/webs.uab.cat\/simposi\/presentacio-2025\/"},"modified":"2026-02-23T10:52:59","modified_gmt":"2026-02-23T08:52:59","slug":"presentacio-2025","status":"publish","type":"page","link":"https:\/\/webs.uab.cat\/simposi\/es\/presentacio-2025\/","title":{"rendered":"Presentaci\u00f3n 2025"},"content":{"rendered":"\n<p>La Universidad Aut\u00f3noma de Barcelona, a trav\u00e9s del Departamento de Traducci\u00f3n, Interpretaci\u00f3n y Estudios de Asia Oriental, organiza el XV Simposio Internacional de Investigaci\u00f3n Joven en Traducci\u00f3n, Interpretaci\u00f3n, Estudios Interculturales y Estudios de Asia Oriental,&nbsp; que se celebrar\u00e1 el d\u00eda 11 de julio de 2025 en la Facultad de Traducci\u00f3n e Interpretaci\u00f3n, en el campus de Bellaterra.&nbsp;<\/p>\n\n\n\n<p>El simposio tiene como objetivo promover la reflexi\u00f3n, el estudio y la investigaci\u00f3n y ofrecer la oportunidad de presentar sus trabajos a j\u00f3venes investigadores.&nbsp;<\/p>\n\n\n\n<p>Las lenguas del congreso ser\u00e1n el catal\u00e1n, el castellano y el ingl\u00e9s.&nbsp;<\/p>\n\n\n\n<p>El simposio ser\u00e1 presencial.&nbsp;<\/p>\n","protected":false},"excerpt":{"rendered":"<p>La Universidad Aut\u00f3noma de Barcelona, a trav\u00e9s del Departamento de Traducci\u00f3n, Interpretaci\u00f3n y Estudios de Asia Oriental, organiza el XV Simposio Internacional de Investigaci\u00f3n Joven en Traducci\u00f3n, Interpretaci\u00f3n, Estudios Interculturales y Estudios de Asia Oriental,&nbsp; que se celebrar\u00e1 el d\u00eda 11 de julio de 2025 en la Facultad de Traducci\u00f3n e Interpretaci\u00f3n, en el campus [&hellip;]<\/p>\n","protected":false},"author":103,"featured_media":0,"parent":0,"menu_order":0,"comment_status":"closed","ping_status":"closed","template":"","meta":{"footnotes":""},"class_list":["post-1611","page","type-page","status-publish","hentry"],"_links":{"self":[{"href":"https:\/\/webs.uab.cat\/simposi\/es\/wp-json\/wp\/v2\/pages\/1611","targetHints":{"allow":["GET"]}}],"collection":[{"href":"https:\/\/webs.uab.cat\/simposi\/es\/wp-json\/wp\/v2\/pages"}],"about":[{"href":"https:\/\/webs.uab.cat\/simposi\/es\/wp-json\/wp\/v2\/types\/page"}],"author":[{"embeddable":true,"href":"https:\/\/webs.uab.cat\/simposi\/es\/wp-json\/wp\/v2\/users\/103"}],"replies":[{"embeddable":true,"href":"https:\/\/webs.uab.cat\/simposi\/es\/wp-json\/wp\/v2\/comments?post=1611"}],"version-history":[{"count":1,"href":"https:\/\/webs.uab.cat\/simposi\/es\/wp-json\/wp\/v2\/pages\/1611\/revisions"}],"predecessor-version":[{"id":1613,"href":"https:\/\/webs.uab.cat\/simposi\/es\/wp-json\/wp\/v2\/pages\/1611\/revisions\/1613"}],"wp:attachment":[{"href":"https:\/\/webs.uab.cat\/simposi\/es\/wp-json\/wp\/v2\/media?parent=1611"}],"curies":[{"name":"wp","href":"https:\/\/api.w.org\/{rel}","templated":true}]}}