{"id":179,"date":"2022-02-15T09:11:58","date_gmt":"2022-02-15T07:11:58","guid":{"rendered":"https:\/\/webs.uab.cat\/simposi\/conferencia-plenaria-4\/"},"modified":"2022-02-15T09:26:00","modified_gmt":"2022-02-15T07:26:00","slug":"conferencia-plenaria-4","status":"publish","type":"page","link":"https:\/\/webs.uab.cat\/simposi\/es\/conferencia-plenaria-4\/","title":{"rendered":"Conferencia plenaria"},"content":{"rendered":"<p>Este a\u00f1o la conferencia plenaria ir\u00e1 a cargo del profesor&nbsp;<a href=\"https:\/\/www.uam.es\/ss\/Satellite\/FilosofiayLetras\/es\/1242658464228\/1242658473329\/persona\/detallePDI\/Moreno_Cabrera,_Juan_Carlos.htm\" target=\"_blank\" rel=\"noopener\">Juan Carlos Moreno Cabrera<\/a>&nbsp;(catedr\u00e1tico jubilado de la Universidad Aut\u00f3noma de Madrid):<\/p>\n<p><strong>El supremacismo ling\u00fc\u00edstico en el mundo acad\u00e9mico<\/strong><br \/>\nLa pol\u00edtica acad\u00e9mica que obliga a que unas pocas lenguas, incluso una sola, se consideren como las \u00fanicas aceptables y prestigiosas en el mundo acad\u00e9mico se ve fundamentada de modo impl\u00edcito en una visi\u00f3n supremacista de las lenguas seg\u00fan la cual unos idiomas son m\u00e1s aptos o adecuados que otros para determinados fines. Esta visi\u00f3n, carente de justificaci\u00f3n ling\u00fc\u00edstica alguna, est\u00e1 directamente inspirada y regimentada por los procesos de imperialismo ling\u00fc\u00edstico que han ocasionado la hegemon\u00eda de unas pocas lenguas sobre otras, que han sido y siguen siendo desplazadas, marginadas y minorizadas. El objetivo de la conferencia es hacer consciente a la comunidad acad\u00e9mica de las conexiones profundas entre esa pol\u00edtica y esos procesos que pueden hacernos ver los aspectos ideol\u00f3gicos detr\u00e1s de la supuesta elecci\u00f3n libre de unas lenguas sobre otras por ser consideradas m\u00e1s cient\u00edfica o acad\u00e9micamente relevantes.<\/p>\n","protected":false},"excerpt":{"rendered":"<p>Este a\u00f1o la conferencia plenaria ir\u00e1 a cargo del profesor&nbsp;Juan Carlos Moreno Cabrera&nbsp;(catedr\u00e1tico jubilado de la Universidad Aut\u00f3noma de Madrid): El supremacismo ling\u00fc\u00edstico en el mundo acad\u00e9mico La pol\u00edtica acad\u00e9mica que obliga a que unas pocas lenguas, incluso una sola, se consideren como las \u00fanicas aceptables y prestigiosas en el mundo acad\u00e9mico se ve fundamentada [&hellip;]<\/p>\n","protected":false},"author":20,"featured_media":0,"parent":0,"menu_order":0,"comment_status":"closed","ping_status":"closed","template":"","meta":{"footnotes":""},"class_list":["post-179","page","type-page","status-publish","hentry"],"_links":{"self":[{"href":"https:\/\/webs.uab.cat\/simposi\/es\/wp-json\/wp\/v2\/pages\/179","targetHints":{"allow":["GET"]}}],"collection":[{"href":"https:\/\/webs.uab.cat\/simposi\/es\/wp-json\/wp\/v2\/pages"}],"about":[{"href":"https:\/\/webs.uab.cat\/simposi\/es\/wp-json\/wp\/v2\/types\/page"}],"author":[{"embeddable":true,"href":"https:\/\/webs.uab.cat\/simposi\/es\/wp-json\/wp\/v2\/users\/20"}],"replies":[{"embeddable":true,"href":"https:\/\/webs.uab.cat\/simposi\/es\/wp-json\/wp\/v2\/comments?post=179"}],"version-history":[{"count":0,"href":"https:\/\/webs.uab.cat\/simposi\/es\/wp-json\/wp\/v2\/pages\/179\/revisions"}],"wp:attachment":[{"href":"https:\/\/webs.uab.cat\/simposi\/es\/wp-json\/wp\/v2\/media?parent=179"}],"curies":[{"name":"wp","href":"https:\/\/api.w.org\/{rel}","templated":true}]}}