{"id":181,"date":"2022-02-15T09:13:02","date_gmt":"2022-02-15T07:13:02","guid":{"rendered":"https:\/\/webs.uab.cat\/simposi\/comite-4\/"},"modified":"2022-02-15T09:33:29","modified_gmt":"2022-02-15T07:33:29","slug":"comite-4","status":"publish","type":"page","link":"https:\/\/webs.uab.cat\/simposi\/es\/comite-4\/","title":{"rendered":"Comit\u00e9"},"content":{"rendered":"<p><strong>Comit\u00e9 de direcci\u00f3n<\/strong>&nbsp;<\/p>\n<p>Dr. Adri\u00e0 Mart\u00edn Mor, Universitat Aut\u00f2noma de Barcelona<br \/>\nDra. N\u00faria d&#8217;Asprer, Universitat Aut\u00f2noma de Barcelona<\/p>\n<p><strong>Comit\u00e9 organizador<\/strong><\/p>\n<p>Irene Hermosa, Universitat Aut\u00f2noma de Barcelona<br \/>\nKsenia&nbsp;Yakovleva,&nbsp;Universitat Aut\u00f2noma de Barcelona<br \/>\nLeian Du, Universitat Aut\u00f2noma de Barcelona<br \/>\nMar\u00eda&nbsp;Eugenia Larreina,&nbsp;Universitat Aut\u00f2noma de Barcelona<br \/>\nMarta Brescia, Universitat Aut\u00f2noma de Barcelona<br \/>\nMatteo Mandis, Universitat Aut\u00f2noma de Barcelona<br \/>\nShiguang Hong, Universitat Aut\u00f2noma de Barcelona<br \/>\nZhimeng Bai, Universitat Aut\u00f2noma de Barcelona<\/p>\n","protected":false},"excerpt":{"rendered":"<p>Comit\u00e9 de direcci\u00f3n&nbsp; Dr. Adri\u00e0 Mart\u00edn Mor, Universitat Aut\u00f2noma de Barcelona Dra. N\u00faria d&#8217;Asprer, Universitat Aut\u00f2noma de Barcelona Comit\u00e9 organizador Irene Hermosa, Universitat Aut\u00f2noma de Barcelona Ksenia&nbsp;Yakovleva,&nbsp;Universitat Aut\u00f2noma de Barcelona Leian Du, Universitat Aut\u00f2noma de Barcelona Mar\u00eda&nbsp;Eugenia Larreina,&nbsp;Universitat Aut\u00f2noma de Barcelona Marta Brescia, Universitat Aut\u00f2noma de Barcelona Matteo Mandis, Universitat Aut\u00f2noma de Barcelona Shiguang Hong, [&hellip;]<\/p>\n","protected":false},"author":20,"featured_media":0,"parent":0,"menu_order":0,"comment_status":"closed","ping_status":"closed","template":"","meta":{"footnotes":""},"class_list":["post-181","page","type-page","status-publish","hentry"],"_links":{"self":[{"href":"https:\/\/webs.uab.cat\/simposi\/es\/wp-json\/wp\/v2\/pages\/181","targetHints":{"allow":["GET"]}}],"collection":[{"href":"https:\/\/webs.uab.cat\/simposi\/es\/wp-json\/wp\/v2\/pages"}],"about":[{"href":"https:\/\/webs.uab.cat\/simposi\/es\/wp-json\/wp\/v2\/types\/page"}],"author":[{"embeddable":true,"href":"https:\/\/webs.uab.cat\/simposi\/es\/wp-json\/wp\/v2\/users\/20"}],"replies":[{"embeddable":true,"href":"https:\/\/webs.uab.cat\/simposi\/es\/wp-json\/wp\/v2\/comments?post=181"}],"version-history":[{"count":0,"href":"https:\/\/webs.uab.cat\/simposi\/es\/wp-json\/wp\/v2\/pages\/181\/revisions"}],"wp:attachment":[{"href":"https:\/\/webs.uab.cat\/simposi\/es\/wp-json\/wp\/v2\/media?parent=181"}],"curies":[{"name":"wp","href":"https:\/\/api.w.org\/{rel}","templated":true}]}}