{"id":193,"date":"2023-01-19T13:14:14","date_gmt":"2023-01-19T11:14:14","guid":{"rendered":"https:\/\/webs.uab.cat\/simposi\/presentacion-2022\/"},"modified":"2023-01-19T13:14:14","modified_gmt":"2023-01-19T11:14:14","slug":"presentacion-2022","status":"publish","type":"page","link":"https:\/\/webs.uab.cat\/simposi\/es\/presentacion-2022\/","title":{"rendered":"Presentaci\u00f3n 2022"},"content":{"rendered":"<p>El&nbsp;<a href=\"https:\/\/pagines.uab.cat\/simposi\/\">XI Simposio Internacional de Investigaci\u00f3n Joven en Traducci\u00f3n, Interpretaci\u00f3n, Estudios Interculturales y Estudios de Asia Oriental<\/a>&nbsp;se celebrar\u00e1 el d\u00eda 1&nbsp;de julio de 2022 de forma presencial.&nbsp;<\/p>\n<p>Este simposio va dirigido a estudiantes de m\u00e1ster y de doctorado, o a personas que, despu\u00e9s del doctorado, hayan iniciado su carrera en el \u00e1mbito de la investigaci\u00f3n. El objetivo b\u00e1sico del simposio es ofrecerles un espacio para el intercambio de ideas, un foro de encuentro donde presentar la investigaci\u00f3n que est\u00e1n llevando a cabo en el \u00e1mbito de la traducci\u00f3n, la interpretaci\u00f3n, los estudios interculturales o los estudios de Asia Oriental.<\/p>\n<p>Se valorar\u00e1n especialmente las ponencias relacionadas con las l\u00edneas de investigaci\u00f3n del Departament de Traducci\u00f3 i d&#8217;Interpretaci\u00f3 i d&#8217;Estudis de l&#8217;\u00c0sia Oriental de la UAB:<\/p>\n<p><strong><em>Traducci\u00f3n e interpretaci\u00f3n<\/em><\/strong><\/p>\n<ol>\n<li>Traducci\u00f3n de textos especializados.<\/li>\n<li>Traducci\u00f3n de textos literarios.<\/li>\n<li>Traducci\u00f3n audiovisual y accesibilidad en los medios de comunicaci\u00f3n.<\/li>\n<li>Interpretaci\u00f3n.<\/li>\n<li>Tradum\u00e1tica. TICs aplicadas a la traducci\u00f3n.<\/li>\n<li>Formaci\u00f3n en traducci\u00f3n e interpretaci\u00f3n.<\/li>\n<li>Historia de la traducci\u00f3n y la interpretaci\u00f3n.<\/li>\n<li>Interculturalidad, ideolog\u00eda y sociolog\u00eda de la traducci\u00f3n y la interpretaci\u00f3n.<\/li>\n<li>Textualidad y traducci\u00f3n.<\/li>\n<li>Cognici\u00f3n en traducci\u00f3n e interpretaci\u00f3n.<\/li>\n<li>Aspectos profesionales y laborales de la traducci\u00f3n y la interpretaci\u00f3n.<\/li>\n<li>Aplicaci\u00f3n de la metodolog\u00eda emp\u00edrica a la investigaci\u00f3n sobre traducci\u00f3n e interpretaci\u00f3n.<\/li>\n<\/ol>\n<p><strong><em>Estudios de Asia oriental<\/em><\/strong><\/p>\n<ol>\n<li>Lengua y literatura de Asia oriental.<\/li>\n<li>Pol\u00edtica y relaciones internacionales de Asia oriental.<\/li>\n<li>Sociedad de Asia oriental.<\/li>\n<li>Cultura, pensamiento e interculturalidad de Asia oriental.<\/li>\n<li>Econom\u00eda de Asia oriental.<\/li>\n<\/ol>\n<p>El simposio ser\u00e1 presencial.<\/p>\n<p>Los idiomas del simposio ser\u00e1n: catal\u00e1n, castellano e ingl\u00e9s.<\/p>\n<p>La duraci\u00f3n de las comunicaciones no deber\u00e1 superar los diez minutos, a fin de disponer de tiempo suficiente para las preguntas y comentarios del p\u00fablico.<\/p>\n<p>No se publicar\u00e1n actas. Se expedir\u00e1 un certificado a quienes se inscriban y asistan al simposio y un segundo certificado a quienes presenten comunicaci\u00f3n.<\/p>\n","protected":false},"excerpt":{"rendered":"<p>El&nbsp;XI Simposio Internacional de Investigaci\u00f3n Joven en Traducci\u00f3n, Interpretaci\u00f3n, Estudios Interculturales y Estudios de Asia Oriental&nbsp;se celebrar\u00e1 el d\u00eda 1&nbsp;de julio de 2022 de forma presencial.&nbsp; Este simposio va dirigido a estudiantes de m\u00e1ster y de doctorado, o a personas que, despu\u00e9s del doctorado, hayan iniciado su carrera en el \u00e1mbito de la investigaci\u00f3n. El [&hellip;]<\/p>\n","protected":false},"author":20,"featured_media":0,"parent":0,"menu_order":0,"comment_status":"closed","ping_status":"closed","template":"","meta":{"footnotes":""},"class_list":["post-193","page","type-page","status-publish","hentry"],"_links":{"self":[{"href":"https:\/\/webs.uab.cat\/simposi\/es\/wp-json\/wp\/v2\/pages\/193","targetHints":{"allow":["GET"]}}],"collection":[{"href":"https:\/\/webs.uab.cat\/simposi\/es\/wp-json\/wp\/v2\/pages"}],"about":[{"href":"https:\/\/webs.uab.cat\/simposi\/es\/wp-json\/wp\/v2\/types\/page"}],"author":[{"embeddable":true,"href":"https:\/\/webs.uab.cat\/simposi\/es\/wp-json\/wp\/v2\/users\/20"}],"replies":[{"embeddable":true,"href":"https:\/\/webs.uab.cat\/simposi\/es\/wp-json\/wp\/v2\/comments?post=193"}],"version-history":[{"count":0,"href":"https:\/\/webs.uab.cat\/simposi\/es\/wp-json\/wp\/v2\/pages\/193\/revisions"}],"wp:attachment":[{"href":"https:\/\/webs.uab.cat\/simposi\/es\/wp-json\/wp\/v2\/media?parent=193"}],"curies":[{"name":"wp","href":"https:\/\/api.w.org\/{rel}","templated":true}]}}