{"id":49,"date":"2015-11-30T12:11:42","date_gmt":"2015-11-30T10:11:42","guid":{"rendered":"https:\/\/webs.uab.cat\/simposi\/comite-organizador-y-cientifico-2016\/"},"modified":"2015-11-30T12:11:42","modified_gmt":"2015-11-30T10:11:42","slug":"comite-organizador-y-cientifico-2016","status":"publish","type":"page","link":"https:\/\/webs.uab.cat\/simposi\/es\/comite-organizador-y-cientifico-2016\/","title":{"rendered":"Comit\u00e9 organizador y cient\u00edfico 2016"},"content":{"rendered":"<p><strong>Comit\u00e9 de direcci\u00f3n<\/strong><br \/>Dr. Artur Lozano, Universitat Aut\u00f2noma de Barcelona<br \/>Dra. Lupe Romero, Universitat Aut\u00f2noma de Barcelona<br \/>Alba Serra, Universitat Aut\u00f2noma de Barcelona<\/p>\n<p><strong>Comit\u00e9 organizador<\/strong><br \/>Lara Estany, Universitat Aut\u00f2noma de Barcelona<br \/>Tom\u00e1s Grau, Universitat Aut\u00f2noma de Barcelona<br \/>Alberto Mart\u00ednez, Universitat Aut\u00f2noma de Barcelona<br \/>Pep Sanz, Universitat Aut\u00f2noma de Barcelona<\/p>\n<p><strong>Comit\u00e9 cient\u00edfico<\/strong><br \/>Dra. Marta Arum\u00ed, Universitat Aut\u00f2noma de Barcelona<br \/>Dra. Montserrat Bacard\u00ed, Universitat Aut\u00f2noma de Barcelona<br \/>Dra. Carme Bestu\u00e9, Universitat Aut\u00f2noma de Barcelona<br \/>Dra. Montserrat Cresp\u00edn, Universitat Aut\u00f2noma de Barcelona<br \/>Dr. Miquel Edo, Universitat Aut\u00f2noma de Barcelona<br \/>Dra. Anabel Gal\u00e1n, Universitat Aut\u00f2noma de Barcelona<br \/>Dra. Anna Gil-Bardaj\u00ed, Universitat Aut\u00f2noma de Barcelona<br \/>Dr. Blai Guarn\u00e9, Universitat Aut\u00f2noma de Barcelona<br \/>Dra. Amparo Hurtado, Universitat Aut\u00f2noma de Barcelona<br \/>Dra. Inna Kozlova, Universitat Aut\u00f2noma de Barcelona<br \/>Dra. Patricia Lopez, Universitat Aut\u00f2noma de Barcelona<br \/>Dr. Artur Lozano, Universitat Aut\u00f2noma de Barcelona<br \/>Dra. Carme Mangiron, Universitat Aut\u00f2noma de Barcelona<br \/>Dr. Jordi Mas, Universitat Aut\u00f2noma de Barcelona<br \/>Dra. Anna Matamala, Universitat Aut\u00f2noma de Barcelona<br \/>Dra. Luc\u00eda Molina, Universitat Aut\u00f2noma de Barcelona<br \/>Dra. Marisa Presas, Universitat Aut\u00f2noma de Barcelona<br \/>Dra. Mar\u00eda Teresa Rodr\u00edguez, Universitat Aut\u00f2noma de Barcelona<br \/>Dra. Lupe Romero, Universitat Aut\u00f2noma de Barcelona<br \/>Dra. Amelia S\u00e1iz, Universitat Aut\u00f2noma de Barcelona<br \/>Dra. Pilar S\u00e1nchez-Gij\u00f3n, Universitat Aut\u00f2noma de Barcelona<br \/>Dra. Olga Torres, Universitat Aut\u00f2noma de Barcelona<\/p>\n","protected":false},"excerpt":{"rendered":"<p>Comit\u00e9 de direcci\u00f3nDr. Artur Lozano, Universitat Aut\u00f2noma de BarcelonaDra. Lupe Romero, Universitat Aut\u00f2noma de BarcelonaAlba Serra, Universitat Aut\u00f2noma de Barcelona Comit\u00e9 organizadorLara Estany, Universitat Aut\u00f2noma de BarcelonaTom\u00e1s Grau, Universitat Aut\u00f2noma de BarcelonaAlberto Mart\u00ednez, Universitat Aut\u00f2noma de BarcelonaPep Sanz, Universitat Aut\u00f2noma de Barcelona Comit\u00e9 cient\u00edficoDra. Marta Arum\u00ed, Universitat Aut\u00f2noma de BarcelonaDra. Montserrat Bacard\u00ed, Universitat Aut\u00f2noma de [&hellip;]<\/p>\n","protected":false},"author":20,"featured_media":0,"parent":0,"menu_order":0,"comment_status":"closed","ping_status":"closed","template":"","meta":{"footnotes":""},"class_list":["post-49","page","type-page","status-publish","hentry"],"_links":{"self":[{"href":"https:\/\/webs.uab.cat\/simposi\/es\/wp-json\/wp\/v2\/pages\/49","targetHints":{"allow":["GET"]}}],"collection":[{"href":"https:\/\/webs.uab.cat\/simposi\/es\/wp-json\/wp\/v2\/pages"}],"about":[{"href":"https:\/\/webs.uab.cat\/simposi\/es\/wp-json\/wp\/v2\/types\/page"}],"author":[{"embeddable":true,"href":"https:\/\/webs.uab.cat\/simposi\/es\/wp-json\/wp\/v2\/users\/20"}],"replies":[{"embeddable":true,"href":"https:\/\/webs.uab.cat\/simposi\/es\/wp-json\/wp\/v2\/comments?post=49"}],"version-history":[{"count":0,"href":"https:\/\/webs.uab.cat\/simposi\/es\/wp-json\/wp\/v2\/pages\/49\/revisions"}],"wp:attachment":[{"href":"https:\/\/webs.uab.cat\/simposi\/es\/wp-json\/wp\/v2\/media?parent=49"}],"curies":[{"name":"wp","href":"https:\/\/api.w.org\/{rel}","templated":true}]}}