{"id":65,"date":"2016-01-25T10:20:51","date_gmt":"2016-01-25T08:20:51","guid":{"rendered":"https:\/\/webs.uab.cat\/simposi\/inscripcion\/"},"modified":"2026-04-07T12:04:42","modified_gmt":"2026-04-07T10:04:42","slug":"inscripcion","status":"publish","type":"page","link":"https:\/\/webs.uab.cat\/simposi\/es\/inscripcion\/","title":{"rendered":"Inscripci\u00f3n"},"content":{"rendered":"<h3>Forma de pago e inscripci\u00f3n<\/h3>\n<ol>\n<li>Transferencia bancaria a la siguiente cuenta:<strong><br \/>\n<strong>ES48 0182 6035 4202 0161 0323<br \/>\n<\/strong><\/strong>\u2022 Nombre de la cuenta: <strong>Universitat Aut\u00f2noma de Barcelona <\/strong><br \/>\n\u2022 Direcci\u00f3n de la cuenta: <strong>C. Pintor Sorolla, 2-4. 46002 Val\u00e8ncia<\/strong><br \/>\n\u2022 N\u00famero IBAN: <strong>ES48 0182 6035 4202 0161 0323<\/strong><br \/>\n\u2022 SWIFT: <strong> BBVAESMMXXX<\/strong><br \/>\n\u2022 Entidad bancaria: <strong> BBVA<\/strong><br \/>\n\u2022 Direcci\u00f3n del beneficiario: <strong>CAMPUS UAB, EDIFICI RECTORAT, 08193 BELLATERRA (CERDANYOLA DEL VALL\u00c8S)<\/strong>* <strong><em>Importante:<\/em><\/strong><em> Como concepto de la transferencia deber\u00e1 constar el nombre y apellido del asistente, junto con el c\u00f3digo <strong>16<em>thSYM<\/em><\/strong><\/em>.<br \/>\n* <em>Los gastos derivados de la transferencia correr\u00e1n a cargo del asistente al congreso.<\/em><\/li>\n<li>Una vez realizada la transferencia, es necesario rellenar y enviar el <a href=\"https:\/\/webs.uab.cat\/simposi\/formulari-inscripcio\/\"><strong>formulario de inscripci\u00f3n<\/strong><\/a><\/li>\n<\/ol>\n<h3>Precios y plazos de inscripci\u00f3n<\/h3>\n<p><strong>Ponentes y participantes:<\/strong><br \/>\n\u2022 Inscripci\u00f3n hasta el 12 de junio de 2026: <strong>50\u20ac<\/strong><br \/>\n\u2022 Inscripci\u00f3n despu\u00e9s del 12 de junio de 2026: <strong>75\u20ac<\/strong><\/p>\n<p>Nota: los estudiantes y PDI del Departamento de Traducci\u00f3n e Interpretaci\u00f3n y de Estudios de Asia Oriental de la UAB y todos los que est\u00e1n matriculados en la <a href=\"https:\/\/webs.uab.cat\/escola-doctorat\/es\/\">Escuela de Verano<\/a> tienen la <strong>inscripci\u00f3n gratuita<\/strong>, pero deber\u00e1n formalizarla igualmente dentro del plazo establecido.<\/p>\n<p><strong>Fecha l\u00edmite<\/strong> de inscripci\u00f3n y pago: <strong>30 de junio de 2026<\/strong>.<\/p>\n","protected":false},"excerpt":{"rendered":"<p>Forma de pago e inscripci\u00f3n Transferencia bancaria a la siguiente cuenta: ES48 0182 6035 4202 0161 0323 \u2022 Nombre de la cuenta: Universitat Aut\u00f2noma de Barcelona \u2022 Direcci\u00f3n de la cuenta: C. Pintor Sorolla, 2-4. 46002 Val\u00e8ncia \u2022 N\u00famero IBAN: ES48 0182 6035 4202 0161 0323 \u2022 SWIFT: BBVAESMMXXX \u2022 Entidad bancaria: BBVA \u2022 Direcci\u00f3n [&hellip;]<\/p>\n","protected":false},"author":20,"featured_media":0,"parent":0,"menu_order":0,"comment_status":"closed","ping_status":"closed","template":"","meta":{"footnotes":""},"class_list":["post-65","page","type-page","status-publish","hentry"],"_links":{"self":[{"href":"https:\/\/webs.uab.cat\/simposi\/es\/wp-json\/wp\/v2\/pages\/65","targetHints":{"allow":["GET"]}}],"collection":[{"href":"https:\/\/webs.uab.cat\/simposi\/es\/wp-json\/wp\/v2\/pages"}],"about":[{"href":"https:\/\/webs.uab.cat\/simposi\/es\/wp-json\/wp\/v2\/types\/page"}],"author":[{"embeddable":true,"href":"https:\/\/webs.uab.cat\/simposi\/es\/wp-json\/wp\/v2\/users\/20"}],"replies":[{"embeddable":true,"href":"https:\/\/webs.uab.cat\/simposi\/es\/wp-json\/wp\/v2\/comments?post=65"}],"version-history":[{"count":14,"href":"https:\/\/webs.uab.cat\/simposi\/es\/wp-json\/wp\/v2\/pages\/65\/revisions"}],"predecessor-version":[{"id":1804,"href":"https:\/\/webs.uab.cat\/simposi\/es\/wp-json\/wp\/v2\/pages\/65\/revisions\/1804"}],"wp:attachment":[{"href":"https:\/\/webs.uab.cat\/simposi\/es\/wp-json\/wp\/v2\/media?parent=65"}],"curies":[{"name":"wp","href":"https:\/\/api.w.org\/{rel}","templated":true}]}}