{"id":654,"date":"2024-02-02T11:13:14","date_gmt":"2024-02-02T09:13:14","guid":{"rendered":"https:\/\/webs.uab.cat\/simposi\/comite-2023\/"},"modified":"2024-02-05T10:38:26","modified_gmt":"2024-02-05T08:38:26","slug":"comite-2023","status":"publish","type":"page","link":"https:\/\/webs.uab.cat\/simposi\/es\/comite-2023\/","title":{"rendered":"Comit\u00e9 2023"},"content":{"rendered":"\n<p><strong>Comit\u00e9 de direcci\u00f3n<\/strong><\/p>\n\n\n\n<p>Dra Sof\u00eda Garc\u00eda-Beyaert, Universitat Aut\u00f2noma de Barcelona<br>Dr. Antonio Paoliello, Universitat Aut\u00f2noma de Barcelona<\/p>\n\n\n\n<p><strong>Comit\u00e9 organizador<\/strong><br>\u00c0ngel Castell\u00f3, Universitat Aut\u00f2noma de Barcelona<\/p>\n\n\n\n<p>Oscar Garc\u00eda, Universitat Aut\u00f2noma de Barcelona<br>Lourdes Gay, Universitat Aut\u00f2noma de Barcelona<\/p>\n\n\n\n<p>Marc Miranda, Universitat Aut\u00f2noma de Barcelona<br>Miguel \u00c1ngel Oliva, Universitat Aut\u00f2noma de Barcelona<\/p>\n\n\n\n<p><strong>Comit\u00e9 Cient\u00edfico<\/strong><\/p>\n\n\n\n<p>Dr. Nazir Ahmed, Universitat Aut\u00f2noma de Barcelona&nbsp;<\/p>\n\n\n\n<p>Dra. Marta Arum\u00ed, Universitat Aut\u00f2noma de Barcelona&nbsp;<\/p>\n\n\n\n<p>Dr. Joaqu\u00edn Beltr\u00e1n, Universitat Aut\u00f2noma de Barcelona&nbsp;<\/p>\n\n\n\n<p>Dr. Mar\u00eda Carmen Esp\u00edn, Universitat Aut\u00f2noma de Barcelona&nbsp;<\/p>\n\n\n\n<p>Dr. Francesc Galera, Universitat Aut\u00f2noma de Barcelona&nbsp;<\/p>\n\n\n\n<p>Dra. Sof\u00eda Garc\u00eda-Beyaert, Universitat Aut\u00f2noma de Barcelona&nbsp;<\/p>\n\n\n\n<p>Dr. Eduardo Gonz\u00e1lez, Universitat Aut\u00f2noma de Barcelona&nbsp;<\/p>\n\n\n\n<p>Dra. Amparo Hurtado, Universitat Aut\u00f2noma de Barcelona&nbsp;<\/p>\n\n\n\n<p>Dr. Gonzalo Iturregui, Universitat Aut\u00f2noma de Barcelona&nbsp;<\/p>\n\n\n\n<p>Dr. Artur Lozano M\u00e9ndez, Universitat Aut\u00f2noma de Barcelona&nbsp;<\/p>\n\n\n\n<p>Dra. Carme Mangiron, Universitat Aut\u00f2noma de Barcelona&nbsp;<\/p>\n\n\n\n<p>Dra. Luc\u00eda Molina, Universitat Aut\u00f2noma de Barcelona&nbsp;<\/p>\n\n\n\n<p>Dra. Liudmila Navtanovich, Universitat Aut\u00f2noma de Barcelona&nbsp;<\/p>\n\n\n\n<p>Dra. Estel\u00b7la Oncins, Universitat Aut\u00f2noma de Barcelona&nbsp;<\/p>\n\n\n\n<p>Dr. Antonio Paoliello, Universitat Aut\u00f2noma de Barcelona&nbsp;<\/p>\n\n\n\n<p>Dra. Sara Rovira Esteva, Universitat Aut\u00f2noma de Barcelona&nbsp;<\/p>\n\n\n\n<p>Dra. Amelia S\u00e1iz, Universitat Aut\u00f2noma de Barcelona&nbsp;<\/p>\n\n\n\n<p>Dra. Pilar S\u00e1nchez-Gij\u00f3n, Universitat Aut\u00f2noma de Barcelona&nbsp;<\/p>\n\n\n\n<p>Dra. Olga Torres Hostench, Universitat Aut\u00f2noma de Barcelona&nbsp;<\/p>\n\n\n\n<p>Dra. Mireia Vargas, Universitat Aut\u00f2noma de Barcelona&nbsp;<\/p>\n\n\n\n<p>Mar\u00eda Eugenia Larreina, Universitat Aut\u00f2noma de Barcelona&nbsp;<\/p>\n","protected":false},"excerpt":{"rendered":"<p>Comit\u00e9 de direcci\u00f3n Dra Sof\u00eda Garc\u00eda-Beyaert, Universitat Aut\u00f2noma de BarcelonaDr. Antonio Paoliello, Universitat Aut\u00f2noma de Barcelona Comit\u00e9 organizador\u00c0ngel Castell\u00f3, Universitat Aut\u00f2noma de Barcelona Oscar Garc\u00eda, Universitat Aut\u00f2noma de BarcelonaLourdes Gay, Universitat Aut\u00f2noma de Barcelona Marc Miranda, Universitat Aut\u00f2noma de BarcelonaMiguel \u00c1ngel Oliva, Universitat Aut\u00f2noma de Barcelona Comit\u00e9 Cient\u00edfico Dr. Nazir Ahmed, Universitat Aut\u00f2noma de Barcelona&nbsp; [&hellip;]<\/p>\n","protected":false},"author":103,"featured_media":0,"parent":0,"menu_order":0,"comment_status":"closed","ping_status":"closed","template":"","meta":{"footnotes":""},"class_list":["post-654","page","type-page","status-publish","hentry"],"_links":{"self":[{"href":"https:\/\/webs.uab.cat\/simposi\/es\/wp-json\/wp\/v2\/pages\/654","targetHints":{"allow":["GET"]}}],"collection":[{"href":"https:\/\/webs.uab.cat\/simposi\/es\/wp-json\/wp\/v2\/pages"}],"about":[{"href":"https:\/\/webs.uab.cat\/simposi\/es\/wp-json\/wp\/v2\/types\/page"}],"author":[{"embeddable":true,"href":"https:\/\/webs.uab.cat\/simposi\/es\/wp-json\/wp\/v2\/users\/103"}],"replies":[{"embeddable":true,"href":"https:\/\/webs.uab.cat\/simposi\/es\/wp-json\/wp\/v2\/comments?post=654"}],"version-history":[{"count":2,"href":"https:\/\/webs.uab.cat\/simposi\/es\/wp-json\/wp\/v2\/pages\/654\/revisions"}],"predecessor-version":[{"id":696,"href":"https:\/\/webs.uab.cat\/simposi\/es\/wp-json\/wp\/v2\/pages\/654\/revisions\/696"}],"wp:attachment":[{"href":"https:\/\/webs.uab.cat\/simposi\/es\/wp-json\/wp\/v2\/media?parent=654"}],"curies":[{"name":"wp","href":"https:\/\/api.w.org\/{rel}","templated":true}]}}