{"id":71,"date":"2016-04-05T15:17:11","date_gmt":"2016-04-05T13:17:11","guid":{"rendered":"https:\/\/webs.uab.cat\/simposi\/como-llegar-la-uab\/"},"modified":"2026-04-07T11:29:13","modified_gmt":"2026-04-07T09:29:13","slug":"como-llegar-la-uab","status":"publish","type":"page","link":"https:\/\/webs.uab.cat\/simposi\/es\/como-llegar-la-uab\/","title":{"rendered":"C\u00f3mo llegar a la UAB"},"content":{"rendered":"<p><strong>Desde el aeropuerto,\u00a0<\/strong>tienes que llegar antes a Barcelona, y de all\u00ed tomar un tren que lleve a la Universidad<strong>\u00a0<\/strong>(UAB).<\/p>\n<p><strong><span style=\"text-decoration: underline\">AEROPUERTO &#8211; BARCELONA<\/span><\/strong><\/p>\n<p>Hay varias opciones de transporte:<\/p>\n<ul>\n<li>El\u00a0<a class=\"textes\" href=\"https:\/\/aerobusbarcelona.es\/\" target=\"_blank\" rel=\"noopener\"><strong>Aerob\u00fas<\/strong><\/a> (7,75 \u20ac) sale cada diez minutos de ambas terminales y hace parada en Pla\u00e7a Espanya, Gran Via &#8211; Borrell, Pla\u00e7a Universitat y finalmente en Pla\u00e7a Catalunya.<\/li>\n<li>Cercan\u00edas de <a class=\"textes\" href=\"https:\/\/www.aeropuertobarcelona-elprat.com\/cast\/accesos-aeropuerto-tren-4010.htm\" target=\"_blank\" rel=\"noopener\"><strong>Renfe<\/strong><\/a> sale de la Terminal 2 y tiene una parada en Sants Estaci\u00f3.<\/li>\n<li><a href=\"https:\/\/www.tmb.cat\/es\/barcelona\/metro\/-\/lineametro\/L9S\"><strong>Metro L9 &#8211; Sud<\/strong><\/a> (direcci\u00f3n Zona Universit\u00e0ria) y transbordo a la L1 en Torrassa (direcci\u00f3n Fondo) para llegar a Pla\u00e7a Catalunya.<\/li>\n<\/ul>\n<p><span style=\"text-decoration: underline\"><strong>BARCELONA &#8211; UNIVERSITAT AUT\u00d2NOMA DE BARCELONA<\/strong><\/span><\/p>\n<p>Una vez en Barcelona, toma los<strong>\u00a0Ferrocarrils de la Generalitat de Catalunya (FGC)<\/strong>. La l\u00ednea S2\u00a0 te lleva hasta la parada \u2018Universitat Aut\u00f2noma\u2019. El trayecto es de unos 35 minutos y los trenes salen cada 10 minutos, aproximadamente. Las estaciones de FGC en Barcelona son Pla\u00e7a Catalunya, Proven\u00e7a, Gr\u00e0cia, Sant Gervasi, Muntaner, La Bonanova, Les Tres Torres i Sarri\u00e0. Por favor comprueba horarios, estaciones y mapas en la p\u00e1gina web de\u00a0<a class=\"textes\" href=\"https:\/\/www.fgc.cat\/es\/\" target=\"_blank\" rel=\"noopener\"><strong>FGC<\/strong><\/a>.<\/p>\n<p>Si llegas a la ciudad a trav\u00e9s de la estaci\u00f3n de trenes de Sants Estaci\u00f3, puedes tomar la L\u00ednea 5 del metro hasta Proven\u00e7a y all\u00ed conectar con FGC.<\/p>\n<p>Una vez en la parada de \u2018Universitat Aut\u00f3noma\u2019, abandona el and\u00e9n por su extremo izquierdo. Tras cruzar un puente, un camino serpenteante en subida te llevar\u00e1 hasta la Facultad de Traducci\u00f3n e Interpretaci\u00f3n.<\/p>\n<p>La l\u00ednea R7 de\u00a0<strong>Renfe\u00a0<\/strong>tiene una parada en \u2018Cerdanyola Universitat\u2019. Esta es una buena opci\u00f3n si est\u00e1s cerca de la estaci\u00f3n de trenes de Sant Andreu Arenal y de la estaci\u00f3n de metro de Fabra i Puig. Los trenes salen cada 30 minutos y el viaje dura unos 20 minutos. Una vez en la estaci\u00f3n, tendr\u00e1s que tomar un autob\u00fas gratuito que conecta la estaci\u00f3n con los diferentes edificios y \u00e1reas del campus. El autob\u00fas L1 te dejar\u00e1 cerca de la Facultad de Traducci\u00f3n. P\u00eddele al conductor que te indique cu\u00e1l es tu parada.<\/p>\n<p><strong>En coche,<\/strong>\u00a0el trayecto desde Barcelona dura unos 25 minutos. En\u00a0<strong>taxi<\/strong>, el coste es de unos 45-50 \u20ac.<\/p>\n<p>Para m\u00e1s informaci\u00f3n y direcciones, puedes consultar la secci\u00f3n de \u2018<a class=\"textes\" href=\"https:\/\/www.uab.cat\/web\/movilidad-y-transportes-1345796323392.html\" target=\"_blank\" rel=\"noopener\"><strong>Movilidad y Transportes<\/strong><\/a>\u2019 de la UAB o el servicio UAB Campus de Google.<\/p>\n","protected":false},"excerpt":{"rendered":"<p>Desde el aeropuerto,\u00a0tienes que llegar antes a Barcelona, y de all\u00ed tomar un tren que lleve a la Universidad\u00a0(UAB). AEROPUERTO &#8211; BARCELONA Hay varias opciones de transporte: El\u00a0Aerob\u00fas (7,75 \u20ac) sale cada diez minutos de ambas terminales y hace parada en Pla\u00e7a Espanya, Gran Via &#8211; Borrell, Pla\u00e7a Universitat y finalmente en Pla\u00e7a Catalunya. Cercan\u00edas [&hellip;]<\/p>\n","protected":false},"author":20,"featured_media":0,"parent":0,"menu_order":0,"comment_status":"closed","ping_status":"closed","template":"","meta":{"footnotes":""},"class_list":["post-71","page","type-page","status-publish","hentry"],"_links":{"self":[{"href":"https:\/\/webs.uab.cat\/simposi\/es\/wp-json\/wp\/v2\/pages\/71","targetHints":{"allow":["GET"]}}],"collection":[{"href":"https:\/\/webs.uab.cat\/simposi\/es\/wp-json\/wp\/v2\/pages"}],"about":[{"href":"https:\/\/webs.uab.cat\/simposi\/es\/wp-json\/wp\/v2\/types\/page"}],"author":[{"embeddable":true,"href":"https:\/\/webs.uab.cat\/simposi\/es\/wp-json\/wp\/v2\/users\/20"}],"replies":[{"embeddable":true,"href":"https:\/\/webs.uab.cat\/simposi\/es\/wp-json\/wp\/v2\/comments?post=71"}],"version-history":[{"count":3,"href":"https:\/\/webs.uab.cat\/simposi\/es\/wp-json\/wp\/v2\/pages\/71\/revisions"}],"predecessor-version":[{"id":1783,"href":"https:\/\/webs.uab.cat\/simposi\/es\/wp-json\/wp\/v2\/pages\/71\/revisions\/1783"}],"wp:attachment":[{"href":"https:\/\/webs.uab.cat\/simposi\/es\/wp-json\/wp\/v2\/media?parent=71"}],"curies":[{"name":"wp","href":"https:\/\/api.w.org\/{rel}","templated":true}]}}