{"id":73,"date":"2016-04-05T15:19:57","date_gmt":"2016-04-05T13:19:57","guid":{"rendered":"https:\/\/webs.uab.cat\/simposi\/mapas\/"},"modified":"2024-05-02T13:09:01","modified_gmt":"2024-05-02T11:09:01","slug":"mapas","status":"publish","type":"page","link":"https:\/\/webs.uab.cat\/simposi\/es\/mapas\/","title":{"rendered":"Mapas"},"content":{"rendered":"<p><a class=\"textes\" href=\"https:\/\/www.uabcampus.cat\/es\/localizacion.php\" target=\"_blank\" rel=\"noopener\"><strong>Mapa del campus de Bellaterra<\/strong><\/a>. El Simposio tendr\u00e1 lugar en la Facultad de Traducci\u00f3n e Interpretaci\u00f3n, edificio 5 de la Zona 1 (en amarillo).<\/p>\n<p><a class=\"textes\" href=\"https:\/\/www.uab.cat\/web\/conoce-la-facultad-\/accesos-y-planos-1345719839796.html\" target=\"_blank\" rel=\"noopener\"><strong>Plano de la Facultad de Traducci\u00f3n e Interpretaci\u00f3n<\/strong><\/a>. El Simposio tendr\u00e1 lugar en las aulas 001, 004 y 005 de la planta baja.<\/p>\n","protected":false},"excerpt":{"rendered":"<p>Mapa del campus de Bellaterra. El Simposio tendr\u00e1 lugar en la Facultad de Traducci\u00f3n e Interpretaci\u00f3n, edificio 5 de la Zona 1 (en amarillo). Plano de la Facultad de Traducci\u00f3n e Interpretaci\u00f3n. El Simposio tendr\u00e1 lugar en las aulas 001, 004 y 005 de la planta baja.<\/p>\n","protected":false},"author":20,"featured_media":0,"parent":0,"menu_order":0,"comment_status":"closed","ping_status":"closed","template":"","meta":{"footnotes":""},"class_list":["post-73","page","type-page","status-publish","hentry"],"_links":{"self":[{"href":"https:\/\/webs.uab.cat\/simposi\/es\/wp-json\/wp\/v2\/pages\/73","targetHints":{"allow":["GET"]}}],"collection":[{"href":"https:\/\/webs.uab.cat\/simposi\/es\/wp-json\/wp\/v2\/pages"}],"about":[{"href":"https:\/\/webs.uab.cat\/simposi\/es\/wp-json\/wp\/v2\/types\/page"}],"author":[{"embeddable":true,"href":"https:\/\/webs.uab.cat\/simposi\/es\/wp-json\/wp\/v2\/users\/20"}],"replies":[{"embeddable":true,"href":"https:\/\/webs.uab.cat\/simposi\/es\/wp-json\/wp\/v2\/comments?post=73"}],"version-history":[{"count":1,"href":"https:\/\/webs.uab.cat\/simposi\/es\/wp-json\/wp\/v2\/pages\/73\/revisions"}],"predecessor-version":[{"id":1118,"href":"https:\/\/webs.uab.cat\/simposi\/es\/wp-json\/wp\/v2\/pages\/73\/revisions\/1118"}],"wp:attachment":[{"href":"https:\/\/webs.uab.cat\/simposi\/es\/wp-json\/wp\/v2\/media?parent=73"}],"curies":[{"name":"wp","href":"https:\/\/api.w.org\/{rel}","templated":true}]}}