{"id":77,"date":"2016-12-02T10:45:51","date_gmt":"2016-12-02T08:45:51","guid":{"rendered":"https:\/\/webs.uab.cat\/simposi\/presentacion-2018\/"},"modified":"2016-12-02T10:46:23","modified_gmt":"2016-12-02T08:46:23","slug":"presentacion-2018","status":"publish","type":"page","link":"https:\/\/webs.uab.cat\/simposi\/es\/presentacion-2018\/","title":{"rendered":"Presentaci\u00f3n Simposio 2018"},"content":{"rendered":"<p>El IX<a href=\"http:\/\/pagines.uab.cat\/simposi\/\">&nbsp;Simposi Internacional de Joves Investigadors en Traducci\u00f3, Interpretaci\u00f3, Estudis Interculturals i Estudis de l&#8217;\u00c0sia Oriental<\/a>&nbsp;tindr\u00e0 lloc el 29&nbsp;de juny del 2018&nbsp;a la Facultat de Traducci\u00f3 i d\u2019Interpretaci\u00f3 de la Universitat Aut\u00f2noma de Barcelona (UAB).<\/p>\n<p>La data l\u00edmit per a l\u2019enviament de resums&nbsp;s&#8217;amplia fins al&nbsp;18&nbsp;de mar\u00e7&nbsp;de 2018. Cal enviar els resums a trav\u00e9s del&nbsp;<strong>formulari<\/strong>&nbsp;(el per\u00edode d&#8217;enviament ha finalitzat).<\/p>\n<p>Aquesta edici\u00f3 del simposi s\u2019adre\u00e7a a estudiants de m\u00e0ster, doctorands i joves doctors que tot just hagin encetat una carrera com a investigadors. L\u2019objectiu del simposi \u00e9s oferir-los un espai d\u2019intercanvi d&#8217;idees, un f\u00f2rum on presentar la recerca que duen a terme en l\u2019\u00e0mbit de la traducci\u00f3, la interpretaci\u00f3, els estudis interculturals o els estudis de l\u2019\u00c0sia Oriental.<\/p>\n<p>Es valoraran especialment les pon\u00e8ncies relacionades amb les l\u00ednies de recerca del Departament de Traducci\u00f3 i d&#8217;Interpretaci\u00f3 i d\u2019Estudis de l\u2019\u00c0sia Oriental de la UAB:<\/p>\n<p><strong><em>Traducci\u00f3 i interpretaci\u00f3<\/em><\/strong><\/p>\n<ol>\n<li>Traducci\u00f3 de textos especialitzats.<\/li>\n<li>Traducci\u00f3 de textos literaris.<\/li>\n<li>Traducci\u00f3 audiovisual i accessibilitat als mitjans de comunicaci\u00f3.<\/li>\n<li>Interpretaci\u00f3.<\/li>\n<li>Tradum\u00e0tica. TICs aplicades a la traducci\u00f3.<\/li>\n<li>Formaci\u00f3 en traducci\u00f3 i interpretaci\u00f3.<\/li>\n<li>Hist\u00f2ria de la traducci\u00f3 i la interpretaci\u00f3.<\/li>\n<li>Interculturalitat, ideologia i sociologia de la traducci\u00f3 i interpretaci\u00f3.<\/li>\n<li>Textualitat i traducci\u00f3.<\/li>\n<li>Cognici\u00f3 en traducci\u00f3 i interpretaci\u00f3.<\/li>\n<li>Aspectes professionals i laborals de la traducci\u00f3 i la interpretaci\u00f3.<\/li>\n<li>Aplicaci\u00f3 de la metodologia emp\u00edrica en la recerca sobre traducci\u00f3 i interpretaci\u00f3.<\/li>\n<\/ol>\n<p>&nbsp;<\/p>\n<p><strong><em>Estudis de l&#8217;\u00c0sia oriental<\/em><\/strong><\/p>\n<ol>\n<li>Llengua i literatura de l&#8217;\u00c0sia oriental.<\/li>\n<li>Pol\u00edtica i relacions internacionals de l\u2019\u00c0sia oriental.<\/li>\n<li>Societat de l\u2019\u00c0sia oriental.<\/li>\n<li>Cultura, pensament i interculturalitat de l\u2019\u00c0sia oriental.<\/li>\n<li>Economia de l\u2019\u00c0sia oriental.<\/li>\n<\/ol>\n<p>&nbsp;<\/p>\n<p>Les lleng\u00fces del simposi seran: catal\u00e0, castell\u00e0 i angl\u00e8s.<\/p>\n<p>Les comunicacions hauran de durar no m\u00e9s de 15 minuts, per tal que despr\u00e9s de cada sessi\u00f3 es disposi de prou temps per a les preguntes i els comentaris dels assistents.<\/p>\n<p>No es publicaran actes. S\u2019expedir\u00e0 un certificat a tots els qui s\u2019inscriguin i assisteixin al simposi i un segon certificat als qui hi presentin comunicaci\u00f3.<\/p>\n","protected":false},"excerpt":{"rendered":"<p>El IX&nbsp;Simposi Internacional de Joves Investigadors en Traducci\u00f3, Interpretaci\u00f3, Estudis Interculturals i Estudis de l&#8217;\u00c0sia Oriental&nbsp;tindr\u00e0 lloc el 29&nbsp;de juny del 2018&nbsp;a la Facultat de Traducci\u00f3 i d\u2019Interpretaci\u00f3 de la Universitat Aut\u00f2noma de Barcelona (UAB). La data l\u00edmit per a l\u2019enviament de resums&nbsp;s&#8217;amplia fins al&nbsp;18&nbsp;de mar\u00e7&nbsp;de 2018. Cal enviar els resums a trav\u00e9s del&nbsp;formulari&nbsp;(el per\u00edode [&hellip;]<\/p>\n","protected":false},"author":20,"featured_media":0,"parent":0,"menu_order":0,"comment_status":"closed","ping_status":"closed","template":"","meta":{"footnotes":""},"class_list":["post-77","page","type-page","status-publish","hentry"],"_links":{"self":[{"href":"https:\/\/webs.uab.cat\/simposi\/es\/wp-json\/wp\/v2\/pages\/77","targetHints":{"allow":["GET"]}}],"collection":[{"href":"https:\/\/webs.uab.cat\/simposi\/es\/wp-json\/wp\/v2\/pages"}],"about":[{"href":"https:\/\/webs.uab.cat\/simposi\/es\/wp-json\/wp\/v2\/types\/page"}],"author":[{"embeddable":true,"href":"https:\/\/webs.uab.cat\/simposi\/es\/wp-json\/wp\/v2\/users\/20"}],"replies":[{"embeddable":true,"href":"https:\/\/webs.uab.cat\/simposi\/es\/wp-json\/wp\/v2\/comments?post=77"}],"version-history":[{"count":0,"href":"https:\/\/webs.uab.cat\/simposi\/es\/wp-json\/wp\/v2\/pages\/77\/revisions"}],"wp:attachment":[{"href":"https:\/\/webs.uab.cat\/simposi\/es\/wp-json\/wp\/v2\/media?parent=77"}],"curies":[{"name":"wp","href":"https:\/\/api.w.org\/{rel}","templated":true}]}}