{"id":102,"date":"2018-01-30T12:46:48","date_gmt":"2018-01-30T10:46:48","guid":{"rendered":"https:\/\/webs.uab.cat\/simposi\/simposi-2017\/"},"modified":"2023-02-20T09:10:39","modified_gmt":"2023-02-20T07:10:39","slug":"simposi-2017","status":"publish","type":"page","link":"https:\/\/webs.uab.cat\/simposi\/simposi-2017\/","title":{"rendered":"Simposi 2017"},"content":{"rendered":"\n<p><a href=\"https:\/\/webs.uab.cat\/simposi\/presentacion-2017\/\" data-type=\"page\" data-id=\"105\">Presentaci\u00f3<\/a><br><a href=\"https:\/\/webs.uab.cat\/simposi\/programa-2017\/\" data-type=\"page\" data-id=\"111\">Programa<\/a><br><a href=\"https:\/\/webs.uab.cat\/simposi\/conferencia-plenaria-2017\/\" data-type=\"page\" data-id=\"78\">Confer\u00e8ncia plen\u00e0ria<\/a><br><a href=\"https:\/\/webs.uab.cat\/simposi\/comite-2017\/\" data-type=\"page\" data-id=\"123\">Comit\u00e8<\/a><\/p>\n","protected":false},"excerpt":{"rendered":"<p>Presentaci\u00f3ProgramaConfer\u00e8ncia plen\u00e0riaComit\u00e8<\/p>\n","protected":false},"author":20,"featured_media":0,"parent":0,"menu_order":0,"comment_status":"closed","ping_status":"closed","template":"","meta":{"footnotes":""},"class_list":["post-102","page","type-page","status-publish","hentry"],"_links":{"self":[{"href":"https:\/\/webs.uab.cat\/simposi\/wp-json\/wp\/v2\/pages\/102","targetHints":{"allow":["GET"]}}],"collection":[{"href":"https:\/\/webs.uab.cat\/simposi\/wp-json\/wp\/v2\/pages"}],"about":[{"href":"https:\/\/webs.uab.cat\/simposi\/wp-json\/wp\/v2\/types\/page"}],"author":[{"embeddable":true,"href":"https:\/\/webs.uab.cat\/simposi\/wp-json\/wp\/v2\/users\/20"}],"replies":[{"embeddable":true,"href":"https:\/\/webs.uab.cat\/simposi\/wp-json\/wp\/v2\/comments?post=102"}],"version-history":[{"count":1,"href":"https:\/\/webs.uab.cat\/simposi\/wp-json\/wp\/v2\/pages\/102\/revisions"}],"predecessor-version":[{"id":405,"href":"https:\/\/webs.uab.cat\/simposi\/wp-json\/wp\/v2\/pages\/102\/revisions\/405"}],"wp:attachment":[{"href":"https:\/\/webs.uab.cat\/simposi\/wp-json\/wp\/v2\/media?parent=102"}],"curies":[{"name":"wp","href":"https:\/\/api.w.org\/{rel}","templated":true}]}}