{"id":1185,"date":"2024-07-10T09:51:55","date_gmt":"2024-07-10T07:51:55","guid":{"rendered":"https:\/\/webs.uab.cat\/simposi\/?page_id=1185"},"modified":"2024-07-10T09:53:51","modified_gmt":"2024-07-10T07:53:51","slug":"presentacio-2023-2","status":"publish","type":"page","link":"https:\/\/webs.uab.cat\/simposi\/presentacio-2023-2\/","title":{"rendered":"Presentaci\u00f3 2024"},"content":{"rendered":"\n<p>La Universitat Aut\u00f2noma de Barcelona, a trav\u00e9s del Departament de Traducci\u00f3, Interpretaci\u00f3 i Estudis d\u2019\u00c0sia Oriental, organitza el XIV Simposi Internacional de Joves Investigadors que se celebrar\u00e0 el dia 5 de juliol de 2024 a la Facultat de Traducci\u00f3 i Interpretaci\u00f3, al campus de Bellaterra.&nbsp;<\/p>\n\n\n\n<p>El simposi t\u00e9 com a objectiu promoure la reflexi\u00f3, l\u2019estudi i la investigaci\u00f3 i oferir l\u2019oportunitat de presentar els seus treballs a joves investigadors.&nbsp;<\/p>\n\n\n\n<p>Les lleng\u00fces del congr\u00e9s seran el catal\u00e0, castell\u00e0 i angl\u00e8s.&nbsp;<\/p>\n\n\n\n<p>El simposi ser\u00e0 presencial.&nbsp;<\/p>\n","protected":false},"excerpt":{"rendered":"<p>La Universitat Aut\u00f2noma de Barcelona, a trav\u00e9s del Departament de Traducci\u00f3, Interpretaci\u00f3 i Estudis d\u2019\u00c0sia Oriental, organitza el XIV Simposi Internacional de Joves Investigadors que se celebrar\u00e0 el dia 5 de juliol de 2024 a la Facultat de Traducci\u00f3 i Interpretaci\u00f3, al campus de Bellaterra.&nbsp; El simposi t\u00e9 com a objectiu promoure la reflexi\u00f3, l\u2019estudi [&hellip;]<\/p>\n","protected":false},"author":103,"featured_media":0,"parent":0,"menu_order":0,"comment_status":"closed","ping_status":"closed","template":"","meta":{"footnotes":""},"class_list":["post-1185","page","type-page","status-publish","hentry"],"_links":{"self":[{"href":"https:\/\/webs.uab.cat\/simposi\/wp-json\/wp\/v2\/pages\/1185","targetHints":{"allow":["GET"]}}],"collection":[{"href":"https:\/\/webs.uab.cat\/simposi\/wp-json\/wp\/v2\/pages"}],"about":[{"href":"https:\/\/webs.uab.cat\/simposi\/wp-json\/wp\/v2\/types\/page"}],"author":[{"embeddable":true,"href":"https:\/\/webs.uab.cat\/simposi\/wp-json\/wp\/v2\/users\/103"}],"replies":[{"embeddable":true,"href":"https:\/\/webs.uab.cat\/simposi\/wp-json\/wp\/v2\/comments?post=1185"}],"version-history":[{"count":2,"href":"https:\/\/webs.uab.cat\/simposi\/wp-json\/wp\/v2\/pages\/1185\/revisions"}],"predecessor-version":[{"id":1195,"href":"https:\/\/webs.uab.cat\/simposi\/wp-json\/wp\/v2\/pages\/1185\/revisions\/1195"}],"wp:attachment":[{"href":"https:\/\/webs.uab.cat\/simposi\/wp-json\/wp\/v2\/media?parent=1185"}],"curies":[{"name":"wp","href":"https:\/\/api.w.org\/{rel}","templated":true}]}}