{"id":1187,"date":"2024-07-10T09:58:46","date_gmt":"2024-07-10T07:58:46","guid":{"rendered":"https:\/\/webs.uab.cat\/simposi\/?page_id=1187"},"modified":"2024-07-10T09:58:47","modified_gmt":"2024-07-10T07:58:47","slug":"conferencia-plenaria-2024","status":"publish","type":"page","link":"https:\/\/webs.uab.cat\/simposi\/conferencia-plenaria-2024\/","title":{"rendered":"Confer\u00e8ncia plen\u00e0ria 2024"},"content":{"rendered":"\n<p><\/p>\n\n\n\n<p class=\"has-larger-font-size\"><strong>Qui hauria de dir \u00abjo\u00bb en una investigaci\u00f3 emp\u00edrica?<\/strong><br><strong>CONFER\u00c8NCIA PLEN\u00c0RIA<\/strong>\u00a0<br><strong>Anthony Pym<\/strong><\/p>\n\n\n<div class=\"wp-block-image\">\n<figure class=\"alignleft size-full is-resized\"><img loading=\"lazy\" decoding=\"async\" width=\"600\" height=\"900\" src=\"https:\/\/webs.uab.cat\/simposi\/wp-content\/uploads\/sites\/345\/2024\/04\/thumbnail_anthonypym-1-1_medium.jpg\" alt=\"Anthony Pym\" class=\"wp-image-1074\" style=\"width:218px;height:auto\" srcset=\"https:\/\/webs.uab.cat\/simposi\/wp-content\/uploads\/sites\/345\/2024\/04\/thumbnail_anthonypym-1-1_medium.jpg 600w, https:\/\/webs.uab.cat\/simposi\/wp-content\/uploads\/sites\/345\/2024\/04\/thumbnail_anthonypym-1-1_medium-200x300.jpg 200w\" sizes=\"auto, (max-width: 600px) 100vw, 600px\" \/><\/figure>\n<\/div>\n\n\n<p>Quan cal informar sobre qualsevol recerca emp\u00edrica, se\u2019ns presenta el problema si podem utilitzar la primera persona del singular, el <em>jo. <\/em>En alguns \u00e0mbits de les humanitats aquest pronom est\u00e0 proscrit perqu\u00e8 es considera que compromet l\u2019objectivitat i els resultats expressats d\u2019aquesta manera no es podrien prendre seriosament. En altres \u00e0mbits, la utilitzaci\u00f3 est\u00e0 cada cop m\u00e9s admesa i es validen fins i tot les expressions directament subjectives. Com ens haur\u00edem de posicionar davant d\u2019aquesta q\u00fcesti\u00f3?&nbsp;<\/p>\n\n\n\n<p>M\u00e9s enll\u00e0 de l\u2019est\u00e8tica, en aquest seminari es plantejar\u00e0 el fet que tota recerca parteix d\u2019un inter\u00e8s personal i que ho haur\u00edem d\u2019acceptar i validar, a m\u00e9s de promoure una auto-reflexi\u00f3 cr\u00edtica sobre els propis interessos precisament a trav\u00e9s de l\u2019\u00fas de la primera persona del singular. En la segona part del seminari s\u2019exposaran casos, la majoria de l\u2019\u00e0mbit dels estudis de traducci\u00f3, que mostren com l\u2019empirisme i l\u2019auto-reflexi\u00f3 cr\u00edtica s\u00f3n companys necessaris de les nostres epistemologies. Per separat, poden provocar avorriment o egoisme, en canvi, units aporten un coneixement v\u00e0lid, comprom\u00e8s i innovador.&nbsp;&nbsp;<\/p>\n\n\n\n<div style=\"height:10px\" aria-hidden=\"true\" class=\"wp-block-spacer\"><\/div>\n\n\n\n<p><strong>ANTHONY PYM<\/strong> \u00e9s professor distingit de Traducci\u00f3 i Estudis Interculturals de la Universitat Rovira i Virgili de Tarragona, professor extraordinari de la Universitat de Stellenbosch, de Sud-\u00c0frica, i professor em\u00e8rit de la Universitat de Leicester, de Regne Unit. Va ser President de la Societat Europea d\u2019Estudis de Traducci\u00f3 de 2010 a 2016. \u00c9s doctor en sociologia per l\u2019\u00c9cole des Hautes \u00c9tudes en Sciences Sociales a Paris. \u00c9s l\u2019autor o editor de m\u00e9s de trenta llibres i m\u00e9s de 240 articles i cap\u00edtols de l\u2019\u00e0mbit de la traducci\u00f3 i estudis interculturals. El seu llibre m\u00e9s recent, escrit amb Yu Hao, es titula <em>How to augment language skills. Generative AI and machine translation in language learning and translator training<\/em> (Routledge).<\/p>\n","protected":false},"excerpt":{"rendered":"<p>Qui hauria de dir \u00abjo\u00bb en una investigaci\u00f3 emp\u00edrica?CONFER\u00c8NCIA PLEN\u00c0RIA\u00a0Anthony Pym Quan cal informar sobre qualsevol recerca emp\u00edrica, se\u2019ns presenta el problema si podem utilitzar la primera persona del singular, el jo. En alguns \u00e0mbits de les humanitats aquest pronom est\u00e0 proscrit perqu\u00e8 es considera que compromet l\u2019objectivitat i els resultats expressats d\u2019aquesta manera no [&hellip;]<\/p>\n","protected":false},"author":103,"featured_media":0,"parent":0,"menu_order":0,"comment_status":"closed","ping_status":"closed","template":"","meta":{"footnotes":""},"class_list":["post-1187","page","type-page","status-publish","hentry"],"_links":{"self":[{"href":"https:\/\/webs.uab.cat\/simposi\/wp-json\/wp\/v2\/pages\/1187","targetHints":{"allow":["GET"]}}],"collection":[{"href":"https:\/\/webs.uab.cat\/simposi\/wp-json\/wp\/v2\/pages"}],"about":[{"href":"https:\/\/webs.uab.cat\/simposi\/wp-json\/wp\/v2\/types\/page"}],"author":[{"embeddable":true,"href":"https:\/\/webs.uab.cat\/simposi\/wp-json\/wp\/v2\/users\/103"}],"replies":[{"embeddable":true,"href":"https:\/\/webs.uab.cat\/simposi\/wp-json\/wp\/v2\/comments?post=1187"}],"version-history":[{"count":1,"href":"https:\/\/webs.uab.cat\/simposi\/wp-json\/wp\/v2\/pages\/1187\/revisions"}],"predecessor-version":[{"id":1202,"href":"https:\/\/webs.uab.cat\/simposi\/wp-json\/wp\/v2\/pages\/1187\/revisions\/1202"}],"wp:attachment":[{"href":"https:\/\/webs.uab.cat\/simposi\/wp-json\/wp\/v2\/media?parent=1187"}],"curies":[{"name":"wp","href":"https:\/\/api.w.org\/{rel}","templated":true}]}}