{"id":120,"date":"2018-01-30T12:58:15","date_gmt":"2018-01-30T10:58:15","guid":{"rendered":"https:\/\/webs.uab.cat\/simposi\/conferencia-plenaria-2017-2\/"},"modified":"2018-01-30T12:58:15","modified_gmt":"2018-01-30T10:58:15","slug":"conferencia-plenaria-2017-2","status":"publish","type":"page","link":"https:\/\/webs.uab.cat\/simposi\/conferencia-plenaria-2017-2\/","title":{"rendered":"Confer\u00e8ncia plen\u00e0ria 2017"},"content":{"rendered":"<p><strong><em><img loading=\"lazy\" decoding=\"async\" alt=\"Tiziana Lipiello\" height=\"208\" src=\"http:\/\/pagines.uab.cat\/simposi\/sites\/pagines.uab.cat.simposi\/files\/images\/0-Tiziana-Lippiello.jpg\" style=\"float:left\" width=\"200\" \/><\/em><\/strong><\/p>\n<p><strong>Conferenciant convidat<\/strong><\/p>\n<h1>Tiziana Lipiello<br \/>\n<em>Ca\u2019 Foscari University of Venice<\/em><\/h1>\n<p>La professora Tiziana Lipiello ensenya xin\u00e8s cl\u00e0ssic i Hist\u00f2ria del pensament i de les religions xineses a la Universitat Ca\u2019 Foscari de Ven\u00e8cia. Actualment \u00e9s vicerectora d\u2019aquesta universitat i ha ocupat diversos c\u00e0rrecs en institucions acad\u00e8miques internacionals. Es va doctorar a la Universitat de Leiden l\u2019any 1994. L\u2019eix de la seva recerca actual \u00e9s l\u2019estudi del primer pensament xin\u00e8s, les religions i l\u2019\u00e8tica en el pensament xin\u00e8s.<br \/>\nDirigeix les col\u00b7leccions La fenice, Classici cinesi (Marsilio Editore) i Sinica venetiana (Ca\u2019Foscari).<\/p>\n<p>Destaquem algunes de les seves publicacions:<br \/>\n&#8211; Tratatto sui prodigi, de Shen Yue (1997).<br \/>\n&#8211; Dialogui, de Confuci (2006).<br \/>\n&#8211; Le droghe dell\u2019immortalit\u00e0 nell\u2019antichit\u00e0 cinese e il Taishang lingbao zhicao pin (2007).<br \/>\n&#8211; Il confucianesimo (2009).<br \/>\n&#8211; \u201cDall\u2019et\u00e0 del Bronzo all\u2019impero Han\u201d. Cina (2013). (amb Maurizio Scarpari)<br \/>\n&#8211; La costante pratica del giusto mezzo=Zhongyone, de Zisi (2016).<\/p>\n<p><strong>T\u00edtol i resum de la confer\u00e8ncia<\/strong><\/p>\n<h3>The modernity of Ancient Chinese Thought: linguistic and philosophical interpretations<\/h3>\n<p>A inicis del segle XX els intel\u00b7lectuals xinesos van rebutjar la cultura tradicional xinesa conven\u00e7uts que, en general, el confucianisme i el pensament xin\u00e8s tradicional havien estat un obstacle al desenvolupament cient\u00edfic i econ\u00f2mic i al progr\u00e9s social. Aquests darrers anys, per\u00f2, hi ha hagut una resurrecci\u00f3 de la tradici\u00f3 tant en l\u2019esfera de la pol\u00edtica com de la cultura, impulsada per l\u2019ambici\u00f3 d\u2019oferir noves respostes a les contradiccions i problemes de les societats occidentals contempor\u00e0nies. Quins valors es promouen a la Xina actualment i quin impacte tenen en la societat xinesa? La confer\u00e8ncia exposar\u00e0 algunes teories plantejades pels pensadors xinesos i la seva interpretaci\u00f3 sobre la funci\u00f3 actual de la filosofia.<\/p>\n<p>&nbsp;<\/p>\n","protected":false},"excerpt":{"rendered":"<p>Conferenciant convidat Tiziana Lipiello Ca\u2019 Foscari University of Venice La professora Tiziana Lipiello ensenya xin\u00e8s cl\u00e0ssic i Hist\u00f2ria del pensament i de les religions xineses a la Universitat Ca\u2019 Foscari de Ven\u00e8cia. Actualment \u00e9s vicerectora d\u2019aquesta universitat i ha ocupat diversos c\u00e0rrecs en institucions acad\u00e8miques internacionals. Es va doctorar a la Universitat de Leiden l\u2019any [&hellip;]<\/p>\n","protected":false},"author":20,"featured_media":0,"parent":0,"menu_order":0,"comment_status":"closed","ping_status":"closed","template":"","meta":{"footnotes":""},"class_list":["post-120","page","type-page","status-publish","hentry"],"_links":{"self":[{"href":"https:\/\/webs.uab.cat\/simposi\/wp-json\/wp\/v2\/pages\/120","targetHints":{"allow":["GET"]}}],"collection":[{"href":"https:\/\/webs.uab.cat\/simposi\/wp-json\/wp\/v2\/pages"}],"about":[{"href":"https:\/\/webs.uab.cat\/simposi\/wp-json\/wp\/v2\/types\/page"}],"author":[{"embeddable":true,"href":"https:\/\/webs.uab.cat\/simposi\/wp-json\/wp\/v2\/users\/20"}],"replies":[{"embeddable":true,"href":"https:\/\/webs.uab.cat\/simposi\/wp-json\/wp\/v2\/comments?post=120"}],"version-history":[{"count":0,"href":"https:\/\/webs.uab.cat\/simposi\/wp-json\/wp\/v2\/pages\/120\/revisions"}],"wp:attachment":[{"href":"https:\/\/webs.uab.cat\/simposi\/wp-json\/wp\/v2\/media?parent=120"}],"curies":[{"name":"wp","href":"https:\/\/api.w.org\/{rel}","templated":true}]}}