{"id":123,"date":"2018-01-30T13:00:22","date_gmt":"2018-01-30T11:00:22","guid":{"rendered":"https:\/\/webs.uab.cat\/simposi\/comite-2017\/"},"modified":"2018-01-30T13:00:22","modified_gmt":"2018-01-30T11:00:22","slug":"comite-2017","status":"publish","type":"page","link":"https:\/\/webs.uab.cat\/simposi\/comite-2017\/","title":{"rendered":"Comit\u00e8 2017"},"content":{"rendered":"<p><strong>Comit\u00e8 de direcci\u00f3<\/strong><br \/>\nDra. Merc\u00e8 Altimir, Universitat Aut\u00f2noma de Barcelona<br \/>\nDra. Anabel Gal\u00e1n-Ma\u00f1as, Universitat Aut\u00f2noma de Barcelona<\/p>\n<p><strong>Comit\u00e8 organitzador<\/strong><br \/>\nMarina Arrasate, Universitat Aut\u00f2noma de Barcelona<br \/>\nLaura Asquerino, Universitat Aut\u00f2noma de Barcelona<br \/>\nOlena Blagodarna, Universitat Aut\u00f2noma de Barcelona<br \/>\nLara Estany, Universitat Aut\u00f2noma de Barcelona<br \/>\nLesia Ponomarenko, Universitat Aut\u00f2noma de Barcelona<br \/>\nPep Sanz, Universitat Aut\u00f2noma de Barcelona<br \/>\nFerran Vargas, Universitat Aut\u00f2noma de Barcelona<br \/>\nHong Zhang, Universitat Aut\u00f2noma de Barcelona<br \/>\nDing ZhiShuo, Universitat Aut\u00f2noma de Barcelona<br \/>\nTianqi Zhang, Universitat Aut\u00f2noma de Barcelona<\/p>\n<p><strong>Comit\u00e8 cient\u00edfic<\/strong><br \/>\nDra.&nbsp;Marta Arum\u00ed, Universitat Aut\u00f2noma de Barcelona<br \/>\nDr. Joaqu\u00edn Beltr\u00e1n, Universitat Aut\u00f2noma de Barcelona<br \/>\nDra. Carme Bestu\u00e9, Universitat Aut\u00f2noma de Barcelona<br \/>\nDra. Helena Casas, Universitat Aut\u00f2noma de Barcelona<br \/>\nDra. Montserrat Cresp\u00edn, Universitat Aut\u00f2noma de Barcelona<br \/>\nDra. N\u00faria D&#8217;Asprer, Universitat Aut\u00f2noma de Barcelona<br \/>\nDr. Miquel Edo, Universitat Aut\u00f2noma de Barcelona<br \/>\nDra.&nbsp;Mar\u00eda Carmen Esp\u00edn Garc\u00eda, Universitat Aut\u00f2noma de Barcelona<br \/>\nDr.&nbsp;Minkang Zhou Gu, Universitat Aut\u00f2noma de Barcelona<br \/>\nDr. Blai Guarn\u00e9, Universitat Aut\u00f2noma de Barcelona<br \/>\nDra. Mihwa Jo Jeong, Universitat Aut\u00f2noma de Barcelona<br \/>\nDr. Artur Lozano, Universitat Aut\u00f2noma de Barcelona<br \/>\nDra. Carme Mangiron, Universitat Aut\u00f2noma de Barcelona<br \/>\nDr. Adri\u00e0 Martin, Universitat Aut\u00f2noma de Barcelona<br \/>\nDr. Jordi Mas, Universitat Aut\u00f2noma de Barcelona<br \/>\nDra. Anna Matamala, Universitat Aut\u00f2noma de Barcelona<br \/>\nDra. Marisa Presas, Universitat Aut\u00f2noma de Barcelona<br \/>\nDr. Sara Rovira, Universitat Aut\u00f2noma de Barcelona<br \/>\nDra. Amelia Saiz, Universitat Aut\u00f2noma de Barcelona<br \/>\nDra. Laura Santamaria, Universitat Aut\u00f2noma de Barcelona<br \/>\nDra. Olga Torres, Universitat Aut\u00f2noma de Barcelona<\/p>\n","protected":false},"excerpt":{"rendered":"<p>Comit\u00e8 de direcci\u00f3 Dra. Merc\u00e8 Altimir, Universitat Aut\u00f2noma de Barcelona Dra. Anabel Gal\u00e1n-Ma\u00f1as, Universitat Aut\u00f2noma de Barcelona Comit\u00e8 organitzador Marina Arrasate, Universitat Aut\u00f2noma de Barcelona Laura Asquerino, Universitat Aut\u00f2noma de Barcelona Olena Blagodarna, Universitat Aut\u00f2noma de Barcelona Lara Estany, Universitat Aut\u00f2noma de Barcelona Lesia Ponomarenko, Universitat Aut\u00f2noma de Barcelona Pep Sanz, Universitat Aut\u00f2noma de Barcelona [&hellip;]<\/p>\n","protected":false},"author":20,"featured_media":0,"parent":0,"menu_order":0,"comment_status":"closed","ping_status":"closed","template":"","meta":{"footnotes":""},"class_list":["post-123","page","type-page","status-publish","hentry"],"_links":{"self":[{"href":"https:\/\/webs.uab.cat\/simposi\/wp-json\/wp\/v2\/pages\/123","targetHints":{"allow":["GET"]}}],"collection":[{"href":"https:\/\/webs.uab.cat\/simposi\/wp-json\/wp\/v2\/pages"}],"about":[{"href":"https:\/\/webs.uab.cat\/simposi\/wp-json\/wp\/v2\/types\/page"}],"author":[{"embeddable":true,"href":"https:\/\/webs.uab.cat\/simposi\/wp-json\/wp\/v2\/users\/20"}],"replies":[{"embeddable":true,"href":"https:\/\/webs.uab.cat\/simposi\/wp-json\/wp\/v2\/comments?post=123"}],"version-history":[{"count":0,"href":"https:\/\/webs.uab.cat\/simposi\/wp-json\/wp\/v2\/pages\/123\/revisions"}],"wp:attachment":[{"href":"https:\/\/webs.uab.cat\/simposi\/wp-json\/wp\/v2\/media?parent=123"}],"curies":[{"name":"wp","href":"https:\/\/api.w.org\/{rel}","templated":true}]}}