{"id":129,"date":"2019-02-05T12:51:16","date_gmt":"2019-02-05T10:51:16","guid":{"rendered":"https:\/\/webs.uab.cat\/simposi\/inici\/"},"modified":"2026-04-07T18:17:16","modified_gmt":"2026-04-07T16:17:16","slug":"inici","status":"publish","type":"page","link":"https:\/\/webs.uab.cat\/simposi\/","title":{"rendered":"Presentaci\u00f3"},"content":{"rendered":"\n<p>La Universitat Aut\u00f2noma de Barcelona, a trav\u00e9s del Departament de Traducci\u00f3, Interpretaci\u00f3 i Estudis d&#8217;\u00c0sia Oriental, organitza el XVI Simposi Internacional de Recerca Emergent en Traducci\u00f3, Interpretaci\u00f3, Estudis Interculturals i Estudis de l\u2019\u00c0sia Oriental, que se celebrar\u00e0 el dia 10 de juliol de 2026 a la Facultat de Traducci\u00f3 i Interpretaci\u00f3, al campus de Bellaterra.&nbsp;<\/p>\n\n\n\n<p>El simposi t\u00e9 com a objectiu promoure la reflexi\u00f3, l\u2019estudi i la investigaci\u00f3 i oferir l&#8217;oportunitat de presentar els seus treballs a joves investigadors.&nbsp;<\/p>\n\n\n\n<p>Les lleng\u00fces del congr\u00e9s seran el catal\u00e0, castell\u00e0 i angl\u00e8s.&nbsp;<\/p>\n\n\n\n<p>El simposi ser\u00e0 presencial.&nbsp;<\/p>\n\n\n\n<div style=\"height:13px\" aria-hidden=\"true\" class=\"wp-block-spacer\"><\/div>\n\n\n\n<h2 class=\"wp-block-heading has-normal-font-size\"><strong>Dates clau<\/strong><\/h2>\n\n\n\n<p><strong>Presentaci\u00f3 de resums:<\/strong> abans del 30 d&#8217;abril de 2026.\u00a0<\/p>\n\n\n\n<p><strong>Notificaci\u00f3 d\u2019acceptaci\u00f3 o rebuig de la proposta:<\/strong> 25 de maig de 2026.<\/p>\n\n\n\n<p>Inscripci\u00f3 fins al 12 de juny del 2026: <strong>50 \u20ac<\/strong><br>Inscripci\u00f3 despr\u00e9s del 12 de juny del 2026: <strong>75 \u20ac<\/strong><\/p>\n\n\n\n<p><strong>Data l\u00edmit<\/strong> d\u2019inscripci\u00f3 i pagament: <strong>30 de juny de 2026.<\/strong><\/p>\n\n\n\n<div style=\"height:13px\" aria-hidden=\"true\" class=\"wp-block-spacer\"><\/div>\n\n\n\n<h2 class=\"wp-block-heading has-normal-font-size\"><strong>Informaci\u00f3 de contacte<\/strong><\/h2>\n\n\n\n<p><a href=\"mailto:Simposi.traduccio@uab.cat\">Simposi.traduccio@uab.cat<\/a><\/p>\n","protected":false},"excerpt":{"rendered":"<p>La Universitat Aut\u00f2noma de Barcelona, a trav\u00e9s del Departament de Traducci\u00f3, Interpretaci\u00f3 i Estudis d&#8217;\u00c0sia Oriental, organitza el XVI Simposi Internacional de Recerca Emergent en Traducci\u00f3, Interpretaci\u00f3, Estudis Interculturals i Estudis de l\u2019\u00c0sia Oriental, que se celebrar\u00e0 el dia 10 de juliol de 2026 a la Facultat de Traducci\u00f3 i Interpretaci\u00f3, al campus de Bellaterra.&nbsp; [&hellip;]<\/p>\n","protected":false},"author":20,"featured_media":0,"parent":0,"menu_order":0,"comment_status":"closed","ping_status":"closed","template":"","meta":{"footnotes":""},"class_list":["post-129","page","type-page","status-publish","hentry"],"_links":{"self":[{"href":"https:\/\/webs.uab.cat\/simposi\/wp-json\/wp\/v2\/pages\/129","targetHints":{"allow":["GET"]}}],"collection":[{"href":"https:\/\/webs.uab.cat\/simposi\/wp-json\/wp\/v2\/pages"}],"about":[{"href":"https:\/\/webs.uab.cat\/simposi\/wp-json\/wp\/v2\/types\/page"}],"author":[{"embeddable":true,"href":"https:\/\/webs.uab.cat\/simposi\/wp-json\/wp\/v2\/users\/20"}],"replies":[{"embeddable":true,"href":"https:\/\/webs.uab.cat\/simposi\/wp-json\/wp\/v2\/comments?post=129"}],"version-history":[{"count":19,"href":"https:\/\/webs.uab.cat\/simposi\/wp-json\/wp\/v2\/pages\/129\/revisions"}],"predecessor-version":[{"id":1812,"href":"https:\/\/webs.uab.cat\/simposi\/wp-json\/wp\/v2\/pages\/129\/revisions\/1812"}],"wp:attachment":[{"href":"https:\/\/webs.uab.cat\/simposi\/wp-json\/wp\/v2\/media?parent=129"}],"curies":[{"name":"wp","href":"https:\/\/api.w.org\/{rel}","templated":true}]}}