{"id":131,"date":"2019-02-05T12:51:21","date_gmt":"2019-02-05T10:51:21","guid":{"rendered":"https:\/\/webs.uab.cat\/simposi\/conferencia-plenaria\/"},"modified":"2026-04-15T11:48:55","modified_gmt":"2026-04-15T09:48:55","slug":"conferencia-plenaria-2026","status":"publish","type":"page","link":"https:\/\/webs.uab.cat\/simposi\/conferencia-plenaria-2026\/","title":{"rendered":"Confer\u00e8ncia plen\u00e0ria"},"content":{"rendered":"\n<p class=\"has-text-align-center has-large-font-size\"><strong><strong><strong><strong>Inteligencia artificial y producci\u00f3n acad\u00e9mica: <\/strong><\/strong><\/strong><\/strong><br><strong><strong><strong><strong>usos, \u00e9tica y desaf\u00edos<\/strong><\/strong><\/strong><\/strong><\/p>\n\n\n\n<p class=\"has-text-align-center has-small-font-size\">(Intel\u00b7lig\u00e8ncia artificial i producci\u00f3 acad\u00e8mica: usos, \u00e8tica i desafiaments)<\/p>\n\n\n\n<p>La confer\u00e8ncia abordar\u00e0 la creixent integraci\u00f3 de la intel\u00b7lig\u00e8ncia artificial en els processos de recerca i escriptura acad\u00e8mica, parant especial atenci\u00f3 a les seves principals aplicacions, des de la generaci\u00f3 de textos fins al suport en revisions de literatura i an\u00e0lisi de dades. Aix\u00ed mateix, s&#8217;examinaran els problemes i dilemes que emergeixen en el context acad\u00e8mic, especialment en relaci\u00f3 amb l&#8217;autoria, la transpar\u00e8ncia en l&#8217;\u00fas d&#8217;eines automatitzades i l&#8217;adequada citaci\u00f3 de continguts generats per IA. <\/p>\n\n\n\n<p>Es discutiran tamb\u00e9 aspectes vinculats a la fiabilitat, els biaixos algor\u00edtmics i la validaci\u00f3 del coneixement produ\u00eft amb aquestes tecnologies, aix\u00ed com la seva recepci\u00f3 i legitimitat dins de la comunitat cient\u00edfica. Finalment, es reflexionar\u00e0 sobre els reptes \u00e8tics, normatius i formatius que planteja la seva utilitzaci\u00f3 responsable en l&#8217;educaci\u00f3 superior i la recerca.<\/p>\n\n\n\n<div style=\"height:22px\" aria-hidden=\"true\" class=\"wp-block-spacer\"><\/div>\n\n\n\n<p class=\"has-large-font-size\" style=\"text-decoration:underline\"><strong>CV<\/strong><\/p>\n\n\n\n<div style=\"height:0px\" aria-hidden=\"true\" class=\"wp-block-spacer\"><\/div>\n\n\n\n<div class=\"wp-block-media-text is-stacked-on-mobile\" style=\"grid-template-columns:25% auto\"><figure class=\"wp-block-media-text__media\"><img loading=\"lazy\" decoding=\"async\" width=\"717\" height=\"1024\" src=\"https:\/\/webs.uab.cat\/simposi\/wp-content\/uploads\/sites\/345\/2026\/04\/carlos-foto-3-717x1024.jpg\" alt=\"Imagen Carlos Lopezosa Garc\u00eda\" class=\"wp-image-1905 size-full\" srcset=\"https:\/\/webs.uab.cat\/simposi\/wp-content\/uploads\/sites\/345\/2026\/04\/carlos-foto-3-717x1024.jpg 717w, https:\/\/webs.uab.cat\/simposi\/wp-content\/uploads\/sites\/345\/2026\/04\/carlos-foto-3-210x300.jpg 210w, https:\/\/webs.uab.cat\/simposi\/wp-content\/uploads\/sites\/345\/2026\/04\/carlos-foto-3-768x1098.jpg 768w, https:\/\/webs.uab.cat\/simposi\/wp-content\/uploads\/sites\/345\/2026\/04\/carlos-foto-3-1075x1536.jpg 1075w, https:\/\/webs.uab.cat\/simposi\/wp-content\/uploads\/sites\/345\/2026\/04\/carlos-foto-3.jpg 1100w\" sizes=\"auto, (max-width: 717px) 100vw, 717px\" \/><\/figure><div class=\"wp-block-media-text__content\">\n<p><strong>Carlos&nbsp;Lopezosa&nbsp;Garc\u00eda <\/strong>\u00e9s un destacat acad\u00e8mic i professional especialitzat en periodisme, SEO (optimitzaci\u00f3 per a motors de cerca) i m\u00e0rqueting digital.<\/p>\n\n\n\n<p>Actualment treballa en el Departament de Biblioteconomia, Documentaci\u00f3 i Comunicaci\u00f3 Audiovisual de la Universitat de Barcelona, adscrit a la Facultat d&#8217;Informaci\u00f3 i Mitjans Audiovisuals. <\/p>\n<\/div><\/div>\n\n\n\n<p>\u00c9s doctor en Comunicaci\u00f3 per la Universitat Pompeu Fabra i membre del Centre de Recerca en Informaci\u00f3, Comunicaci\u00f3 i Cultura (CRICC)&nbsp;de la Universitat de Barcelona. Aix\u00ed mateix, \u00e9s vocal de la Junta Directiva de la Societat Espanyola de Documentaci\u00f3 i Informaci\u00f3 Cient\u00edfica.<\/p>\n\n\n\n<p>La seva recerca se centra en l&#8217;an\u00e0lisi de la visibilitat de continguts, l&#8217;impacte dels algorismes i l&#8217;\u00fas de la intel\u00b7lig\u00e8ncia artificial en el periodisme i la documentaci\u00f3. Fins ara, ha publicat m\u00e9s de 100 treballs dels quals m\u00e9s de 50 s\u00f3n en revistes indexades sobre SEO en mitjans, Google&nbsp;News&nbsp;i&nbsp;Discover, curaci\u00f3 de continguts i aplicacions de la intel\u00b7lig\u00e8ncia artificial, acumulant m\u00e9s de 3000 cites en Google&nbsp;Scholar.<\/p>\n\n\n\n<p>Participa activament en projectes de recerca i col\u00b7labora amb altres especialistes, contribuint al desenvolupament de metodologies i propostes orientades a millorar l&#8217;acc\u00e9s a la informaci\u00f3 digital.<\/p>\n","protected":false},"excerpt":{"rendered":"<p>Inteligencia artificial y producci\u00f3n acad\u00e9mica: usos, \u00e9tica y desaf\u00edos (Intel\u00b7lig\u00e8ncia artificial i producci\u00f3 acad\u00e8mica: usos, \u00e8tica i desafiaments) La confer\u00e8ncia abordar\u00e0 la creixent integraci\u00f3 de la intel\u00b7lig\u00e8ncia artificial en els processos de recerca i escriptura acad\u00e8mica, parant especial atenci\u00f3 a les seves principals aplicacions, des de la generaci\u00f3 de textos fins al suport en revisions [&hellip;]<\/p>\n","protected":false},"author":20,"featured_media":0,"parent":0,"menu_order":0,"comment_status":"closed","ping_status":"closed","template":"","meta":{"footnotes":""},"class_list":["post-131","page","type-page","status-publish","hentry"],"_links":{"self":[{"href":"https:\/\/webs.uab.cat\/simposi\/wp-json\/wp\/v2\/pages\/131","targetHints":{"allow":["GET"]}}],"collection":[{"href":"https:\/\/webs.uab.cat\/simposi\/wp-json\/wp\/v2\/pages"}],"about":[{"href":"https:\/\/webs.uab.cat\/simposi\/wp-json\/wp\/v2\/types\/page"}],"author":[{"embeddable":true,"href":"https:\/\/webs.uab.cat\/simposi\/wp-json\/wp\/v2\/users\/20"}],"replies":[{"embeddable":true,"href":"https:\/\/webs.uab.cat\/simposi\/wp-json\/wp\/v2\/comments?post=131"}],"version-history":[{"count":39,"href":"https:\/\/webs.uab.cat\/simposi\/wp-json\/wp\/v2\/pages\/131\/revisions"}],"predecessor-version":[{"id":1908,"href":"https:\/\/webs.uab.cat\/simposi\/wp-json\/wp\/v2\/pages\/131\/revisions\/1908"}],"wp:attachment":[{"href":"https:\/\/webs.uab.cat\/simposi\/wp-json\/wp\/v2\/media?parent=131"}],"curies":[{"name":"wp","href":"https:\/\/api.w.org\/{rel}","templated":true}]}}