{"id":141,"date":"2020-01-20T08:28:41","date_gmt":"2020-01-20T06:28:41","guid":{"rendered":"https:\/\/webs.uab.cat\/simposi\/simposi-2019\/"},"modified":"2023-02-20T11:41:56","modified_gmt":"2023-02-20T09:41:56","slug":"simposi-2019","status":"publish","type":"page","link":"https:\/\/webs.uab.cat\/simposi\/simposi-2019\/","title":{"rendered":"Simposi 2019"},"content":{"rendered":"\n<p><a href=\"https:\/\/webs.uab.cat\/simposi\/presentacio-2019\/\" data-type=\"page\" data-id=\"142\">Presentaci\u00f3<\/a><br><a href=\"https:\/\/webs.uab.cat\/simposi\/programa-2019\/\" data-type=\"page\" data-id=\"143\">Programa<\/a><br><a href=\"https:\/\/webs.uab.cat\/simposi\/simposi-2019\/\" data-type=\"page\" data-id=\"141\">Confer\u00e8ncia plen\u00e0ria<\/a><br><a href=\"https:\/\/webs.uab.cat\/simposi\/simposi-2019\/\" data-type=\"page\" data-id=\"141\">Comit\u00e8<\/a><\/p>\n","protected":false},"excerpt":{"rendered":"<p>Presentaci\u00f3ProgramaConfer\u00e8ncia plen\u00e0riaComit\u00e8<\/p>\n","protected":false},"author":20,"featured_media":0,"parent":0,"menu_order":0,"comment_status":"closed","ping_status":"closed","template":"","meta":{"footnotes":""},"class_list":["post-141","page","type-page","status-publish","hentry"],"_links":{"self":[{"href":"https:\/\/webs.uab.cat\/simposi\/wp-json\/wp\/v2\/pages\/141","targetHints":{"allow":["GET"]}}],"collection":[{"href":"https:\/\/webs.uab.cat\/simposi\/wp-json\/wp\/v2\/pages"}],"about":[{"href":"https:\/\/webs.uab.cat\/simposi\/wp-json\/wp\/v2\/types\/page"}],"author":[{"embeddable":true,"href":"https:\/\/webs.uab.cat\/simposi\/wp-json\/wp\/v2\/users\/20"}],"replies":[{"embeddable":true,"href":"https:\/\/webs.uab.cat\/simposi\/wp-json\/wp\/v2\/comments?post=141"}],"version-history":[{"count":1,"href":"https:\/\/webs.uab.cat\/simposi\/wp-json\/wp\/v2\/pages\/141\/revisions"}],"predecessor-version":[{"id":431,"href":"https:\/\/webs.uab.cat\/simposi\/wp-json\/wp\/v2\/pages\/141\/revisions\/431"}],"wp:attachment":[{"href":"https:\/\/webs.uab.cat\/simposi\/wp-json\/wp\/v2\/media?parent=141"}],"curies":[{"name":"wp","href":"https:\/\/api.w.org\/{rel}","templated":true}]}}