{"id":1608,"date":"2026-02-23T10:51:08","date_gmt":"2026-02-23T08:51:08","guid":{"rendered":"https:\/\/webs.uab.cat\/simposi\/?page_id=1608"},"modified":"2026-02-23T10:51:09","modified_gmt":"2026-02-23T08:51:09","slug":"presentacio-2025","status":"publish","type":"page","link":"https:\/\/webs.uab.cat\/simposi\/presentacio-2025\/","title":{"rendered":"Presentaci\u00f3 2025"},"content":{"rendered":"\n<p>La Universitat Aut\u00f2noma de Barcelona, a trav\u00e9s del Departament de Traducci\u00f3, Interpretaci\u00f3 i Estudis d&#8217;\u00c0sia Oriental, organitza el XV Simposi Internacional de Recerca Jove en Traducci\u00f3, Interpretaci\u00f3, Estudis Interculturals i Estudis de l\u2019\u00c0sia Oriental, que se celebrar\u00e0 el dia 11 de juliol de 2025 a la Facultat de Traducci\u00f3 i Interpretaci\u00f3, al campus de Bellaterra.&nbsp;<\/p>\n\n\n\n<p>El simposi t\u00e9 com a objectiu promoure la reflexi\u00f3, l\u2019estudi i la investigaci\u00f3 i oferir l&#8217;oportunitat de presentar els seus treballs a joves investigadors.&nbsp;<\/p>\n\n\n\n<p>Les lleng\u00fces del congr\u00e9s seran el catal\u00e0, castell\u00e0 i angl\u00e8s.&nbsp;<\/p>\n\n\n\n<p>El simposi ser\u00e0 presencial.&nbsp;<\/p>\n","protected":false},"excerpt":{"rendered":"<p>La Universitat Aut\u00f2noma de Barcelona, a trav\u00e9s del Departament de Traducci\u00f3, Interpretaci\u00f3 i Estudis d&#8217;\u00c0sia Oriental, organitza el XV Simposi Internacional de Recerca Jove en Traducci\u00f3, Interpretaci\u00f3, Estudis Interculturals i Estudis de l\u2019\u00c0sia Oriental, que se celebrar\u00e0 el dia 11 de juliol de 2025 a la Facultat de Traducci\u00f3 i Interpretaci\u00f3, al campus de Bellaterra.&nbsp; [&hellip;]<\/p>\n","protected":false},"author":103,"featured_media":0,"parent":0,"menu_order":0,"comment_status":"closed","ping_status":"closed","template":"","meta":{"footnotes":""},"class_list":["post-1608","page","type-page","status-publish","hentry"],"_links":{"self":[{"href":"https:\/\/webs.uab.cat\/simposi\/wp-json\/wp\/v2\/pages\/1608","targetHints":{"allow":["GET"]}}],"collection":[{"href":"https:\/\/webs.uab.cat\/simposi\/wp-json\/wp\/v2\/pages"}],"about":[{"href":"https:\/\/webs.uab.cat\/simposi\/wp-json\/wp\/v2\/types\/page"}],"author":[{"embeddable":true,"href":"https:\/\/webs.uab.cat\/simposi\/wp-json\/wp\/v2\/users\/103"}],"replies":[{"embeddable":true,"href":"https:\/\/webs.uab.cat\/simposi\/wp-json\/wp\/v2\/comments?post=1608"}],"version-history":[{"count":1,"href":"https:\/\/webs.uab.cat\/simposi\/wp-json\/wp\/v2\/pages\/1608\/revisions"}],"predecessor-version":[{"id":1609,"href":"https:\/\/webs.uab.cat\/simposi\/wp-json\/wp\/v2\/pages\/1608\/revisions\/1609"}],"wp:attachment":[{"href":"https:\/\/webs.uab.cat\/simposi\/wp-json\/wp\/v2\/media?parent=1608"}],"curies":[{"name":"wp","href":"https:\/\/api.w.org\/{rel}","templated":true}]}}