{"id":161,"date":"2022-02-15T09:06:59","date_gmt":"2022-02-15T07:06:59","guid":{"rendered":"https:\/\/webs.uab.cat\/simposi\/simposi-2021\/"},"modified":"2023-02-20T11:51:21","modified_gmt":"2023-02-20T09:51:21","slug":"simposi-2021","status":"publish","type":"page","link":"https:\/\/webs.uab.cat\/simposi\/simposi-2021\/","title":{"rendered":"Simposi 2021"},"content":{"rendered":"\n<p><strong><a href=\"https:\/\/webs.uab.cat\/simposi\/presentacio-2021\/\" data-type=\"page\" data-id=\"162\">Presentaci\u00f3<\/a><\/strong><\/p>\n\n\n\n<p><strong><a href=\"https:\/\/webs.uab.cat\/simposi\/simposi-2021\/\" data-type=\"page\" data-id=\"161\">Programa<\/a><\/strong><\/p>\n\n\n\n<p><strong><a href=\"https:\/\/webs.uab.cat\/simposi\/conferencia-plenaria-3\/\" data-type=\"page\" data-id=\"170\">Confer\u00e8ncia plen\u00e0ria<\/a><\/strong><\/p>\n\n\n\n<p><strong><a href=\"https:\/\/webs.uab.cat\/simposi\/comite-3\/\" data-type=\"page\" data-id=\"171\">Comit\u00e8<\/a><\/strong><\/p>\n","protected":false},"excerpt":{"rendered":"<p>Presentaci\u00f3 Programa Confer\u00e8ncia plen\u00e0ria Comit\u00e8<\/p>\n","protected":false},"author":20,"featured_media":0,"parent":0,"menu_order":0,"comment_status":"closed","ping_status":"closed","template":"","meta":{"footnotes":""},"class_list":["post-161","page","type-page","status-publish","hentry"],"_links":{"self":[{"href":"https:\/\/webs.uab.cat\/simposi\/wp-json\/wp\/v2\/pages\/161","targetHints":{"allow":["GET"]}}],"collection":[{"href":"https:\/\/webs.uab.cat\/simposi\/wp-json\/wp\/v2\/pages"}],"about":[{"href":"https:\/\/webs.uab.cat\/simposi\/wp-json\/wp\/v2\/types\/page"}],"author":[{"embeddable":true,"href":"https:\/\/webs.uab.cat\/simposi\/wp-json\/wp\/v2\/users\/20"}],"replies":[{"embeddable":true,"href":"https:\/\/webs.uab.cat\/simposi\/wp-json\/wp\/v2\/comments?post=161"}],"version-history":[{"count":2,"href":"https:\/\/webs.uab.cat\/simposi\/wp-json\/wp\/v2\/pages\/161\/revisions"}],"predecessor-version":[{"id":435,"href":"https:\/\/webs.uab.cat\/simposi\/wp-json\/wp\/v2\/pages\/161\/revisions\/435"}],"wp:attachment":[{"href":"https:\/\/webs.uab.cat\/simposi\/wp-json\/wp\/v2\/media?parent=161"}],"curies":[{"name":"wp","href":"https:\/\/api.w.org\/{rel}","templated":true}]}}