{"id":1634,"date":"2026-02-23T11:16:35","date_gmt":"2026-02-23T09:16:35","guid":{"rendered":"https:\/\/webs.uab.cat\/simposi\/?page_id=1634"},"modified":"2026-02-23T11:16:35","modified_gmt":"2026-02-23T09:16:35","slug":"comite-2025","status":"publish","type":"page","link":"https:\/\/webs.uab.cat\/simposi\/comite-2025\/","title":{"rendered":"Comit\u00e8 2025"},"content":{"rendered":"\n<h2 class=\"wp-block-heading\"><strong>Comit\u00e8 de direcci\u00f3<\/strong><\/h2>\n\n\n\n<p>Dr. Carles Biosca Trias, Universitat Aut\u00f2noma de Barcelona<\/p>\n\n\n\n<p>Dra. Maialen Marin-Lacarta, Universitat Aut\u00f2noma de Barcelona<\/p>\n\n\n\n<h2 class=\"wp-block-heading\"><br><strong>Comit\u00e8 organitzador<\/strong><\/h2>\n\n\n\n<p>\u00d3scar Garc\u00eda Aranda, Universitat Aut\u00f2noma de Barcelona<\/p>\n\n\n\n<p>Lourdes Gay Punzano, Universitat Aut\u00f2noma de Barcelona<\/p>\n\n\n\n<p>Isabel Gonz\u00e1lez Torrents, Universitat Aut\u00f2noma de Barcelona<\/p>\n\n\n\n<p>Xu Guo, Universitat Aut\u00f2noma de Barcelona<\/p>\n\n\n\n<p>Marc Miranda, Universitat Aut\u00f2noma de Barcelona<\/p>\n\n\n\n<p>Miguel \u00c1ngel Oliva Zamora, Universitat Aut\u00f2noma de Barcelona<\/p>\n\n\n\n<h2 class=\"wp-block-heading\"><br><strong>Comit\u00e8 cient\u00edfic<\/strong><\/h2>\n\n\n\n<p>Dra. Gema Rubio Carbonero, Universitat Aut\u00f2noma de Barcelona<\/p>\n\n\n\n<p>Dra. Alba Serra-Vilella, Universitat Aut\u00f2noma de Barcelona<\/p>\n\n\n\n<p>Dra. Esther Torres, Universitat Aut\u00f2noma de Barcelona<\/p>\n\n\n\n<p>Dra. Marta Arum\u00ed, Universitat Aut\u00f2noma de Barcelona<\/p>\n\n\n\n<p>Dr. Joaqu\u00edn Beltr\u00e1n, Universitat Aut\u00f2noma de Barcelona<\/p>\n\n\n\n<p>Dra. Mar\u00eda Carmen Esp\u00edn, Universitat Aut\u00f2noma de Barcelona<\/p>\n\n\n\n<p>Dr. Francesc Galera, Universitat Aut\u00f2noma de Barcelona<\/p>\n\n\n\n<p>Dra. Amparo Hurtado, Universitat Aut\u00f2noma de Barcelona<\/p>\n\n\n\n<p>Dr. Gonzalo Iturregui, Universitat Aut\u00f2noma de Barcelona<\/p>\n\n\n\n<p>Dr. Artur Lozano M\u00e9ndez, Universitat Aut\u00f2noma de Barcelona<\/p>\n\n\n\n<p>Dra. Carme Mangiron, Universitat Aut\u00f2noma de Barcelona<\/p>\n\n\n\n<p>Dra. Luc\u00eda Molina, Universitat Aut\u00f2noma de Barcelona<\/p>\n\n\n\n<p>Dra. Estel\u00b7la Oncins, Universitat Aut\u00f2noma de Barcelona<\/p>\n\n\n\n<p>Dra. Sara Rovira Esteva, Universitat Aut\u00f2noma de Barcelona<\/p>\n\n\n\n<p>Dra. Amelia S\u00e1iz, Universitat Aut\u00f2noma de Barcelona<\/p>\n\n\n\n<p>Dra. Pilar S\u00e1nchez-Gij\u00f3n, Universitat Aut\u00f2noma de Barcelona<\/p>\n\n\n\n<p>Dra. Mar\u00eda Eugenia Larreina, Universitat Aut\u00f2noma de Barcelona<\/p>\n\n\n\n<p>Dr. Nazir Ahmed Can, Universitat Aut\u00f2noma de Barcelona<\/p>\n\n\n\n<p>Dra. Mireia Vargas Urp\u00ed, Universitat Aut\u00f2noma de Barcelona<\/p>\n\n\n\n<p>Dra. Val\u00e8ria Gaillard, Universitat Aut\u00f2noma de Barcelona<\/p>\n\n\n\n<p>Dr. Antonio Paoliello, Universitat Aut\u00f2noma de Barcelona<\/p>\n\n\n\n<p>Dra. Maialen Mar\u00edn-Lacarta, Universitat Aut\u00f2noma de Barcelona<\/p>\n\n\n\n<p>Dr. Carles Biosca, Universitat Aut\u00f2noma de Barcelona<\/p>\n\n\n\n<p>Dr. Christian Olalla-Soler, Universitat Aut\u00f2noma de Barcelona<\/p>\n","protected":false},"excerpt":{"rendered":"<p>Comit\u00e8 de direcci\u00f3 Dr. Carles Biosca Trias, Universitat Aut\u00f2noma de Barcelona Dra. Maialen Marin-Lacarta, Universitat Aut\u00f2noma de Barcelona Comit\u00e8 organitzador \u00d3scar Garc\u00eda Aranda, Universitat Aut\u00f2noma de Barcelona Lourdes Gay Punzano, Universitat Aut\u00f2noma de Barcelona Isabel Gonz\u00e1lez Torrents, Universitat Aut\u00f2noma de Barcelona Xu Guo, Universitat Aut\u00f2noma de Barcelona Marc Miranda, Universitat Aut\u00f2noma de Barcelona Miguel \u00c1ngel [&hellip;]<\/p>\n","protected":false},"author":103,"featured_media":0,"parent":0,"menu_order":0,"comment_status":"closed","ping_status":"closed","template":"","meta":{"footnotes":""},"class_list":["post-1634","page","type-page","status-publish","hentry"],"_links":{"self":[{"href":"https:\/\/webs.uab.cat\/simposi\/wp-json\/wp\/v2\/pages\/1634","targetHints":{"allow":["GET"]}}],"collection":[{"href":"https:\/\/webs.uab.cat\/simposi\/wp-json\/wp\/v2\/pages"}],"about":[{"href":"https:\/\/webs.uab.cat\/simposi\/wp-json\/wp\/v2\/types\/page"}],"author":[{"embeddable":true,"href":"https:\/\/webs.uab.cat\/simposi\/wp-json\/wp\/v2\/users\/103"}],"replies":[{"embeddable":true,"href":"https:\/\/webs.uab.cat\/simposi\/wp-json\/wp\/v2\/comments?post=1634"}],"version-history":[{"count":1,"href":"https:\/\/webs.uab.cat\/simposi\/wp-json\/wp\/v2\/pages\/1634\/revisions"}],"predecessor-version":[{"id":1635,"href":"https:\/\/webs.uab.cat\/simposi\/wp-json\/wp\/v2\/pages\/1634\/revisions\/1635"}],"wp:attachment":[{"href":"https:\/\/webs.uab.cat\/simposi\/wp-json\/wp\/v2\/media?parent=1634"}],"curies":[{"name":"wp","href":"https:\/\/api.w.org\/{rel}","templated":true}]}}