{"id":1660,"date":"2026-03-30T19:21:05","date_gmt":"2026-03-30T17:21:05","guid":{"rendered":"https:\/\/webs.uab.cat\/simposi\/?page_id=1660"},"modified":"2026-03-30T19:32:22","modified_gmt":"2026-03-30T17:32:22","slug":"comite","status":"publish","type":"page","link":"https:\/\/webs.uab.cat\/simposi\/comite\/","title":{"rendered":"Comit\u00e8 2026"},"content":{"rendered":"\n<h2 class=\"wp-block-heading\"><strong>Comit\u00e8 organitzador<\/strong><\/h2>\n\n\n\n<p>Dr. Joan Ferrarrons i Llagostera, Universitat Aut\u00f2noma de Barcelona<\/p>\n\n\n\n<p>Dra. Lingzhi Nie, Universitat Aut\u00f2noma de Barcelona<\/p>\n\n\n\n<h2 class=\"wp-block-heading\"><br><strong>Comit\u00e8 organitzador<\/strong><\/h2>\n\n\n\n<p>Oscar Garc\u00eda Aranda, Universitat Aut\u00f2noma de Barcelona<\/p>\n\n\n\n<p>Isabel Gonz\u00e1lez Torrents, Universitat Aut\u00f2noma de Barcelona<\/p>\n\n\n\n<p>Celia Gonz\u00e1lez D\u00edaz, Universitat Aut\u00f2noma de Barcelona<\/p>\n\n\n\n<p>Mario Cuitavi Mart\u00edn, Universitat Aut\u00f2noma de Barcelona<\/p>\n\n\n\n<p>Marc Aura Rodrigo, Universitat Aut\u00f2noma de Barcelona<\/p>\n\n\n\n<p>Africa Nadal Hern\u00e1ndez, Universitat Aut\u00f2noma de Barcelona<\/p>\n\n\n\n<h2 class=\"wp-block-heading\"><br><strong>Comit\u00e8 cient\u00edfic<\/strong><\/h2>\n\n\n\n<p>Dr. Nazir Ahmed, Universitat Aut\u00f2noma de Barcelona<\/p>\n\n\n\n<p>Dra. Marta Arum\u00ed, Universitat Aut\u00f2noma de Barcelona<\/p>\n\n\n\n<p>Dr. Joaqu\u00edn Beltr\u00e1n, Universitat Aut\u00f2noma de Barcelona<\/p>\n\n\n\n<p>Dr. Mar\u00eda Carmen Esp\u00edn, Universitat Aut\u00f2noma de Barcelona<\/p>\n\n\n\n<p>Dr. Francesc Galera, Universitat Aut\u00f2noma de Barcelona<\/p>\n\n\n\n<p>Dra. Sof\u00eda Garc\u00eda-Beyaert, Universitat Aut\u00f2noma de Barcelona<\/p>\n\n\n\n<p>Dra. Amparo Hurtado, Universitat Aut\u00f2noma de Barcelona<\/p>\n\n\n\n<p>Dr. Gonzalo Iturregui, Universitat Aut\u00f2noma de Barcelona<\/p>\n\n\n\n<p>Dr. Artur Lozano M\u00e9ndez, Universitat Aut\u00f2noma de Barcelona<\/p>\n\n\n\n<p>Dra. Carme Mangiron, Universitat Aut\u00f2noma de Barcelona<\/p>\n\n\n\n<p>Dra. Luc\u00eda Molina, Universitat Aut\u00f2noma de Barcelona<\/p>\n\n\n\n<p>Dra. Liudmila Navtanovich, Universitat Aut\u00f2noma de Barcelona<\/p>\n\n\n\n<p>Dra. Estel\u00b7la Oncins, Universitat Aut\u00f2noma de Barcelona<\/p>\n\n\n\n<p>Dr. Antonio Paoliello, Universitat Aut\u00f2noma de Barcelona<\/p>\n\n\n\n<p>Dra. Sara Rovira Esteva, Universitat Aut\u00f2noma de Barcelona<\/p>\n\n\n\n<p>Dra. Amelia S\u00e1iz, Universitat Aut\u00f2noma de Barcelona<\/p>\n\n\n\n<p>Dra. Simona Skrabec Skrabec, Universitat Aut\u00f2noma de Barcelona<\/p>\n\n\n\n<p>Dra. Olga Torres Hostench, Universitat Aut\u00f2noma de Barcelona<\/p>\n\n\n\n<p>Dra. Mireia Vargas, Universitat Aut\u00f2noma de Barcelona<\/p>\n","protected":false},"excerpt":{"rendered":"<p>Comit\u00e8 organitzador Dr. Joan Ferrarrons i Llagostera, Universitat Aut\u00f2noma de Barcelona Dra. Lingzhi Nie, Universitat Aut\u00f2noma de Barcelona Comit\u00e8 organitzador Oscar Garc\u00eda Aranda, Universitat Aut\u00f2noma de Barcelona Isabel Gonz\u00e1lez Torrents, Universitat Aut\u00f2noma de Barcelona Celia Gonz\u00e1lez D\u00edaz, Universitat Aut\u00f2noma de Barcelona Mario Cuitavi Mart\u00edn, Universitat Aut\u00f2noma de Barcelona Marc Aura Rodrigo, Universitat Aut\u00f2noma de Barcelona [&hellip;]<\/p>\n","protected":false},"author":3233,"featured_media":0,"parent":0,"menu_order":0,"comment_status":"closed","ping_status":"closed","template":"","meta":{"footnotes":""},"class_list":["post-1660","page","type-page","status-publish","hentry"],"_links":{"self":[{"href":"https:\/\/webs.uab.cat\/simposi\/wp-json\/wp\/v2\/pages\/1660","targetHints":{"allow":["GET"]}}],"collection":[{"href":"https:\/\/webs.uab.cat\/simposi\/wp-json\/wp\/v2\/pages"}],"about":[{"href":"https:\/\/webs.uab.cat\/simposi\/wp-json\/wp\/v2\/types\/page"}],"author":[{"embeddable":true,"href":"https:\/\/webs.uab.cat\/simposi\/wp-json\/wp\/v2\/users\/3233"}],"replies":[{"embeddable":true,"href":"https:\/\/webs.uab.cat\/simposi\/wp-json\/wp\/v2\/comments?post=1660"}],"version-history":[{"count":4,"href":"https:\/\/webs.uab.cat\/simposi\/wp-json\/wp\/v2\/pages\/1660\/revisions"}],"predecessor-version":[{"id":1665,"href":"https:\/\/webs.uab.cat\/simposi\/wp-json\/wp\/v2\/pages\/1660\/revisions\/1665"}],"wp:attachment":[{"href":"https:\/\/webs.uab.cat\/simposi\/wp-json\/wp\/v2\/media?parent=1660"}],"curies":[{"name":"wp","href":"https:\/\/api.w.org\/{rel}","templated":true}]}}