{"id":170,"date":"2022-02-15T09:11:58","date_gmt":"2022-02-15T07:11:58","guid":{"rendered":"https:\/\/webs.uab.cat\/simposi\/conferencia-plenaria-3\/"},"modified":"2026-03-30T19:51:05","modified_gmt":"2026-03-30T17:51:05","slug":"conferencia-plenaria-2021","status":"publish","type":"page","link":"https:\/\/webs.uab.cat\/simposi\/conferencia-plenaria-2021\/","title":{"rendered":"Confer\u00e8ncia plen\u00e0ria 2021"},"content":{"rendered":"<p>Aquest any la confer\u00e8ncia plen\u00e0ria ser\u00e0 a c\u00e0rrec del professor&nbsp;<a href=\"https:\/\/www.uam.es\/ss\/Satellite\/FilosofiayLetras\/es\/1242658464228\/1242658473329\/persona\/detallePDI\/Moreno_Cabrera,_Juan_Carlos.htm\" target=\"_blank\" rel=\"noopener\">Juan Carlos Moreno Cabrera<\/a>&nbsp;(catedr\u00e0tic jubilat de la Universitat Aut\u00f2noma de Madrid):<\/p>\n<p><strong>El supremacisme ling\u00fc\u00edstic en el m\u00f3n acad\u00e8mic<\/strong><br \/>\nLa pol\u00edtica acad\u00e8mica que obliga que unes quantes lleng\u00fces, fins i tot una de sola, es considerin les \u00faniques acceptables i prestigioses en el m\u00f3n acad\u00e8mic est\u00e0 fonamentada de manera impl\u00edcita en una visi\u00f3 supremacista de les lleng\u00fces segons la qual hi ha uns idiomes concrets m\u00e9s aptes o adequats que no pas altres per a finalitats determinades. Aquesta visi\u00f3, mancada de cap justificaci\u00f3 ling\u00fc\u00edstica, est\u00e0 directament inspirada i regida pels processos d&#8217;imperalisme ling\u00fc\u00edstic que han ocasionat l&#8217;hegemonia d&#8217;unes lleng\u00fces determinades per damunt d&#8217;unes altres, que han estat i continuen essent despla\u00e7ades, marginades i minoritzades. L&#8217;objectiu de la confer\u00e8ncia \u00e9s fer prendre consci\u00e8ncia a la comunitat acad\u00e8mica de les connexions profundes entre aquesta pol\u00edtica i aquells processos que poden fer-nos veure els aspectes ideol\u00f2gics darrere de l&#8217;elecci\u00f3, suposadament lliure, d&#8217;unes lleng\u00fces per damunt d&#8217;unes altres considerades cient\u00edficament o acad\u00e8mica menys rellevants.<\/p>\n","protected":false},"excerpt":{"rendered":"<p>Aquest any la confer\u00e8ncia plen\u00e0ria ser\u00e0 a c\u00e0rrec del professor&nbsp;Juan Carlos Moreno Cabrera&nbsp;(catedr\u00e0tic jubilat de la Universitat Aut\u00f2noma de Madrid): El supremacisme ling\u00fc\u00edstic en el m\u00f3n acad\u00e8mic La pol\u00edtica acad\u00e8mica que obliga que unes quantes lleng\u00fces, fins i tot una de sola, es considerin les \u00faniques acceptables i prestigioses en el m\u00f3n acad\u00e8mic est\u00e0 fonamentada [&hellip;]<\/p>\n","protected":false},"author":20,"featured_media":0,"parent":0,"menu_order":0,"comment_status":"closed","ping_status":"closed","template":"","meta":{"footnotes":""},"class_list":["post-170","page","type-page","status-publish","hentry"],"_links":{"self":[{"href":"https:\/\/webs.uab.cat\/simposi\/wp-json\/wp\/v2\/pages\/170","targetHints":{"allow":["GET"]}}],"collection":[{"href":"https:\/\/webs.uab.cat\/simposi\/wp-json\/wp\/v2\/pages"}],"about":[{"href":"https:\/\/webs.uab.cat\/simposi\/wp-json\/wp\/v2\/types\/page"}],"author":[{"embeddable":true,"href":"https:\/\/webs.uab.cat\/simposi\/wp-json\/wp\/v2\/users\/20"}],"replies":[{"embeddable":true,"href":"https:\/\/webs.uab.cat\/simposi\/wp-json\/wp\/v2\/comments?post=170"}],"version-history":[{"count":1,"href":"https:\/\/webs.uab.cat\/simposi\/wp-json\/wp\/v2\/pages\/170\/revisions"}],"predecessor-version":[{"id":1680,"href":"https:\/\/webs.uab.cat\/simposi\/wp-json\/wp\/v2\/pages\/170\/revisions\/1680"}],"wp:attachment":[{"href":"https:\/\/webs.uab.cat\/simposi\/wp-json\/wp\/v2\/media?parent=170"}],"curies":[{"name":"wp","href":"https:\/\/api.w.org\/{rel}","templated":true}]}}