{"id":171,"date":"2022-02-15T09:13:02","date_gmt":"2022-02-15T07:13:02","guid":{"rendered":"https:\/\/webs.uab.cat\/simposi\/comite-3\/"},"modified":"2026-03-30T19:29:19","modified_gmt":"2026-03-30T17:29:19","slug":"comite-3","status":"publish","type":"page","link":"https:\/\/webs.uab.cat\/simposi\/comite-3\/","title":{"rendered":"Comit\u00e8 2021"},"content":{"rendered":"<p><strong>Comit\u00e8 de direcci\u00f3<\/strong><\/p>\n<p>Dr. Adri\u00e0 Mart\u00edn, Universitat Aut\u00f2noma de Barcelona<br \/>\nDra. Luc\u00eda Molina, Universitat Aut\u00f2noma de Barcelona<\/p>\n<p><strong>Comit\u00e8 organitzador<\/strong><\/p>\n<p>Irene Hermosa, Universitat Aut\u00f2noma de Barcelona<br \/>\nKsenia&nbsp;Yakovleva,&nbsp;Universitat Aut\u00f2noma de Barcelona<br \/>\nLeian Du, Universitat Aut\u00f2noma de Barcelona<br \/>\nMar\u00eda&nbsp;Eugenia Larreina,&nbsp;Universitat Aut\u00f2noma de Barcelona<br \/>\nMarta Brescia, Universitat Aut\u00f2noma de Barcelona<br \/>\nMatteo Mandis, Universitat Aut\u00f2noma de Barcelona<br \/>\nShiguang Hong, Universitat Aut\u00f2noma de Barcelona<br \/>\nZhimeng Bai, Universitat Aut\u00f2noma de Barcelona<\/p>\n","protected":false},"excerpt":{"rendered":"<p>Comit\u00e8 de direcci\u00f3 Dr. Adri\u00e0 Mart\u00edn, Universitat Aut\u00f2noma de Barcelona Dra. Luc\u00eda Molina, Universitat Aut\u00f2noma de Barcelona Comit\u00e8 organitzador Irene Hermosa, Universitat Aut\u00f2noma de Barcelona Ksenia&nbsp;Yakovleva,&nbsp;Universitat Aut\u00f2noma de Barcelona Leian Du, Universitat Aut\u00f2noma de Barcelona Mar\u00eda&nbsp;Eugenia Larreina,&nbsp;Universitat Aut\u00f2noma de Barcelona Marta Brescia, Universitat Aut\u00f2noma de Barcelona Matteo Mandis, Universitat Aut\u00f2noma de Barcelona Shiguang Hong, Universitat [&hellip;]<\/p>\n","protected":false},"author":20,"featured_media":0,"parent":0,"menu_order":0,"comment_status":"closed","ping_status":"closed","template":"","meta":{"footnotes":""},"class_list":["post-171","page","type-page","status-publish","hentry"],"_links":{"self":[{"href":"https:\/\/webs.uab.cat\/simposi\/wp-json\/wp\/v2\/pages\/171","targetHints":{"allow":["GET"]}}],"collection":[{"href":"https:\/\/webs.uab.cat\/simposi\/wp-json\/wp\/v2\/pages"}],"about":[{"href":"https:\/\/webs.uab.cat\/simposi\/wp-json\/wp\/v2\/types\/page"}],"author":[{"embeddable":true,"href":"https:\/\/webs.uab.cat\/simposi\/wp-json\/wp\/v2\/users\/20"}],"replies":[{"embeddable":true,"href":"https:\/\/webs.uab.cat\/simposi\/wp-json\/wp\/v2\/comments?post=171"}],"version-history":[{"count":2,"href":"https:\/\/webs.uab.cat\/simposi\/wp-json\/wp\/v2\/pages\/171\/revisions"}],"predecessor-version":[{"id":1669,"href":"https:\/\/webs.uab.cat\/simposi\/wp-json\/wp\/v2\/pages\/171\/revisions\/1669"}],"wp:attachment":[{"href":"https:\/\/webs.uab.cat\/simposi\/wp-json\/wp\/v2\/media?parent=171"}],"curies":[{"name":"wp","href":"https:\/\/api.w.org\/{rel}","templated":true}]}}