{"id":182,"date":"2023-01-19T13:00:23","date_gmt":"2023-01-19T11:00:23","guid":{"rendered":"https:\/\/webs.uab.cat\/simposi\/presentacio-2022\/"},"modified":"2023-01-19T13:00:23","modified_gmt":"2023-01-19T11:00:23","slug":"presentacio-2022","status":"publish","type":"page","link":"https:\/\/webs.uab.cat\/simposi\/presentacio-2022\/","title":{"rendered":"Presentaci\u00f3 2022"},"content":{"rendered":"<p>El XII\u00e8&nbsp;<a href=\"https:\/\/pagines.uab.cat\/simposi\/\">Simposi Internacional de Recerca Jove en Traducci\u00f3, Interpretaci\u00f3, Estudis Interculturals i Estudis de l&#8217;\u00c0sia Oriental<\/a>&nbsp;tindr\u00e0 lloc l&#8217;1&nbsp;de juliol del 2022 de forma presencial.<\/p>\n<p>Aquest simposi s&#8217;adre\u00e7a a estudiants de m\u00e0ster i de doctorat, o a persones que, despr\u00e9s del doctorat, tot just hagin encetat la seva carrera en l&#8217;\u00e0mbit de la recerca. L\u2019objectiu del simposi \u00e9s oferir-los un espai d\u2019intercanvi d&#8217;idees, un f\u00f2rum on presentar la recerca que duen a terme en l\u2019\u00e0mbit de la traducci\u00f3, la interpretaci\u00f3, els estudis interculturals o els estudis de l\u2019\u00c0sia Oriental.<\/p>\n<p>Es valoraran especialment les pon\u00e8ncies relacionades amb les l\u00ednies de recerca del Departament de Traducci\u00f3 i d&#8217;Interpretaci\u00f3 i d\u2019Estudis de l\u2019\u00c0sia Oriental de la UAB:<\/p>\n<p><strong><em>Traducci\u00f3 i interpretaci\u00f3<\/em><\/strong><\/p>\n<ol>\n<li>Traducci\u00f3 de textos especialitzats.<\/li>\n<li>Traducci\u00f3 de textos literaris.<\/li>\n<li>Traducci\u00f3 audiovisual i accessibilitat als mitjans de comunicaci\u00f3.<\/li>\n<li>Interpretaci\u00f3.<\/li>\n<li>Tradum\u00e0tica. TIC aplicades a la traducci\u00f3.<\/li>\n<li>Formaci\u00f3 en traducci\u00f3 i interpretaci\u00f3.<\/li>\n<li>Hist\u00f2ria de la traducci\u00f3 i la interpretaci\u00f3.<\/li>\n<li>Interculturalitat, ideologia i sociologia de la traducci\u00f3 i interpretaci\u00f3.<\/li>\n<li>Textualitat i traducci\u00f3.<\/li>\n<li>Cognici\u00f3 en traducci\u00f3 i interpretaci\u00f3.<\/li>\n<li>Aspectes professionals i laborals de la traducci\u00f3 i la interpretaci\u00f3.<\/li>\n<li>Aplicaci\u00f3 de la metodologia emp\u00edrica en la recerca sobre traducci\u00f3 i interpretaci\u00f3.<\/li>\n<\/ol>\n<p>&nbsp;<\/p>\n<p><strong><em>Estudis de l&#8217;\u00c0sia oriental<\/em><\/strong><\/p>\n<ol>\n<li>Llengua i literatura de l&#8217;\u00c0sia oriental.<\/li>\n<li>Pol\u00edtica i relacions internacionals de l\u2019\u00c0sia oriental.<\/li>\n<li>Societat de l\u2019\u00c0sia oriental.<\/li>\n<li>Cultura, pensament i interculturalitat de l\u2019\u00c0sia oriental.<\/li>\n<li>Economia de l\u2019\u00c0sia oriental.<\/li>\n<\/ol>\n<p>&nbsp;<\/p>\n<p>El simposi ser\u00e0 presencial.<\/p>\n<p>Les lleng\u00fces del simposi seran: catal\u00e0, castell\u00e0 i angl\u00e8s.<\/p>\n<p>Les comunicacions no hauran de durar m\u00e9s de deu minuts, per tal que despr\u00e9s de cada sessi\u00f3 es disposi de prou temps per a les preguntes i els comentaris dels assistents.<\/p>\n<p>No es publicaran actes. S\u2019expedir\u00e0 un certificat a tothom qui s&#8217;hi hagi inscrit i hagi assistit al simposi i un segon certificat a qui hi hagi presentat comunicaci\u00f3.<\/p>\n","protected":false},"excerpt":{"rendered":"<p>El XII\u00e8&nbsp;Simposi Internacional de Recerca Jove en Traducci\u00f3, Interpretaci\u00f3, Estudis Interculturals i Estudis de l&#8217;\u00c0sia Oriental&nbsp;tindr\u00e0 lloc l&#8217;1&nbsp;de juliol del 2022 de forma presencial. Aquest simposi s&#8217;adre\u00e7a a estudiants de m\u00e0ster i de doctorat, o a persones que, despr\u00e9s del doctorat, tot just hagin encetat la seva carrera en l&#8217;\u00e0mbit de la recerca. L\u2019objectiu del [&hellip;]<\/p>\n","protected":false},"author":20,"featured_media":0,"parent":0,"menu_order":0,"comment_status":"closed","ping_status":"closed","template":"","meta":{"footnotes":""},"class_list":["post-182","page","type-page","status-publish","hentry"],"_links":{"self":[{"href":"https:\/\/webs.uab.cat\/simposi\/wp-json\/wp\/v2\/pages\/182","targetHints":{"allow":["GET"]}}],"collection":[{"href":"https:\/\/webs.uab.cat\/simposi\/wp-json\/wp\/v2\/pages"}],"about":[{"href":"https:\/\/webs.uab.cat\/simposi\/wp-json\/wp\/v2\/types\/page"}],"author":[{"embeddable":true,"href":"https:\/\/webs.uab.cat\/simposi\/wp-json\/wp\/v2\/users\/20"}],"replies":[{"embeddable":true,"href":"https:\/\/webs.uab.cat\/simposi\/wp-json\/wp\/v2\/comments?post=182"}],"version-history":[{"count":0,"href":"https:\/\/webs.uab.cat\/simposi\/wp-json\/wp\/v2\/pages\/182\/revisions"}],"wp:attachment":[{"href":"https:\/\/webs.uab.cat\/simposi\/wp-json\/wp\/v2\/media?parent=182"}],"curies":[{"name":"wp","href":"https:\/\/api.w.org\/{rel}","templated":true}]}}