{"id":189,"date":"2023-01-19T13:05:18","date_gmt":"2023-01-19T11:05:18","guid":{"rendered":"https:\/\/webs.uab.cat\/simposi\/comite-2022\/"},"modified":"2026-03-30T19:10:19","modified_gmt":"2026-03-30T17:10:19","slug":"comite-2022","status":"publish","type":"page","link":"https:\/\/webs.uab.cat\/simposi\/comite-2022\/","title":{"rendered":"Comit\u00e8 2022"},"content":{"rendered":"<p><strong>Comit\u00e8 de direcci\u00f3<\/strong><\/p>\n<p>Dr. Eduard Bartoll, Universitat Aut\u00f2noma de Barcelona<br \/>\nDr. Gonzalo Iturregui-Gallardo, Universitat Aut\u00f2noma de Barcelona<\/p>\n<p><strong>Comit\u00e8 organitzador<\/strong><\/p>\n<p>Francesc Andreu, Universitat Aut\u00f2noma de Barcelona<br \/>\nMarta Brescia,&nbsp;Universitat Aut\u00f2noma de Barcelona<br \/>\n\u00c0ngel Castell\u00f3, Universitat Aut\u00f2noma de Barcelona<br \/>\nLourdes Gay, Universitat Aut\u00f2noma de Barcelona<br \/>\nMar\u00eda Eugenia Larreina, Universitat Aut\u00f2noma de Barcelona<br \/>\nMingtan Xu, Universitat Aut\u00f2noma de Barcelona<\/p>\n<p><strong>Comit\u00e8 cient\u00edfic<\/strong><\/p>\n<p>Dra. Merc\u00e8&nbsp;Altimir, Universitat Aut\u00f2noma de Barcelona<\/p>\n<p>Dra. Marta Arum\u00ed,&nbsp;Universitat Aut\u00f2noma de Barcelona<\/p>\n<p>Dr. Eduard Bartoll,&nbsp;Universitat Aut\u00f2noma de Barcelona<\/p>\n<p>Dr. Joaqu\u00edn Beltr\u00e1n,&nbsp;Universitat Aut\u00f2noma de Barcelona<\/p>\n<p>Dr. Mar\u00eda Carmen Esp\u00edn,&nbsp;Universitat Aut\u00f2noma de Barcelona<\/p>\n<p>Dr. Francesc Galera,&nbsp;Universitat Aut\u00f2noma de Barcelona<\/p>\n<p>Dr. Eduardo Gonz\u00e1lez,&nbsp;Universitat Aut\u00f2noma de Barcelona<\/p>\n<p>Dra. Ana Guerberof Arenas,&nbsp;Universitat Aut\u00f2noma de Barcelona<\/p>\n<p>Dra. Amparo Hurtado,&nbsp;Universitat Aut\u00f2noma de Barcelona<\/p>\n<p>Dr. Gonzalo Iturregui,&nbsp;Universitat Aut\u00f2noma de Barcelona<\/p>\n<p>Dra. Mihwa Jo Jeong,&nbsp;Universitat Aut\u00f2noma de Barcelona<\/p>\n<p>Dr. Artur Lozano M\u00e9ndez,&nbsp;Universitat Aut\u00f2noma de Barcelona<\/p>\n<p>Dra. Carme&nbsp;Mangiron, Universitat Aut\u00f2noma de Barcelona<\/p>\n<p>Dra. \u00c9rika Marcet,&nbsp;Universitat Aut\u00f2noma de Barcelona<\/p>\n<p>Dr. Jordi Mas L\u00f3pez,&nbsp;Universitat Aut\u00f2noma de Barcelona<\/p>\n<p>Dra. Luc\u00eda Molina, Universitat Aut\u00f2noma de Barcelona<\/p>\n<p>Dra. Estel\u00b7la Oncins,&nbsp;Universitat Aut\u00f2noma de Barcelona<\/p>\n<p>Dra. Pilar Orero,&nbsp;Universitat Aut\u00f2noma de Barcelona<\/p>\n<p>Dra. Lupe Romero,&nbsp;Universitat Aut\u00f2noma de Barcelona<\/p>\n<p>Dra. Sara Rovira Esteva,&nbsp;Universitat Aut\u00f2noma de Barcelona<\/p>\n<p>Dra. Gema&nbsp;Rubio,&nbsp;Universitat Aut\u00f2noma de Barcelona<\/p>\n<p>Dra. Amelia S\u00e1iz,&nbsp;Universitat Aut\u00f2noma de Barcelona<\/p>\n<p>Dra. Pilar S\u00e1nchez-Gij\u00f3n,&nbsp;Universitat Aut\u00f2noma de Barcelona<\/p>\n<p>Dra. Alba&nbsp;Serra-Vilella,&nbsp;Universitat Aut\u00f2noma de Barcelona<\/p>\n<p>Dra. Esther Torres,&nbsp;Universitat Aut\u00f2noma de Barcelona<\/p>\n<p>Marta&nbsp;Brescia,&nbsp;Universitat Aut\u00f2noma de Barcelona<\/p>\n<p>Mar\u00eda Eugenia Larreina,&nbsp;Universitat Aut\u00f2noma de Barcelona<\/p>\n","protected":false},"excerpt":{"rendered":"<p>Comit\u00e8 de direcci\u00f3 Dr. Eduard Bartoll, Universitat Aut\u00f2noma de Barcelona Dr. Gonzalo Iturregui-Gallardo, Universitat Aut\u00f2noma de Barcelona Comit\u00e8 organitzador Francesc Andreu, Universitat Aut\u00f2noma de Barcelona Marta Brescia,&nbsp;Universitat Aut\u00f2noma de Barcelona \u00c0ngel Castell\u00f3, Universitat Aut\u00f2noma de Barcelona Lourdes Gay, Universitat Aut\u00f2noma de Barcelona Mar\u00eda Eugenia Larreina, Universitat Aut\u00f2noma de Barcelona Mingtan Xu, Universitat Aut\u00f2noma de Barcelona [&hellip;]<\/p>\n","protected":false},"author":20,"featured_media":0,"parent":0,"menu_order":0,"comment_status":"closed","ping_status":"closed","template":"","meta":{"footnotes":""},"class_list":["post-189","page","type-page","status-publish","hentry"],"_links":{"self":[{"href":"https:\/\/webs.uab.cat\/simposi\/wp-json\/wp\/v2\/pages\/189","targetHints":{"allow":["GET"]}}],"collection":[{"href":"https:\/\/webs.uab.cat\/simposi\/wp-json\/wp\/v2\/pages"}],"about":[{"href":"https:\/\/webs.uab.cat\/simposi\/wp-json\/wp\/v2\/types\/page"}],"author":[{"embeddable":true,"href":"https:\/\/webs.uab.cat\/simposi\/wp-json\/wp\/v2\/users\/20"}],"replies":[{"embeddable":true,"href":"https:\/\/webs.uab.cat\/simposi\/wp-json\/wp\/v2\/comments?post=189"}],"version-history":[{"count":1,"href":"https:\/\/webs.uab.cat\/simposi\/wp-json\/wp\/v2\/pages\/189\/revisions"}],"predecessor-version":[{"id":1662,"href":"https:\/\/webs.uab.cat\/simposi\/wp-json\/wp\/v2\/pages\/189\/revisions\/1662"}],"wp:attachment":[{"href":"https:\/\/webs.uab.cat\/simposi\/wp-json\/wp\/v2\/media?parent=189"}],"curies":[{"name":"wp","href":"https:\/\/api.w.org\/{rel}","templated":true}]}}