{"id":63,"date":"2016-01-25T10:20:51","date_gmt":"2016-01-25T08:20:51","guid":{"rendered":"https:\/\/webs.uab.cat\/simposi\/inscripcio\/"},"modified":"2026-04-07T12:03:36","modified_gmt":"2026-04-07T10:03:36","slug":"inscripcio","status":"publish","type":"page","link":"https:\/\/webs.uab.cat\/simposi\/inscripcio\/","title":{"rendered":"Inscripci\u00f3"},"content":{"rendered":"<h3>Forma de pagament i d&#8217;inscripci\u00f3<\/h3>\n<ol>\n<li>Cal fer primer una transfer\u00e8ncia banc\u00e0ria al seg\u00fcent compte:<br \/>\n<strong>ES48 0182 6035 4202 0161 0323<br \/>\n<\/strong>\u2022 Nom del compte: <strong>Universitat Aut\u00f2noma de Barcelona<\/strong><br \/>\n\u2022 Adre\u00e7a del compte: <strong>C. Pintor Sorolla, 2-4. 46002 Val\u00e8ncia<\/strong><br \/>\n\u2022 N\u00famero IBAN:<strong> ES48 0182 6035 4202 0161 0323<\/strong><br \/>\n\u2022 SWIFT:<strong> BBVAESMMXXX<\/strong><br \/>\n\u2022 Caixa: <strong> BBVA<\/strong><br \/>\n\u2022 Adre\u00e7a del beneficiari: <strong>CAMPUS UAB, EDIFICI RECTORAT, 08193 BELLATERRA (CERDANYOLA DEL VALL\u00c8S)<\/strong>* <strong><em>Important:<\/em><\/strong><em> En el concepte de la transf\u00e8rencia caldr\u00e0 indicar el nom i cognom de l&#8217;assistent, juntament amb el codi<strong><em> 16thSYM<\/em><\/strong><em>.<\/em> <\/em><br \/>\n* <em>Les despeses de transfer\u00e8ncia seran a c\u00e0rrec del ponent.<\/em><\/li>\n<li>Un cop feta la transfer\u00e8ncia, empleneu i envieu el <a href=\"https:\/\/webs.uab.cat\/simposi\/formulari-inscripcio\/\"><strong>formulari d&#8217;inscripci\u00f3<\/strong><\/a><\/li>\n<\/ol>\n<h3>Preus i terminis d\u2019inscripci\u00f3<\/h3>\n<p><strong>Ponents i participants:<\/strong><\/p>\n<p>. Inscripci\u00f3 fins al 12 de juny del 2026: <strong>50 \u20ac<\/strong><br \/>\n. Inscripci\u00f3 despr\u00e9s del 12 de juny del 2026: <strong>75 \u20ac<\/strong><\/p>\n<p><strong>Nota:<\/strong> els estudiants i PDI del Departament de Traducci\u00f3 i d\u2019Interpretaci\u00f3 i d\u2019Estudis de l\u2019\u00c0sia Oriental de la UAB i tots els qui estan matriculats a l&#8217;<a href=\"https:\/\/webs.uab.cat\/escola-doctorat\/\" target=\"_blank\" rel=\"noopener\">Escola d&#8217;Estiu<\/a> tenen la <strong>inscripci\u00f3 gratu\u00efta<\/strong>, per\u00f2 han de formalitzar-la igualment dins el termini establert.<\/p>\n<p><strong>Data l\u00edmit<\/strong> d\u2019inscripci\u00f3 i pagament: <strong>30 de juny de 2026.<\/strong><\/p>\n","protected":false},"excerpt":{"rendered":"<p>Forma de pagament i d&#8217;inscripci\u00f3 Cal fer primer una transfer\u00e8ncia banc\u00e0ria al seg\u00fcent compte: ES48 0182 6035 4202 0161 0323 \u2022 Nom del compte: Universitat Aut\u00f2noma de Barcelona \u2022 Adre\u00e7a del compte: C. Pintor Sorolla, 2-4. 46002 Val\u00e8ncia \u2022 N\u00famero IBAN: ES48 0182 6035 4202 0161 0323 \u2022 SWIFT: BBVAESMMXXX \u2022 Caixa: BBVA \u2022 Adre\u00e7a [&hellip;]<\/p>\n","protected":false},"author":20,"featured_media":0,"parent":0,"menu_order":0,"comment_status":"closed","ping_status":"closed","template":"","meta":{"footnotes":""},"class_list":["post-63","page","type-page","status-publish","hentry"],"_links":{"self":[{"href":"https:\/\/webs.uab.cat\/simposi\/wp-json\/wp\/v2\/pages\/63","targetHints":{"allow":["GET"]}}],"collection":[{"href":"https:\/\/webs.uab.cat\/simposi\/wp-json\/wp\/v2\/pages"}],"about":[{"href":"https:\/\/webs.uab.cat\/simposi\/wp-json\/wp\/v2\/types\/page"}],"author":[{"embeddable":true,"href":"https:\/\/webs.uab.cat\/simposi\/wp-json\/wp\/v2\/users\/20"}],"replies":[{"embeddable":true,"href":"https:\/\/webs.uab.cat\/simposi\/wp-json\/wp\/v2\/comments?post=63"}],"version-history":[{"count":14,"href":"https:\/\/webs.uab.cat\/simposi\/wp-json\/wp\/v2\/pages\/63\/revisions"}],"predecessor-version":[{"id":1803,"href":"https:\/\/webs.uab.cat\/simposi\/wp-json\/wp\/v2\/pages\/63\/revisions\/1803"}],"wp:attachment":[{"href":"https:\/\/webs.uab.cat\/simposi\/wp-json\/wp\/v2\/media?parent=63"}],"curies":[{"name":"wp","href":"https:\/\/api.w.org\/{rel}","templated":true}]}}