{"id":632,"date":"2024-02-02T11:08:49","date_gmt":"2024-02-02T09:08:49","guid":{"rendered":"https:\/\/webs.uab.cat\/simposi\/?page_id=632"},"modified":"2024-02-02T11:30:42","modified_gmt":"2024-02-02T09:30:42","slug":"presentacio-2023","status":"publish","type":"page","link":"https:\/\/webs.uab.cat\/simposi\/presentacio-2023\/","title":{"rendered":"Presentaci\u00f3 2023"},"content":{"rendered":"\n<p>El&nbsp;<strong>XIII\u00e8 Simposi Internacional de Recerca Jove en Traducci\u00f3, Interpretaci\u00f3, Estudis Interculturals i Estudis de l\u2019\u00c0sia Oriental&nbsp;<\/strong>tindr\u00e0 lloc el 30 de juny del 2023 DE FORMA PRESENCIAL.<\/p>\n\n\n\n<p>Aquest simposi s\u2019adre\u00e7a a estudiants de m\u00e0ster i de doctorat, o a persones que, despr\u00e9s del doctorat, tot just hagin encetat la seva carrera en l\u2019\u00e0mbit de la recerca. L\u2019objectiu del simposi \u00e9s oferir-los un espai d\u2019intercanvi d\u2019idees, un f\u00f2rum on presentar la recerca que duen a terme en l\u2019\u00e0mbit de la traducci\u00f3, la interpretaci\u00f3, els estudis interculturals o els estudis de l\u2019\u00c0sia Oriental.<\/p>\n\n\n\n<p>Es valoraran especialment les pon\u00e8ncies relacionades amb les l\u00ednies de recerca del Departament de Traducci\u00f3 i d\u2019Interpretaci\u00f3 i d\u2019Estudis de l\u2019\u00c0sia Oriental de la UAB:<\/p>\n\n\n\n<p><strong><em>Traducci\u00f3 i interpretaci\u00f3<\/em><\/strong><\/p>\n\n\n\n<ol class=\"wp-block-list\">\n<li>Traducci\u00f3 de textos especialitzats.<\/li>\n\n\n\n<li>Traducci\u00f3 de textos literaris.<\/li>\n\n\n\n<li>Traducci\u00f3 audiovisual i accessibilitat als mitjans de comunicaci\u00f3.<\/li>\n\n\n\n<li>Interpretaci\u00f3.<\/li>\n\n\n\n<li>Tradum\u00e0tica. TIC aplicades a la traducci\u00f3.<\/li>\n\n\n\n<li>Formaci\u00f3 en traducci\u00f3 i interpretaci\u00f3.<\/li>\n\n\n\n<li>Hist\u00f2ria de la traducci\u00f3 i la interpretaci\u00f3.<\/li>\n\n\n\n<li>Interculturalitat, ideologia i sociologia de la traducci\u00f3 i interpretaci\u00f3.<\/li>\n\n\n\n<li>Textualitat i traducci\u00f3.<\/li>\n\n\n\n<li>Cognici\u00f3 en traducci\u00f3 i interpretaci\u00f3.<\/li>\n\n\n\n<li>Aspectes professionals i laborals de la traducci\u00f3 i la interpretaci\u00f3.<\/li>\n\n\n\n<li>Aplicaci\u00f3 de la metodologia emp\u00edrica en la recerca sobre traducci\u00f3 i interpretaci\u00f3.<\/li>\n<\/ol>\n\n\n\n<p><strong><em>Estudis de l\u2019\u00c0sia oriental<\/em><\/strong><\/p>\n\n\n\n<ol class=\"wp-block-list\">\n<li>Llengua i literatura de l\u2019\u00c0sia oriental.<\/li>\n\n\n\n<li>Pol\u00edtica i relacions internacionals de l\u2019\u00c0sia oriental.<\/li>\n\n\n\n<li>Societat de l\u2019\u00c0sia oriental.<\/li>\n\n\n\n<li>Cultura, pensament i interculturalitat de l\u2019\u00c0sia oriental.<\/li>\n\n\n\n<li>Economia de l\u2019\u00c0sia oriental.<\/li>\n<\/ol>\n\n\n\n<p>El simposi ser\u00e0 presencial.<\/p>\n\n\n\n<p>Les lleng\u00fces del simposi seran: catal\u00e0, castell\u00e0 i angl\u00e8s.<\/p>\n\n\n\n<p>Les comunicacions no hauran de durar m\u00e9s de deu minuts, per tal que despr\u00e9s de cada sessi\u00f3 es disposi de prou temps per a les preguntes i els comentaris dels assistents.<\/p>\n\n\n\n<p>No es publicaran actes. S\u2019expedir\u00e0 un certificat a tothom qui s\u2019hi hagi inscrit i hagi assistit al simposi i un segon certificat a qui hi hagi presentat comunicaci\u00f3.<\/p>\n","protected":false},"excerpt":{"rendered":"<p>El&nbsp;XIII\u00e8 Simposi Internacional de Recerca Jove en Traducci\u00f3, Interpretaci\u00f3, Estudis Interculturals i Estudis de l\u2019\u00c0sia Oriental&nbsp;tindr\u00e0 lloc el 30 de juny del 2023 DE FORMA PRESENCIAL. Aquest simposi s\u2019adre\u00e7a a estudiants de m\u00e0ster i de doctorat, o a persones que, despr\u00e9s del doctorat, tot just hagin encetat la seva carrera en l\u2019\u00e0mbit de la recerca. [&hellip;]<\/p>\n","protected":false},"author":103,"featured_media":0,"parent":0,"menu_order":0,"comment_status":"closed","ping_status":"closed","template":"","meta":{"footnotes":""},"class_list":["post-632","page","type-page","status-publish","hentry"],"_links":{"self":[{"href":"https:\/\/webs.uab.cat\/simposi\/wp-json\/wp\/v2\/pages\/632","targetHints":{"allow":["GET"]}}],"collection":[{"href":"https:\/\/webs.uab.cat\/simposi\/wp-json\/wp\/v2\/pages"}],"about":[{"href":"https:\/\/webs.uab.cat\/simposi\/wp-json\/wp\/v2\/types\/page"}],"author":[{"embeddable":true,"href":"https:\/\/webs.uab.cat\/simposi\/wp-json\/wp\/v2\/users\/103"}],"replies":[{"embeddable":true,"href":"https:\/\/webs.uab.cat\/simposi\/wp-json\/wp\/v2\/comments?post=632"}],"version-history":[{"count":3,"href":"https:\/\/webs.uab.cat\/simposi\/wp-json\/wp\/v2\/pages\/632\/revisions"}],"predecessor-version":[{"id":670,"href":"https:\/\/webs.uab.cat\/simposi\/wp-json\/wp\/v2\/pages\/632\/revisions\/670"}],"wp:attachment":[{"href":"https:\/\/webs.uab.cat\/simposi\/wp-json\/wp\/v2\/media?parent=632"}],"curies":[{"name":"wp","href":"https:\/\/api.w.org\/{rel}","templated":true}]}}