{"id":69,"date":"2016-04-05T15:17:11","date_gmt":"2016-04-05T13:17:11","guid":{"rendered":"https:\/\/webs.uab.cat\/simposi\/com-arribar-la-uab\/"},"modified":"2024-05-02T13:17:57","modified_gmt":"2024-05-02T11:17:57","slug":"com-arribar-la-uab","status":"publish","type":"page","link":"https:\/\/webs.uab.cat\/simposi\/com-arribar-la-uab\/","title":{"rendered":"Com arribar a la UAB"},"content":{"rendered":"<p><strong>Des de l\u2019aeroport,\u00a0<\/strong>cal que arribis primer a Barcelona i prendre el tren per arribar a la Universitat Aut\u00f2noma.<\/p>\n<p>L\u2019<a class=\"textes\" href=\"http:\/\/www.aerobusbcn.com\/index.php\/es\/tarifas.html\" target=\"_blank\" rel=\"noopener\"><strong>Aerobus<\/strong><\/a>\u00a0(5.90 \u20ac) surt cada deu minuts des d\u2019ambdues terminals i la seva darrera parada \u00e9s a Pla\u00e7a Catalunya. Rodalies de\u00a0<a class=\"textes\" href=\"http:\/\/www.renfe.com\/viajeros\/cercanias\/barcelona\/\" target=\"_blank\" rel=\"noopener\"><strong>Renfe<\/strong><\/a>\u00a0surt de la 2 i tenen una parada a Sants Estaci\u00f3.<br \/>\nUn cop a Barcelona, pots prendre els\u00a0<strong>Ferrocarrils de la Generalitat de Catalunya (FGC)<\/strong>. Tant la l\u00ednia S2 como la S6\u00a0et duran fins a la parada \u2018Universitat Aut\u00f2noma\u2019. El trajecte \u00e9s d\u2019uns 35 minuts i els trens surten cada deu minuts aproximadament.<\/p>\n<p>Les estaciones de FGC a Barcelona s\u00f3n Pla\u00e7a Catalunya, Proven\u00e7a, Gr\u00e0cia, Muntaner i Sarri\u00e0. Des de l\u2019aeroport, l\u2019Aerobus et deixar\u00e0 a Pla\u00e7a Catalunya; si arribes a la ciutat en tren a trav\u00e9s de Sants Estaci\u00f3, pots agafar la l\u00ednia 5 del metro fins a Proven\u00e7a i all\u00ed connectar amb el FGC.<br \/>\nComprova si us plau els horaris, estacions i mapes a la p\u00e0gina web dels\u00a0<a class=\"textes\" href=\"http:\/\/www.fgc.net\/esp\/index.asp\" target=\"_blank\" rel=\"noopener\"><strong>FGC<\/strong><\/a><strong>.<\/strong><\/p>\n<p>Un cop a la parada \u2018Universitat Aut\u00f2noma\u2019, surt de l\u2019andana per l\u2019extrem esquerre. Despr\u00e9s de creuar un pont, trobar\u00e0s un cam\u00ed serpentejant que et dur\u00e0, tot pujant, fins a la Facultat de Traducci\u00f3 i d\u2019Interpretaci\u00f3.<\/p>\n<p>La l\u00ednia R7 de\u00a0<strong>Renfe\u00a0<\/strong>t\u00e9 una parada a \u2018Cerdanyola Universitat\u2019. Aquesta \u00e9s una bona opci\u00f3 si et trobes prop de l\u2019estaci\u00f3 de trens de Sant Andreu Arenal o de l\u2019estaci\u00f3 de metro de Fabra i Puig. Els trens surten cada 30 minuts i el viatge dura 20 minuts. Un cop a la parada, haur\u00e0s d\u2019agafar un servei d\u2019autobusos gratu\u00eft que connecta l\u2019estaci\u00f3 amb els diferents edificis i \u00e0rees del campus. L\u2019autob\u00fas L1 et deixar\u00e0 prop de la Facultat de Traducci\u00f3. Demana indicacions al conductor de l\u2019autob\u00fas.<\/p>\n<p><strong>En cotxe,<\/strong>\u00a0el trajecte des de Barcelona dura uns 25 minuts. En\u00a0<strong>taxi<\/strong>, el cost \u00e9s d\u2019uns 45-50 \u20ac.<\/p>\n<p>Per a m\u00e9s informaci\u00f3 i d ireccions, pots consultar la secci\u00f3 de \u2018<a class=\"textes\" href=\"http:\/\/www.uab.cat\/accessibilitat-transports\/\" target=\"_blank\" rel=\"noopener\"><strong>Mobilitat i Transports<\/strong><\/a>\u2019 de la UAB o el servei\u00a0UAB campus de google.<\/p>\n","protected":false},"excerpt":{"rendered":"<p>Des de l\u2019aeroport,\u00a0cal que arribis primer a Barcelona i prendre el tren per arribar a la Universitat Aut\u00f2noma. L\u2019Aerobus\u00a0(5.90 \u20ac) surt cada deu minuts des d\u2019ambdues terminals i la seva darrera parada \u00e9s a Pla\u00e7a Catalunya. Rodalies de\u00a0Renfe\u00a0surt de la 2 i tenen una parada a Sants Estaci\u00f3. Un cop a Barcelona, pots prendre els\u00a0Ferrocarrils [&hellip;]<\/p>\n","protected":false},"author":20,"featured_media":0,"parent":0,"menu_order":0,"comment_status":"closed","ping_status":"closed","template":"","meta":{"footnotes":""},"class_list":["post-69","page","type-page","status-publish","hentry"],"_links":{"self":[{"href":"https:\/\/webs.uab.cat\/simposi\/wp-json\/wp\/v2\/pages\/69","targetHints":{"allow":["GET"]}}],"collection":[{"href":"https:\/\/webs.uab.cat\/simposi\/wp-json\/wp\/v2\/pages"}],"about":[{"href":"https:\/\/webs.uab.cat\/simposi\/wp-json\/wp\/v2\/types\/page"}],"author":[{"embeddable":true,"href":"https:\/\/webs.uab.cat\/simposi\/wp-json\/wp\/v2\/users\/20"}],"replies":[{"embeddable":true,"href":"https:\/\/webs.uab.cat\/simposi\/wp-json\/wp\/v2\/comments?post=69"}],"version-history":[{"count":1,"href":"https:\/\/webs.uab.cat\/simposi\/wp-json\/wp\/v2\/pages\/69\/revisions"}],"predecessor-version":[{"id":1126,"href":"https:\/\/webs.uab.cat\/simposi\/wp-json\/wp\/v2\/pages\/69\/revisions\/1126"}],"wp:attachment":[{"href":"https:\/\/webs.uab.cat\/simposi\/wp-json\/wp\/v2\/media?parent=69"}],"curies":[{"name":"wp","href":"https:\/\/api.w.org\/{rel}","templated":true}]}}