{"id":72,"date":"2016-04-05T15:19:57","date_gmt":"2016-04-05T13:19:57","guid":{"rendered":"https:\/\/webs.uab.cat\/simposi\/planols\/"},"modified":"2026-04-07T11:41:01","modified_gmt":"2026-04-07T09:41:01","slug":"planols","status":"publish","type":"page","link":"https:\/\/webs.uab.cat\/simposi\/planols\/","title":{"rendered":"Pl\u00e0nols"},"content":{"rendered":"<p><a class=\"textes\" href=\"https:\/\/www.uabcampus.cat\/es\/localizacion.php\" target=\"_blank\" rel=\"noopener\" data-wplink-edit=\"true\"><strong>Pl\u00e0nol del campus de Bellaterra<\/strong><\/a>. El Simposi tindr\u00e0 lloc a la Facultat de Traducci\u00f3 i d\u2019Interpretaci\u00f3, edifici 5 de la Zona 1 (en groc).<\/p>\n<p><a class=\"textes\" href=\"https:\/\/www.uab.cat\/web\/coneix-la-facultat\/accesos-i-planols-1345711451709.html\" target=\"_blank\" rel=\"noopener\"><strong>Pl\u00e0nol de la Facultat de Traducci\u00f3 i d\u2019Interpretaci\u00f3<\/strong><\/a>. El Simposi tindr\u00e0 lloc a les aules 001, 004 i 005 de la planta baixa.<\/p>\n\n\n<p><\/p>\n","protected":false},"excerpt":{"rendered":"<p>Pl\u00e0nol del campus de Bellaterra. El Simposi tindr\u00e0 lloc a la Facultat de Traducci\u00f3 i d\u2019Interpretaci\u00f3, edifici 5 de la Zona 1 (en groc). Pl\u00e0nol de la Facultat de Traducci\u00f3 i d\u2019Interpretaci\u00f3. El Simposi tindr\u00e0 lloc a les aules 001, 004 i 005 de la planta baixa.<\/p>\n","protected":false},"author":20,"featured_media":0,"parent":0,"menu_order":0,"comment_status":"closed","ping_status":"closed","template":"","meta":{"footnotes":""},"class_list":["post-72","page","type-page","status-publish","hentry"],"_links":{"self":[{"href":"https:\/\/webs.uab.cat\/simposi\/wp-json\/wp\/v2\/pages\/72","targetHints":{"allow":["GET"]}}],"collection":[{"href":"https:\/\/webs.uab.cat\/simposi\/wp-json\/wp\/v2\/pages"}],"about":[{"href":"https:\/\/webs.uab.cat\/simposi\/wp-json\/wp\/v2\/types\/page"}],"author":[{"embeddable":true,"href":"https:\/\/webs.uab.cat\/simposi\/wp-json\/wp\/v2\/users\/20"}],"replies":[{"embeddable":true,"href":"https:\/\/webs.uab.cat\/simposi\/wp-json\/wp\/v2\/comments?post=72"}],"version-history":[{"count":3,"href":"https:\/\/webs.uab.cat\/simposi\/wp-json\/wp\/v2\/pages\/72\/revisions"}],"predecessor-version":[{"id":1789,"href":"https:\/\/webs.uab.cat\/simposi\/wp-json\/wp\/v2\/pages\/72\/revisions\/1789"}],"wp:attachment":[{"href":"https:\/\/webs.uab.cat\/simposi\/wp-json\/wp\/v2\/media?parent=72"}],"curies":[{"name":"wp","href":"https:\/\/api.w.org\/{rel}","templated":true}]}}