{"id":959,"date":"2024-04-03T10:57:00","date_gmt":"2024-04-03T08:57:00","guid":{"rendered":"https:\/\/webs.uab.cat\/simposi\/?page_id=959"},"modified":"2026-04-02T12:09:47","modified_gmt":"2026-04-02T10:09:47","slug":"convocatoria-i-enviament-de-les-propostes","status":"publish","type":"page","link":"https:\/\/webs.uab.cat\/simposi\/convocatoria-i-enviament-de-les-propostes\/","title":{"rendered":"Convocat\u00f2ria i enviament de les propostes"},"content":{"rendered":"\n<p>Aquest simposi s&#8217;adre\u00e7a a estudiants de m\u00e0ster i de doctorat, o a persones que, despr\u00e9s del doctorat, tot just hagin encetat la seva carrera en l&#8217;\u00e0mbit de la recerca. L\u2019objectiu del simposi \u00e9s oferir-los un espai d\u2019intercanvi d&#8217;idees, un f\u00f2rum on presentar la recerca que duen a terme en l\u2019\u00e0mbit de la traducci\u00f3, la interpretaci\u00f3, els estudis interculturals o els estudis de l\u2019\u00c0sia Oriental.&nbsp;<\/p>\n\n\n\n<p>Es valoraran especialment les pon\u00e8ncies relacionades amb les l\u00ednies de recerca del Departament de Traducci\u00f3 i d&#8217;Interpretaci\u00f3 i d\u2019Estudis de l\u2019\u00c0sia Oriental de la UAB:&nbsp;<\/p>\n\n\n\n<p class=\"has-large-font-size\"><strong>Traducci\u00f3 i interpretaci\u00f3<\/strong><\/p>\n\n\n\n<ol class=\"wp-block-list\">\n<li>Traducci\u00f3 de textos especialitzats.<\/li>\n\n\n\n<li>Traducci\u00f3 de textos literaris.&nbsp;<\/li>\n\n\n\n<li>Traducci\u00f3 audiovisual i accessibilitat als mitjans de comunicaci\u00f3.&nbsp;<\/li>\n\n\n\n<li>Interpretaci\u00f3.&nbsp;<\/li>\n\n\n\n<li>Tradum\u00e0tica. TIC aplicades a la traducci\u00f3.&nbsp;<\/li>\n\n\n\n<li>Formaci\u00f3 en traducci\u00f3 i interpretaci\u00f3.&nbsp;<\/li>\n\n\n\n<li>Hist\u00f2ria de la traducci\u00f3 i la interpretaci\u00f3.&nbsp;<\/li>\n\n\n\n<li>Interculturalitat, ideologia i sociologia de la traducci\u00f3 i interpretaci\u00f3.&nbsp;<\/li>\n\n\n\n<li>Textualitat i traducci\u00f3.&nbsp;<\/li>\n\n\n\n<li>Cognici\u00f3 en traducci\u00f3 i interpretaci\u00f3.<\/li>\n\n\n\n<li>Aspectes professionals i laborals de la traducci\u00f3 i la interpretaci\u00f3.<\/li>\n\n\n\n<li>G\u00e8nere i traducci\u00f3.<\/li>\n\n\n\n<li>Metodologia de la recerca en traducci\u00f3 i interpretaci\u00f3.<\/li>\n<\/ol>\n\n\n\n<p class=\"has-large-font-size\"><strong>Estudis de l&#8217;\u00c0sia oriental<\/strong>&nbsp;<\/p>\n\n\n\n<ol start=\"13\" class=\"wp-block-list\">\n<li>Llengua i literatura de l&#8217;\u00c0sia oriental.<\/li>\n\n\n\n<li>Sociedad, Pol\u00edtica i relacions internacionals de l&#8217;\u00c0sia Oriental<\/li>\n\n\n\n<li>Cultura, pensament i interculturalitat de l\u2019\u00c0sia oriental.<\/li>\n\n\n\n<li>Economia de l\u2019\u00c0sia oriental.<\/li>\n<\/ol>\n\n\n\n<p><br>Les lleng\u00fces del simposi seran: catal\u00e0, castell\u00e0 i angl\u00e8s.<br>Les propostes de les comunicacions seran avaluats per membres del comit\u00e8 cient\u00edfic del simposi.&nbsp;<br>Les comunicacions no hauran de durar m\u00e9s de deu minuts, per tal que despr\u00e9s de cada sessi\u00f3 es disposi de prou temps per a les preguntes i els comentaris dels assistents.&nbsp;<br>No es publicaran actes. S\u2019expedir\u00e0 un certificat a tothom qui s&#8217;hi hagi inscrit i hagi assistit al simposi i un segon certificat a qui hi hagi presentat comunicaci\u00f3.&nbsp;<\/p>\n\n\n\n<div style=\"height:12px\" aria-hidden=\"true\" class=\"wp-block-spacer\"><\/div>\n\n\n\n<h2 class=\"wp-block-heading has-normal-font-size\"><strong>INSTRUCCIONS PER A LA REDACCI\u00d3 DE LES PROPOSTES<\/strong><\/h2>\n\n\n\n<p>Per redactar la proposta cal seguir el model que trobareu a continuaci\u00f3.&nbsp;<\/p>\n\n\n\n<p>El nom de l\u2019arxiu ha de ser: <strong>cognom_nom_simposi_2026.docx<\/strong>\u00a0<\/p>\n\n\n\n<div style=\"height:12px\" aria-hidden=\"true\" class=\"wp-block-spacer\"><\/div>\n\n\n\n<h2 class=\"wp-block-heading has-normal-font-size\"><strong>T\u00cdTOL DE LA COMUNICACI\u00d3<\/strong><\/h2>\n\n\n\n<div style=\"height:7px\" aria-hidden=\"true\" class=\"wp-block-spacer\"><\/div>\n\n\n\n<p class=\"has-text-align-center\">NOM I COGNOM(S) DE L\u2019AUTOR O DE L\u2019AUTORA&nbsp;<\/p>\n\n\n\n<p class=\"has-text-align-center\">Departament, Universitat (no utilitzar acr\u00f2nims), email de l\u2019autor o de l\u2019autora&nbsp;<\/p>\n\n\n\n<p><\/p>\n\n\n\n<p>La proposta ha de tenir un m\u00e0xim de 300 paraules i s\u2019hi han d\u2019incloure els aspectes m\u00e9s rellevants del treball: l&#8217;objectiu de l&#8217;estudi o de la recerca, l&#8217;\u00e0mbit en el qual es desenvolupa, la metodologia emprada, els resultats m\u00e9s importants que s\u2019hagin obtingut i les principals conclusions.&nbsp;<\/p>\n\n\n\n<p><strong>Paraules clau:<\/strong> entre 3 i 5&nbsp;<\/p>\n\n\n\n<div style=\"height:12px\" aria-hidden=\"true\" class=\"wp-block-spacer\"><\/div>\n","protected":false},"excerpt":{"rendered":"<p>Aquest simposi s&#8217;adre\u00e7a a estudiants de m\u00e0ster i de doctorat, o a persones que, despr\u00e9s del doctorat, tot just hagin encetat la seva carrera en l&#8217;\u00e0mbit de la recerca. L\u2019objectiu del simposi \u00e9s oferir-los un espai d\u2019intercanvi d&#8217;idees, un f\u00f2rum on presentar la recerca que duen a terme en l\u2019\u00e0mbit de la traducci\u00f3, la interpretaci\u00f3, [&hellip;]<\/p>\n","protected":false},"author":103,"featured_media":0,"parent":0,"menu_order":0,"comment_status":"closed","ping_status":"closed","template":"","meta":{"footnotes":""},"class_list":["post-959","page","type-page","status-publish","hentry"],"_links":{"self":[{"href":"https:\/\/webs.uab.cat\/simposi\/wp-json\/wp\/v2\/pages\/959","targetHints":{"allow":["GET"]}}],"collection":[{"href":"https:\/\/webs.uab.cat\/simposi\/wp-json\/wp\/v2\/pages"}],"about":[{"href":"https:\/\/webs.uab.cat\/simposi\/wp-json\/wp\/v2\/types\/page"}],"author":[{"embeddable":true,"href":"https:\/\/webs.uab.cat\/simposi\/wp-json\/wp\/v2\/users\/103"}],"replies":[{"embeddable":true,"href":"https:\/\/webs.uab.cat\/simposi\/wp-json\/wp\/v2\/comments?post=959"}],"version-history":[{"count":18,"href":"https:\/\/webs.uab.cat\/simposi\/wp-json\/wp\/v2\/pages\/959\/revisions"}],"predecessor-version":[{"id":1707,"href":"https:\/\/webs.uab.cat\/simposi\/wp-json\/wp\/v2\/pages\/959\/revisions\/1707"}],"wp:attachment":[{"href":"https:\/\/webs.uab.cat\/simposi\/wp-json\/wp\/v2\/media?parent=959"}],"curies":[{"name":"wp","href":"https:\/\/api.w.org\/{rel}","templated":true}]}}