{"id":103,"date":"2025-09-10T15:23:43","date_gmt":"2025-09-10T13:23:43","guid":{"rendered":"https:\/\/webs.uab.cat\/sirens\/sirens\/"},"modified":"2025-11-25T14:08:31","modified_gmt":"2025-11-25T12:08:31","slug":"sirens","status":"publish","type":"page","link":"https:\/\/webs.uab.cat\/sirens\/es\/","title":{"rendered":"sirens"},"content":{"rendered":"\n<div class=\"wp-block-columns is-layout-flex wp-container-core-columns-is-layout-9d6595d7 wp-block-columns-is-layout-flex\">\n<div class=\"wp-block-column is-layout-flow wp-block-column-is-layout-flow\" style=\"flex-basis:25%\">\n<div class=\"wp-block-group is-nowrap is-layout-flex wp-container-core-group-is-layout-ad2f72ca wp-block-group-is-layout-flex\">\n<div class=\"wp-block-group is-vertical is-layout-flex wp-container-core-group-is-layout-8cf370e7 wp-block-group-is-layout-flex\">\n<p class=\"wp-block-uab-entradeta entradeta\">SIRENS<\/p>\n<\/div>\n\n\n\n<p class=\"has-text-align-left\">Bienvenidos\/as al sitio web <em>SIRENS<\/em>.<br\/>En este espacio podreis explorar contenido <strong>textual y auditivo<\/strong> para entender el cuerpo y la mente en la historia a trav\u00e9s de la m\u00fasica y el sonido.<\/p>\n<\/div>\n<\/div>\n\n\n\n<div class=\"wp-block-column is-layout-flow wp-block-column-is-layout-flow\" style=\"flex-basis:50%\">\n<figure class=\"wp-block-image size-full\"><img loading=\"lazy\" decoding=\"async\" width=\"512\" height=\"512\" src=\"https:\/\/webs.uab.cat\/sirens\/wp-content\/uploads\/sites\/681\/2025\/09\/cropped-sirena-sin-fondo-1.png\" alt=\"\" class=\"wp-image-10\" srcset=\"https:\/\/webs.uab.cat\/sirens\/wp-content\/uploads\/sites\/681\/2025\/09\/cropped-sirena-sin-fondo-1.png 512w, https:\/\/webs.uab.cat\/sirens\/wp-content\/uploads\/sites\/681\/2025\/09\/cropped-sirena-sin-fondo-1-300x300.png 300w, https:\/\/webs.uab.cat\/sirens\/wp-content\/uploads\/sites\/681\/2025\/09\/cropped-sirena-sin-fondo-1-150x150.png 150w, https:\/\/webs.uab.cat\/sirens\/wp-content\/uploads\/sites\/681\/2025\/09\/cropped-sirena-sin-fondo-1-270x270.png 270w, https:\/\/webs.uab.cat\/sirens\/wp-content\/uploads\/sites\/681\/2025\/09\/cropped-sirena-sin-fondo-1-192x192.png 192w, https:\/\/webs.uab.cat\/sirens\/wp-content\/uploads\/sites\/681\/2025\/09\/cropped-sirena-sin-fondo-1-180x180.png 180w, https:\/\/webs.uab.cat\/sirens\/wp-content\/uploads\/sites\/681\/2025\/09\/cropped-sirena-sin-fondo-1-32x32.png 32w\" sizes=\"auto, (max-width: 512px) 100vw, 512px\" \/><\/figure>\n<\/div>\n\n\n\n<div class=\"wp-block-column is-layout-flow wp-block-column-is-layout-flow\" style=\"flex-basis:25%\">\n<div class=\"wp-block-buttons is-content-justification-space-between is-layout-flex wp-container-core-buttons-is-layout-3d213aab wp-block-buttons-is-layout-flex\">\n<div class=\"wp-block-button\"><a class=\"wp-block-button__link wp-element-button\" href=\"https:\/\/webs.uab.cat\/sirens\/es\/podcast\/\">  podcast  <\/a><\/div>\n\n\n\n<div class=\"wp-block-button\"><a class=\"wp-block-button__link wp-element-button\" href=\"https:\/\/webs.uab.cat\/sirens\/es\/sonorario-de-las-emociones\/\">fonoteca de emociones<\/a><\/div>\n\n\n\n<div class=\"wp-block-button\"><a class=\"wp-block-button__link wp-element-button\" href=\"https:\/\/webs.uab.cat\/sirens\/es\/bestiario-musical\/\">bestiario musical<\/a><\/div>\n\n\n\n<div class=\"wp-block-button\"><a class=\"wp-block-button__link wp-element-button\" href=\"https:\/\/webs.uab.cat\/sirens\/es\/pildoras-sonoras\/\">Pildoras sonoras<\/a><\/div>\n<\/div>\n<\/div>\n<\/div>\n\n<p>Las <strong><em>SIRENAS<\/em><\/strong> son seres liminales. Entre lo animal y lo humano. Entre el cuerpo material y la imaginaci\u00f3n. Tambi\u00e9n son representaciones de la sexualidad femenina, y del poder de la m\u00fasica para desencadenar emociones y conductas.   <\/p>\n\n<p>En esta web, exploramos el papel de la m\u00fasica en estos espacios liminales. La m\u00fasica ha jugado a menudo un papel crucial en el entendimiento del cuerpo, la mente y las emociones, tanto en animales como en humanos. La m\u00fasica nos permite tambi\u00e9n explorar las maneras en que el conocimiento circula de manera encarnada, y c\u00f3mo define identidades y subjetividades sexuales y culturales, etc.<\/p>\n\n<p>Adem\u00e1s del supuesto potencial del canto de sirenas para embrujar a los marineros despistados, tambi\u00e9n podr\u00edamos hablar de la supuesta capacidad de la m\u00fasica de aliviar los males o, por el contrario, hacer enfermar, de las composiciones polif\u00f3nicas del barroco para provocar \u00e9xtasis m\u00edsticos, de las canciones de cuna para aliviar las enfermedades mentales, o de los c\u00f3digos de la \u00f3pera para provocar la catarsis\u2026<\/p>\n\n<pre id=\"tw-target-text\" class=\"wp-block-preformatted\">Todo esto lo podr\u00e1s encontrar si buscas en esta p\u00e1gina...<\/pre>\n<form role=\"search\" method=\"get\" action=\"https:\/\/webs.uab.cat\/sirens\/es\/\" class=\"wp-block-search__button-outside wp-block-search__icon-button aligncenter wp-block-search\"    ><label class=\"wp-block-search__label screen-reader-text\" for=\"wp-block-search__input-1\" >Buscar<\/label><div class=\"wp-block-search__inside-wrapper\" ><input class=\"wp-block-search__input\" id=\"wp-block-search__input-1\" placeholder=\"Buscar...\" value=\"\" type=\"search\" name=\"s\" required \/><button aria-label=\"Buscar\" class=\"wp-block-search__button has-icon wp-element-button\" type=\"submit\" ><svg class=\"search-icon\" viewBox=\"0 0 24 24\" width=\"24\" height=\"24\">\n\t\t\t\t\t<path d=\"M13 5c-3.3 0-6 2.7-6 6 0 1.4.5 2.7 1.3 3.7l-3.8 3.8 1.1 1.1 3.8-3.8c1 .8 2.3 1.3 3.7 1.3 3.3 0 6-2.7 6-6S16.3 5 13 5zm0 10.5c-2.5 0-4.5-2-4.5-4.5s2-4.5 4.5-4.5 4.5 2 4.5 4.5-2 4.5-4.5 4.5z\"><\/path>\n\t\t\t\t<\/svg><\/button><\/div><\/form>\n<p><\/p>\n\n<div class=\"wp-block-group is-nowrap is-layout-flex wp-container-core-group-is-layout-ad2f72ca wp-block-group-is-layout-flex\">\n<figure class=\"wp-block-image size-large is-resized\"><img loading=\"lazy\" decoding=\"async\" width=\"1024\" height=\"403\" src=\"https:\/\/webs.uab.cat\/sirens\/wp-content\/uploads\/sites\/681\/2025\/11\/7-1_MCIU_color_300ppp-1024x403.webp\" alt=\"\" class=\"wp-image-784\" style=\"width:297px;height:auto\" srcset=\"https:\/\/webs.uab.cat\/sirens\/wp-content\/uploads\/sites\/681\/2025\/11\/7-1_MCIU_color_300ppp-1024x403.webp 1024w, https:\/\/webs.uab.cat\/sirens\/wp-content\/uploads\/sites\/681\/2025\/11\/7-1_MCIU_color_300ppp-300x118.webp 300w, https:\/\/webs.uab.cat\/sirens\/wp-content\/uploads\/sites\/681\/2025\/11\/7-1_MCIU_color_300ppp-768x302.webp 768w, https:\/\/webs.uab.cat\/sirens\/wp-content\/uploads\/sites\/681\/2025\/11\/7-1_MCIU_color_300ppp-1536x605.webp 1536w, https:\/\/webs.uab.cat\/sirens\/wp-content\/uploads\/sites\/681\/2025\/11\/7-1_MCIU_color_300ppp-1200x473.webp 1200w, https:\/\/webs.uab.cat\/sirens\/wp-content\/uploads\/sites\/681\/2025\/11\/7-1_MCIU_color_300ppp.webp 1920w\" sizes=\"auto, (max-width: 1024px) 100vw, 1024px\" \/><\/figure>\n\n\n\n<figure class=\"wp-block-image size-large is-resized\"><img loading=\"lazy\" decoding=\"async\" width=\"1024\" height=\"300\" src=\"https:\/\/webs.uab.cat\/sirens\/wp-content\/uploads\/sites\/681\/2025\/11\/es_financiado_por_la_union_europea_pos-1024x300.png\" alt=\"\" class=\"wp-image-787\" style=\"width:401px;height:auto\" srcset=\"https:\/\/webs.uab.cat\/sirens\/wp-content\/uploads\/sites\/681\/2025\/11\/es_financiado_por_la_union_europea_pos-1024x300.png 1024w, https:\/\/webs.uab.cat\/sirens\/wp-content\/uploads\/sites\/681\/2025\/11\/es_financiado_por_la_union_europea_pos-300x88.png 300w, https:\/\/webs.uab.cat\/sirens\/wp-content\/uploads\/sites\/681\/2025\/11\/es_financiado_por_la_union_europea_pos-768x225.png 768w, https:\/\/webs.uab.cat\/sirens\/wp-content\/uploads\/sites\/681\/2025\/11\/es_financiado_por_la_union_europea_pos.png 1200w\" sizes=\"auto, (max-width: 1024px) 100vw, 1024px\" \/><\/figure>\n<\/div>\n\n<p class=\"has-groc-caputxina-transparent-color has-gris-pubilla-background-color has-text-color has-background has-link-color has-small-font-size wp-elements-6944ea319e6319c82f3266e6dd753a31\">Este proyecto ha sido cofinanciado por el ministerio de Ciencia e Innovaci\u00f3n; RYC2021-031850-I \/ AEI \/ 10.13039\/501100011033. Y por la Uni\u00f3n Europea \u201cNextGenerationEU\u201d\/PRTR. <\/p>\n\n<h2 class=\"wp-block-heading alignwide\"><strong>Actualidad:<\/strong><\/h2>\n\n<div class=\"wp-block-query is-layout-flow wp-block-query-is-layout-flow\"><ul class=\"wp-block-post-template is-layout-flow wp-block-post-template-is-layout-flow\"><li class=\"wp-block-post post-829 post type-post status-publish format-standard has-post-thumbnail hentry category-sin-categoria\">\n<figure class=\"wp-block-post-featured-image\"><a href=\"https:\/\/webs.uab.cat\/sirens\/es\/2025\/11\/24\/taller-sensorial-en-la-uam\/\" target=\"_blank\"  ><img loading=\"lazy\" decoding=\"async\" width=\"1200\" height=\"350\" src=\"https:\/\/webs.uab.cat\/sirens\/wp-content\/uploads\/sites\/681\/2025\/11\/1000096530kk-1-1200x350.jpg\" class=\"attachment-post-thumbnail size-post-thumbnail wp-post-image\" alt=\"Taller sensorial en la UAM\" style=\"object-fit:cover;\" srcset=\"https:\/\/webs.uab.cat\/sirens\/wp-content\/uploads\/sites\/681\/2025\/11\/1000096530kk-1-1200x350.jpg 1200w, https:\/\/webs.uab.cat\/sirens\/wp-content\/uploads\/sites\/681\/2025\/11\/1000096530kk-1-300x88.jpg 300w, https:\/\/webs.uab.cat\/sirens\/wp-content\/uploads\/sites\/681\/2025\/11\/1000096530kk-1-1024x299.jpg 1024w, https:\/\/webs.uab.cat\/sirens\/wp-content\/uploads\/sites\/681\/2025\/11\/1000096530kk-1-768x224.jpg 768w, https:\/\/webs.uab.cat\/sirens\/wp-content\/uploads\/sites\/681\/2025\/11\/1000096530kk-1.jpg 1240w\" sizes=\"auto, (max-width: 1200px) 100vw, 1200px\" \/><\/a><\/figure>\n\n<div class=\"wp-block-post-date\"><time datetime=\"2025-11-24T13:12:43+02:00\">24 de noviembre de 2025<\/time><\/div>\n\n<h2 class=\"wp-block-post-title\"><a href=\"https:\/\/webs.uab.cat\/sirens\/es\/2025\/11\/24\/taller-sensorial-en-la-uam\/\" target=\"_self\" >Taller sensorial en la UAM<\/a><\/h2>\n<\/li><li class=\"wp-block-post post-477 post type-post status-publish format-standard has-post-thumbnail hentry category-sin-categoria\">\n<figure class=\"wp-block-post-featured-image\"><a href=\"https:\/\/webs.uab.cat\/sirens\/es\/2025\/09\/23\/conferencia-en-paris\/\" target=\"_blank\"  ><img loading=\"lazy\" decoding=\"async\" width=\"900\" height=\"264\" src=\"https:\/\/webs.uab.cat\/sirens\/wp-content\/uploads\/sites\/681\/2025\/09\/jnojn.jpg\" class=\"attachment-post-thumbnail size-post-thumbnail wp-post-image\" alt=\"Conferencia en Paris\" style=\"object-fit:cover;\" srcset=\"https:\/\/webs.uab.cat\/sirens\/wp-content\/uploads\/sites\/681\/2025\/09\/jnojn.jpg 900w, https:\/\/webs.uab.cat\/sirens\/wp-content\/uploads\/sites\/681\/2025\/09\/jnojn-300x88.jpg 300w, https:\/\/webs.uab.cat\/sirens\/wp-content\/uploads\/sites\/681\/2025\/09\/jnojn-768x225.jpg 768w\" sizes=\"auto, (max-width: 900px) 100vw, 900px\" \/><\/a><\/figure>\n\n<div class=\"wp-block-post-date\"><time datetime=\"2025-09-23T13:37:38+02:00\">23 de septiembre de 2025<\/time><\/div>\n\n<h2 class=\"wp-block-post-title\"><a href=\"https:\/\/webs.uab.cat\/sirens\/es\/2025\/09\/23\/conferencia-en-paris\/\" target=\"_self\" >Conferencia en Paris<\/a><\/h2>\n<\/li><li class=\"wp-block-post post-401 post type-post status-publish format-standard has-post-thumbnail hentry category-sin-categoria\">\n<figure class=\"wp-block-post-featured-image\"><a href=\"https:\/\/webs.uab.cat\/sirens\/es\/2025\/09\/23\/jornadas-colonialismo-en-el-ihc\/\" target=\"_blank\"  ><img loading=\"lazy\" decoding=\"async\" width=\"1200\" height=\"338\" src=\"https:\/\/webs.uab.cat\/sirens\/wp-content\/uploads\/sites\/681\/2025\/09\/Imagen-de-WhatsApp-2025-09-23-a-las-10.49.05_1fbbe5c0-2-1200x338.jpg\" class=\"attachment-post-thumbnail size-post-thumbnail wp-post-image\" alt=\"Jornadas Colonialismo en el iHC\" style=\"object-fit:cover;\" srcset=\"https:\/\/webs.uab.cat\/sirens\/wp-content\/uploads\/sites\/681\/2025\/09\/Imagen-de-WhatsApp-2025-09-23-a-las-10.49.05_1fbbe5c0-2-1200x338.jpg 1200w, https:\/\/webs.uab.cat\/sirens\/wp-content\/uploads\/sites\/681\/2025\/09\/Imagen-de-WhatsApp-2025-09-23-a-las-10.49.05_1fbbe5c0-2-300x84.jpg 300w, https:\/\/webs.uab.cat\/sirens\/wp-content\/uploads\/sites\/681\/2025\/09\/Imagen-de-WhatsApp-2025-09-23-a-las-10.49.05_1fbbe5c0-2-1024x288.jpg 1024w, https:\/\/webs.uab.cat\/sirens\/wp-content\/uploads\/sites\/681\/2025\/09\/Imagen-de-WhatsApp-2025-09-23-a-las-10.49.05_1fbbe5c0-2-768x216.jpg 768w, https:\/\/webs.uab.cat\/sirens\/wp-content\/uploads\/sites\/681\/2025\/09\/Imagen-de-WhatsApp-2025-09-23-a-las-10.49.05_1fbbe5c0-2-1536x432.jpg 1536w, https:\/\/webs.uab.cat\/sirens\/wp-content\/uploads\/sites\/681\/2025\/09\/Imagen-de-WhatsApp-2025-09-23-a-las-10.49.05_1fbbe5c0-2.jpg 1600w\" sizes=\"auto, (max-width: 1200px) 100vw, 1200px\" \/><\/a><\/figure>\n\n<div class=\"wp-block-post-date\"><time datetime=\"2025-09-23T10:52:48+02:00\">23 de septiembre de 2025<\/time><\/div>\n\n<h2 class=\"wp-block-post-title\"><a href=\"https:\/\/webs.uab.cat\/sirens\/es\/2025\/09\/23\/jornadas-colonialismo-en-el-ihc\/\" target=\"_self\" >Jornadas Colonialismo en el iHC<\/a><\/h2>\n<\/li><li class=\"wp-block-post post-336 post type-post status-publish format-standard has-post-thumbnail hentry category-sin-categoria\">\n<figure class=\"wp-block-post-featured-image\"><a href=\"https:\/\/webs.uab.cat\/sirens\/es\/2025\/09\/15\/taller-experimental-en-ucl\/\" target=\"_blank\"  ><img loading=\"lazy\" decoding=\"async\" width=\"1200\" height=\"323\" src=\"https:\/\/webs.uab.cat\/sirens\/wp-content\/uploads\/sites\/681\/2025\/09\/Imagen-de-WhatsApp-2025-09-15-a-las-18.04.27_bde1d20e-1200x323.jpg\" class=\"attachment-post-thumbnail size-post-thumbnail wp-post-image\" alt=\"Taller experimental en UCL\" style=\"object-fit:cover;\" srcset=\"https:\/\/webs.uab.cat\/sirens\/wp-content\/uploads\/sites\/681\/2025\/09\/Imagen-de-WhatsApp-2025-09-15-a-las-18.04.27_bde1d20e-1200x323.jpg 1200w, https:\/\/webs.uab.cat\/sirens\/wp-content\/uploads\/sites\/681\/2025\/09\/Imagen-de-WhatsApp-2025-09-15-a-las-18.04.27_bde1d20e-300x81.jpg 300w, https:\/\/webs.uab.cat\/sirens\/wp-content\/uploads\/sites\/681\/2025\/09\/Imagen-de-WhatsApp-2025-09-15-a-las-18.04.27_bde1d20e-1024x276.jpg 1024w, https:\/\/webs.uab.cat\/sirens\/wp-content\/uploads\/sites\/681\/2025\/09\/Imagen-de-WhatsApp-2025-09-15-a-las-18.04.27_bde1d20e-768x207.jpg 768w, https:\/\/webs.uab.cat\/sirens\/wp-content\/uploads\/sites\/681\/2025\/09\/Imagen-de-WhatsApp-2025-09-15-a-las-18.04.27_bde1d20e-1536x414.jpg 1536w, https:\/\/webs.uab.cat\/sirens\/wp-content\/uploads\/sites\/681\/2025\/09\/Imagen-de-WhatsApp-2025-09-15-a-las-18.04.27_bde1d20e.jpg 1600w\" sizes=\"auto, (max-width: 1200px) 100vw, 1200px\" \/><\/a><\/figure>\n\n<div class=\"wp-block-post-date\"><time datetime=\"2025-09-15T18:13:26+02:00\">15 de septiembre de 2025<\/time><\/div>\n\n<h2 class=\"wp-block-post-title\"><a href=\"https:\/\/webs.uab.cat\/sirens\/es\/2025\/09\/15\/taller-experimental-en-ucl\/\" target=\"_self\" >Taller experimental en UCL<\/a><\/h2>\n<\/li><li class=\"wp-block-post post-277 post type-post status-publish format-standard has-post-thumbnail hentry category-sin-categoria\">\n<figure class=\"wp-block-post-featured-image\"><a href=\"https:\/\/webs.uab.cat\/sirens\/es\/2025\/09\/15\/sensorial-group-2024-2025\/\" target=\"_blank\"  ><img loading=\"lazy\" decoding=\"async\" width=\"1131\" height=\"317\" src=\"https:\/\/webs.uab.cat\/sirens\/wp-content\/uploads\/sites\/681\/2025\/09\/1.-Musical-bodies.-Colonial-Counterpoint-1.jpeg\" class=\"attachment-post-thumbnail size-post-thumbnail wp-post-image\" alt=\"Sensorial Group\" style=\"object-fit:cover;\" srcset=\"https:\/\/webs.uab.cat\/sirens\/wp-content\/uploads\/sites\/681\/2025\/09\/1.-Musical-bodies.-Colonial-Counterpoint-1.jpeg 1131w, https:\/\/webs.uab.cat\/sirens\/wp-content\/uploads\/sites\/681\/2025\/09\/1.-Musical-bodies.-Colonial-Counterpoint-1-300x84.jpeg 300w, https:\/\/webs.uab.cat\/sirens\/wp-content\/uploads\/sites\/681\/2025\/09\/1.-Musical-bodies.-Colonial-Counterpoint-1-1024x287.jpeg 1024w, https:\/\/webs.uab.cat\/sirens\/wp-content\/uploads\/sites\/681\/2025\/09\/1.-Musical-bodies.-Colonial-Counterpoint-1-768x215.jpeg 768w\" sizes=\"auto, (max-width: 1131px) 100vw, 1131px\" \/><\/a><\/figure>\n\n<div class=\"wp-block-post-date\"><time datetime=\"2025-09-15T11:53:24+02:00\">15 de septiembre de 2025<\/time><\/div>\n\n<h2 class=\"wp-block-post-title\"><a href=\"https:\/\/webs.uab.cat\/sirens\/es\/2025\/09\/15\/sensorial-group-2024-2025\/\" target=\"_self\" >Sensorial Group<\/a><\/h2>\n<\/li><li class=\"wp-block-post post-271 post type-post status-publish format-standard has-post-thumbnail hentry category-sin-categoria\">\n<figure class=\"wp-block-post-featured-image\"><a href=\"https:\/\/webs.uab.cat\/sirens\/es\/2025\/09\/15\/mexico-2024\/\" target=\"_blank\"  ><img loading=\"lazy\" decoding=\"async\" width=\"1200\" height=\"290\" src=\"https:\/\/webs.uab.cat\/sirens\/wp-content\/uploads\/sites\/681\/2025\/09\/WhatsApp-Image-2024-11-16-at-02.25.36-1-1200x290.jpeg\" class=\"attachment-post-thumbnail size-post-thumbnail wp-post-image\" alt=\"M\u00e9xico 2024\" style=\"object-fit:cover;\" srcset=\"https:\/\/webs.uab.cat\/sirens\/wp-content\/uploads\/sites\/681\/2025\/09\/WhatsApp-Image-2024-11-16-at-02.25.36-1-1200x290.jpeg 1200w, https:\/\/webs.uab.cat\/sirens\/wp-content\/uploads\/sites\/681\/2025\/09\/WhatsApp-Image-2024-11-16-at-02.25.36-1-300x73.jpeg 300w, https:\/\/webs.uab.cat\/sirens\/wp-content\/uploads\/sites\/681\/2025\/09\/WhatsApp-Image-2024-11-16-at-02.25.36-1-1024x248.jpeg 1024w, https:\/\/webs.uab.cat\/sirens\/wp-content\/uploads\/sites\/681\/2025\/09\/WhatsApp-Image-2024-11-16-at-02.25.36-1-768x186.jpeg 768w, https:\/\/webs.uab.cat\/sirens\/wp-content\/uploads\/sites\/681\/2025\/09\/WhatsApp-Image-2024-11-16-at-02.25.36-1-1536x372.jpeg 1536w, https:\/\/webs.uab.cat\/sirens\/wp-content\/uploads\/sites\/681\/2025\/09\/WhatsApp-Image-2024-11-16-at-02.25.36-1.jpeg 1600w\" sizes=\"auto, (max-width: 1200px) 100vw, 1200px\" \/><\/a><\/figure>\n\n<div class=\"wp-block-post-date\"><time datetime=\"2025-09-15T11:51:40+02:00\">15 de septiembre de 2025<\/time><\/div>\n\n<h2 class=\"wp-block-post-title\"><a href=\"https:\/\/webs.uab.cat\/sirens\/es\/2025\/09\/15\/mexico-2024\/\" target=\"_self\" >M\u00e9xico 2024<\/a><\/h2>\n<\/li><\/ul>\n\n\n\n<\/div>\n","protected":false},"excerpt":{"rendered":"<p>Bienvenidos\/as al sitio web SIRENS.En este espacio podreis explorar contenido textual y auditivo para entender el cuerpo y la mente en la historia a trav\u00e9s de la m\u00fasica y el sonido. Las SIRENAS son seres liminales. Entre lo animal y lo humano. Entre el cuerpo material y la imaginaci\u00f3n. Tambi\u00e9n son representaciones de la sexualidad [&hellip;]<\/p>\n","protected":false},"author":3104,"featured_media":0,"parent":0,"menu_order":0,"comment_status":"closed","ping_status":"closed","template":"","meta":{"footnotes":""},"class_list":["post-103","page","type-page","status-publish","hentry"],"_links":{"self":[{"href":"https:\/\/webs.uab.cat\/sirens\/es\/wp-json\/wp\/v2\/pages\/103","targetHints":{"allow":["GET"]}}],"collection":[{"href":"https:\/\/webs.uab.cat\/sirens\/es\/wp-json\/wp\/v2\/pages"}],"about":[{"href":"https:\/\/webs.uab.cat\/sirens\/es\/wp-json\/wp\/v2\/types\/page"}],"author":[{"embeddable":true,"href":"https:\/\/webs.uab.cat\/sirens\/es\/wp-json\/wp\/v2\/users\/3104"}],"replies":[{"embeddable":true,"href":"https:\/\/webs.uab.cat\/sirens\/es\/wp-json\/wp\/v2\/comments?post=103"}],"version-history":[{"count":20,"href":"https:\/\/webs.uab.cat\/sirens\/es\/wp-json\/wp\/v2\/pages\/103\/revisions"}],"predecessor-version":[{"id":832,"href":"https:\/\/webs.uab.cat\/sirens\/es\/wp-json\/wp\/v2\/pages\/103\/revisions\/832"}],"wp:attachment":[{"href":"https:\/\/webs.uab.cat\/sirens\/es\/wp-json\/wp\/v2\/media?parent=103"}],"curies":[{"name":"wp","href":"https:\/\/api.w.org\/{rel}","templated":true}]}}