{"id":1033,"date":"2026-04-24T21:43:11","date_gmt":"2026-04-24T19:43:11","guid":{"rendered":"https:\/\/webs.uab.cat\/sirens\/webs-simpaticas\/"},"modified":"2026-04-25T00:02:57","modified_gmt":"2026-04-24T22:02:57","slug":"webs-simpaticas","status":"publish","type":"page","link":"https:\/\/webs.uab.cat\/sirens\/es\/webs-simpaticas\/","title":{"rendered":"webs simp\u00e1ticas"},"content":{"rendered":"\n<blockquote class=\"wp-block-quote is-layout-flow wp-block-quote-is-layout-flow\">\n<p><strong>En la cosmolog\u00eda musical de la Edad Media y Moderna, la simpat\u00eda era la tendencia natural de las cosas similares a vibrar conjuntamente. En esta ventana mostramos sitios web simp\u00e1ticos con el nuestro. <\/strong><\/p>\n<\/blockquote>\n\n<pre class=\"wp-block-preformatted\">haz click en los logotipos para ir a los sitios web<\/pre>\n\n<div class=\"wp-block-media-text is-stacked-on-mobile\"><figure class=\"wp-block-media-text__media\"><a href=\"https:\/\/tratadosmusicalesibericos.usal.es\/\"><img loading=\"lazy\" decoding=\"async\" width=\"1024\" height=\"483\" src=\"https:\/\/webs.uab.cat\/sirens\/wp-content\/uploads\/sites\/681\/2026\/04\/logo_tratados_musicales_a-1024x483.png\" alt=\"\" class=\"wp-image-981 size-full\" srcset=\"https:\/\/webs.uab.cat\/sirens\/wp-content\/uploads\/sites\/681\/2026\/04\/logo_tratados_musicales_a-1024x483.png 1024w, https:\/\/webs.uab.cat\/sirens\/wp-content\/uploads\/sites\/681\/2026\/04\/logo_tratados_musicales_a-300x141.png 300w, https:\/\/webs.uab.cat\/sirens\/wp-content\/uploads\/sites\/681\/2026\/04\/logo_tratados_musicales_a-768x362.png 768w, https:\/\/webs.uab.cat\/sirens\/wp-content\/uploads\/sites\/681\/2026\/04\/logo_tratados_musicales_a-1200x566.png 1200w, https:\/\/webs.uab.cat\/sirens\/wp-content\/uploads\/sites\/681\/2026\/04\/logo_tratados_musicales_a.png 1434w\" sizes=\"auto, (max-width: 1024px) 100vw, 1024px\" \/><\/a><\/figure><div class=\"wp-block-media-text__content\">\n<p>Sitio web con base de datos bibliogr\u00e1fica sobre tratados musicales del mundo ib\u00e9rico, as\u00ed como transcripciones de algunos de ellos.<\/p>\n<\/div><\/div>\n\n<div class=\"wp-block-group is-nowrap is-layout-flex wp-container-core-group-is-layout-ad2f72ca wp-block-group-is-layout-flex\">\n<p>Sitio web del proyecto Didone, que ha creado un cat\u00e1logo exhaustivo de emociones en la m\u00fasica para analizar las convenciones que definieron la expresi\u00f3n y el significado musical en los dramas de Metastasio. <\/p>\n\n\n\n<figure class=\"wp-block-image size-full\"><a href=\"https:\/\/didone.eu\/\"><img loading=\"lazy\" decoding=\"async\" width=\"900\" height=\"900\" src=\"https:\/\/webs.uab.cat\/sirens\/wp-content\/uploads\/sites\/681\/2026\/04\/unnamed.jpg\" alt=\"\" class=\"wp-image-986\" srcset=\"https:\/\/webs.uab.cat\/sirens\/wp-content\/uploads\/sites\/681\/2026\/04\/unnamed.jpg 900w, https:\/\/webs.uab.cat\/sirens\/wp-content\/uploads\/sites\/681\/2026\/04\/unnamed-300x300.jpg 300w, https:\/\/webs.uab.cat\/sirens\/wp-content\/uploads\/sites\/681\/2026\/04\/unnamed-150x150.jpg 150w, https:\/\/webs.uab.cat\/sirens\/wp-content\/uploads\/sites\/681\/2026\/04\/unnamed-768x768.jpg 768w\" sizes=\"auto, (max-width: 900px) 100vw, 900px\" \/><\/a><\/figure>\n<\/div>\n\n<div class=\"wp-block-media-text is-stacked-on-mobile\" style=\"grid-template-columns:29% auto\"><figure class=\"wp-block-media-text__media\"><a href=\"https:\/\/www.universosonoromaya.unam.mx\/\"><img loading=\"lazy\" decoding=\"async\" width=\"995\" height=\"810\" src=\"https:\/\/webs.uab.cat\/sirens\/wp-content\/uploads\/sites\/681\/2026\/04\/maya2.png\" alt=\"\" class=\"wp-image-996 size-full\" srcset=\"https:\/\/webs.uab.cat\/sirens\/wp-content\/uploads\/sites\/681\/2026\/04\/maya2.png 995w, https:\/\/webs.uab.cat\/sirens\/wp-content\/uploads\/sites\/681\/2026\/04\/maya2-300x244.png 300w, https:\/\/webs.uab.cat\/sirens\/wp-content\/uploads\/sites\/681\/2026\/04\/maya2-768x625.png 768w\" sizes=\"auto, (max-width: 995px) 100vw, 995px\" \/><\/a><\/figure><div class=\"wp-block-media-text__content\">\n<p>Sitio web del grupo \u00abUniversos Sonoros Mayas\u00bb de la Universidad Nacional Aut\u00f3noma de M\u00e9xico, que incluye un juego interactivo para escuchar instrumentos musicales arqueol\u00f3gicos y crear una composici\u00f3n con ellos.<\/p>\n<\/div><\/div>\n\n<div class=\"wp-block-group is-nowrap is-layout-flex wp-container-core-group-is-layout-ad2f72ca wp-block-group-is-layout-flex\">\n<p>Sitio web del grupo de investigaci\u00f3n \u2018Epistemes of Modern Acoustics\u2019 del Instituto Max Planck, que se centra en las pr\u00e1cticas religiosas, pol\u00edticas y art\u00edsticas en torno al estudio de la naturaleza y la percepci\u00f3n del sonido en la era moderna.<\/p>\n\n\n\n<figure class=\"wp-block-image size-full\"><a href=\"https:\/\/www.mpiwg-berlin.mpg.de\/research\/projects\/RGTkaczyk\"><img loading=\"lazy\" decoding=\"async\" width=\"351\" height=\"360\" src=\"https:\/\/webs.uab.cat\/sirens\/wp-content\/uploads\/sites\/681\/2026\/04\/logo.png\" alt=\"\" class=\"wp-image-1005\" srcset=\"https:\/\/webs.uab.cat\/sirens\/wp-content\/uploads\/sites\/681\/2026\/04\/logo.png 351w, https:\/\/webs.uab.cat\/sirens\/wp-content\/uploads\/sites\/681\/2026\/04\/logo-293x300.png 293w\" sizes=\"auto, (max-width: 351px) 100vw, 351px\" \/><\/a><\/figure>\n<\/div>\n\n<div class=\"wp-block-media-text is-stacked-on-mobile\" style=\"grid-template-columns:33% auto\"><figure class=\"wp-block-media-text__media\"><a href=\"https:\/\/www.historicalsoundscapes.com\/\"><img loading=\"lazy\" decoding=\"async\" width=\"360\" height=\"360\" src=\"https:\/\/webs.uab.cat\/sirens\/wp-content\/uploads\/sites\/681\/2026\/04\/t088_BC6_400x400.jpg\" alt=\"\" class=\"wp-image-1012 size-full\" srcset=\"https:\/\/webs.uab.cat\/sirens\/wp-content\/uploads\/sites\/681\/2026\/04\/t088_BC6_400x400.jpg 360w, https:\/\/webs.uab.cat\/sirens\/wp-content\/uploads\/sites\/681\/2026\/04\/t088_BC6_400x400-300x300.jpg 300w, https:\/\/webs.uab.cat\/sirens\/wp-content\/uploads\/sites\/681\/2026\/04\/t088_BC6_400x400-150x150.jpg 150w\" sizes=\"auto, (max-width: 360px) 100vw, 360px\" \/><\/a><\/figure><div class=\"wp-block-media-text__content\">\n<p>Web \u201cPaisajes sonoros hist\u00f3ricos (c. 1200\u20131800). Contiene una gran base de datos de recursos cartogr\u00e1ficos organizados por proyectos, por ciudades, por itinerarios y a escala global. Se muestran eventos sonoros hist\u00f3ricos significativos de cada lugar.<\/p>\n<\/div><\/div>\n\n<p><\/p>\n","protected":false},"excerpt":{"rendered":"<p>En la cosmolog\u00eda musical de la Edad Media y Moderna, la simpat\u00eda era la tendencia natural de las cosas similares a vibrar conjuntamente. En esta ventana mostramos sitios web simp\u00e1ticos con el nuestro. haz click en los logotipos para ir a los sitios web Sitio web con base de datos bibliogr\u00e1fica sobre tratados musicales del [&hellip;]<\/p>\n","protected":false},"author":3104,"featured_media":0,"parent":0,"menu_order":0,"comment_status":"closed","ping_status":"closed","template":"","meta":{"footnotes":""},"class_list":["post-1033","page","type-page","status-publish","hentry"],"_links":{"self":[{"href":"https:\/\/webs.uab.cat\/sirens\/es\/wp-json\/wp\/v2\/pages\/1033","targetHints":{"allow":["GET"]}}],"collection":[{"href":"https:\/\/webs.uab.cat\/sirens\/es\/wp-json\/wp\/v2\/pages"}],"about":[{"href":"https:\/\/webs.uab.cat\/sirens\/es\/wp-json\/wp\/v2\/types\/page"}],"author":[{"embeddable":true,"href":"https:\/\/webs.uab.cat\/sirens\/es\/wp-json\/wp\/v2\/users\/3104"}],"replies":[{"embeddable":true,"href":"https:\/\/webs.uab.cat\/sirens\/es\/wp-json\/wp\/v2\/comments?post=1033"}],"version-history":[{"count":2,"href":"https:\/\/webs.uab.cat\/sirens\/es\/wp-json\/wp\/v2\/pages\/1033\/revisions"}],"predecessor-version":[{"id":1092,"href":"https:\/\/webs.uab.cat\/sirens\/es\/wp-json\/wp\/v2\/pages\/1033\/revisions\/1092"}],"wp:attachment":[{"href":"https:\/\/webs.uab.cat\/sirens\/es\/wp-json\/wp\/v2\/media?parent=1033"}],"curies":[{"name":"wp","href":"https:\/\/api.w.org\/{rel}","templated":true}]}}