{"id":1272,"date":"2026-04-27T12:46:01","date_gmt":"2026-04-27T10:46:01","guid":{"rendered":"https:\/\/webs.uab.cat\/sirens\/explora\/"},"modified":"2026-04-27T13:40:20","modified_gmt":"2026-04-27T11:40:20","slug":"explora","status":"publish","type":"page","link":"https:\/\/webs.uab.cat\/sirens\/es\/explora\/","title":{"rendered":"explora"},"content":{"rendered":"\n<div class=\"wp-block-cover is-light wp-duotone-purple-yellow\"><img loading=\"lazy\" decoding=\"async\" width=\"778\" height=\"674\" class=\"wp-block-cover__image-background wp-image-1315 size-full\" alt=\"\" src=\"https:\/\/webs.uab.cat\/sirens\/wp-content\/uploads\/sites\/681\/2026\/04\/CIIIRRIWgAAPHPa.jpg\" style=\"object-position:49% 31%\" data-object-fit=\"cover\" data-object-position=\"49% 31%\" srcset=\"https:\/\/webs.uab.cat\/sirens\/wp-content\/uploads\/sites\/681\/2026\/04\/CIIIRRIWgAAPHPa.jpg 778w, https:\/\/webs.uab.cat\/sirens\/wp-content\/uploads\/sites\/681\/2026\/04\/CIIIRRIWgAAPHPa-300x260.jpg 300w, https:\/\/webs.uab.cat\/sirens\/wp-content\/uploads\/sites\/681\/2026\/04\/CIIIRRIWgAAPHPa-768x665.jpg 768w\" sizes=\"auto, (max-width: 778px) 100vw, 778px\" \/><span aria-hidden=\"true\" class=\"wp-block-cover__background has-background-dim\" style=\"background-color:#9b8663\"><\/span><div class=\"wp-block-cover__inner-container is-layout-constrained wp-block-cover-is-layout-constrained\">\n<p class=\"has-text-align-center has-blanc-coco-color has-text-color has-link-color has-large-font-size wp-elements-698bd868953c7540e3d3c16989771e4f\"><strong>BESTIARIO MUSICAL<\/strong><\/p>\n\n\n\n<p class=\"has-blanc-coco-color has-text-color has-link-color wp-elements-496dbafd6c1f183fadfe9998dd88a7ae\">No s\u00f3lo los p\u00e1jaros, muchos animales muestran comportamientos musicales:<br\/>el delf\u00edn, el perezoso, el cisne o el ciervo son algunos.<\/p>\n\n\n\n<div class=\"wp-block-buttons alignfull is-layout-flex wp-block-buttons-is-layout-flex\">\n<div class=\"wp-block-button is-style-fill\"><a class=\"wp-block-button__link wp-element-button\" href=\"https:\/\/webs.uab.cat\/sirens\/es\/bestiario-musical\/\"><strong>Abrir<\/strong><\/a><\/div>\n<\/div>\n<\/div><\/div>\n\n<div class=\"wp-block-cover wp-duotone-blue-orange\"><img loading=\"lazy\" decoding=\"async\" width=\"740\" height=\"560\" class=\"wp-block-cover__image-background wp-image-1291 size-full\" alt=\"\" src=\"https:\/\/webs.uab.cat\/sirens\/wp-content\/uploads\/sites\/681\/2026\/04\/simonemartini_0.jpg\" style=\"object-position:53% 24%\" data-object-fit=\"cover\" data-object-position=\"53% 24%\" srcset=\"https:\/\/webs.uab.cat\/sirens\/wp-content\/uploads\/sites\/681\/2026\/04\/simonemartini_0.jpg 740w, https:\/\/webs.uab.cat\/sirens\/wp-content\/uploads\/sites\/681\/2026\/04\/simonemartini_0-300x227.jpg 300w\" sizes=\"auto, (max-width: 740px) 100vw, 740px\" \/><span aria-hidden=\"true\" class=\"wp-block-cover__background has-background-dim\" style=\"background-color:#947357\"><\/span><div class=\"wp-block-cover__inner-container is-layout-constrained wp-block-cover-is-layout-constrained\">\n<p class=\"has-text-align-center has-large-font-size\"><strong>FONOTECA DE PASIONES<\/strong><\/p>\n\n\n\n<p><strong>\u00bfC\u00f3mo suena la alegr\u00eda? \u00bfC\u00f3mo se expresa un llanto en una composici\u00f3n musical? \u00bfY la ira, la verg\u00fcenza? \u00bfY c\u00f3mo se canta desde el miedo?   <\/strong><\/p>\n\n\n\n<div class=\"wp-block-buttons is-layout-flex wp-block-buttons-is-layout-flex\">\n<div class=\"wp-block-button\"><a class=\"wp-block-button__link wp-element-button\" href=\"https:\/\/webs.uab.cat\/sirens\/es\/sonorario-de-las-emociones\/\">ABRIR<\/a><\/div>\n<\/div>\n<\/div><\/div>\n\n<div class=\"wp-block-cover is-light wp-duotone-blue-orange\"><img loading=\"lazy\" decoding=\"async\" width=\"800\" height=\"1029\" class=\"wp-block-cover__image-background wp-image-1318 size-full\" alt=\"\" src=\"https:\/\/webs.uab.cat\/sirens\/wp-content\/uploads\/sites\/681\/2026\/04\/bal_ecfac3a9_184037_230626144037_800x1029.jpg\" style=\"object-position:53% 8%\" data-object-fit=\"cover\" data-object-position=\"53% 8%\" srcset=\"https:\/\/webs.uab.cat\/sirens\/wp-content\/uploads\/sites\/681\/2026\/04\/bal_ecfac3a9_184037_230626144037_800x1029.jpg 800w, https:\/\/webs.uab.cat\/sirens\/wp-content\/uploads\/sites\/681\/2026\/04\/bal_ecfac3a9_184037_230626144037_800x1029-233x300.jpg 233w, https:\/\/webs.uab.cat\/sirens\/wp-content\/uploads\/sites\/681\/2026\/04\/bal_ecfac3a9_184037_230626144037_800x1029-796x1024.jpg 796w, https:\/\/webs.uab.cat\/sirens\/wp-content\/uploads\/sites\/681\/2026\/04\/bal_ecfac3a9_184037_230626144037_800x1029-768x988.jpg 768w\" sizes=\"auto, (max-width: 800px) 100vw, 800px\" \/><span aria-hidden=\"true\" class=\"wp-block-cover__background has-background-dim\" style=\"background-color:#dabf90\"><\/span><div class=\"wp-block-cover__inner-container is-layout-constrained wp-block-cover-is-layout-constrained\">\n<p class=\"has-text-align-center has-blanc-coco-color has-text-color has-link-color has-large-font-size wp-elements-73a307d59c12b7282b7efcdf71c15c44\"><strong>PILDORAS SONORAS<\/strong><\/p>\n\n\n\n<p class=\"has-blanc-coco-color has-text-color has-link-color wp-elements-72fb8f8122e7abe2addc7b25b4a4bb5d\"><strong>\u00bfTe duele algo? \u00bfQu\u00e9 insecto te ha picado? Para cualquier da\u00f1o que te aflija, aqu\u00ed encontrar\u00e1s el remedio musical.  <\/strong><\/p>\n\n\n\n<div class=\"wp-block-buttons is-layout-flex wp-block-buttons-is-layout-flex\">\n<div class=\"wp-block-button\"><a class=\"wp-block-button__link wp-element-button\" href=\"https:\/\/webs.uab.cat\/sirens\/es\/pildoras-sonoras\/\">ABRIR<\/a><\/div>\n<\/div>\n<\/div><\/div>\n","protected":false},"excerpt":{"rendered":"","protected":false},"author":3104,"featured_media":0,"parent":0,"menu_order":0,"comment_status":"closed","ping_status":"closed","template":"","meta":{"footnotes":""},"class_list":["post-1272","page","type-page","status-publish","hentry"],"_links":{"self":[{"href":"https:\/\/webs.uab.cat\/sirens\/es\/wp-json\/wp\/v2\/pages\/1272","targetHints":{"allow":["GET"]}}],"collection":[{"href":"https:\/\/webs.uab.cat\/sirens\/es\/wp-json\/wp\/v2\/pages"}],"about":[{"href":"https:\/\/webs.uab.cat\/sirens\/es\/wp-json\/wp\/v2\/types\/page"}],"author":[{"embeddable":true,"href":"https:\/\/webs.uab.cat\/sirens\/es\/wp-json\/wp\/v2\/users\/3104"}],"replies":[{"embeddable":true,"href":"https:\/\/webs.uab.cat\/sirens\/es\/wp-json\/wp\/v2\/comments?post=1272"}],"version-history":[{"count":2,"href":"https:\/\/webs.uab.cat\/sirens\/es\/wp-json\/wp\/v2\/pages\/1272\/revisions"}],"predecessor-version":[{"id":1325,"href":"https:\/\/webs.uab.cat\/sirens\/es\/wp-json\/wp\/v2\/pages\/1272\/revisions\/1325"}],"wp:attachment":[{"href":"https:\/\/webs.uab.cat\/sirens\/es\/wp-json\/wp\/v2\/media?parent=1272"}],"curies":[{"name":"wp","href":"https:\/\/api.w.org\/{rel}","templated":true}]}}