{"id":204,"date":"2025-09-11T11:19:05","date_gmt":"2025-09-11T09:19:05","guid":{"rendered":"https:\/\/webs.uab.cat\/sirens\/publicaciones\/"},"modified":"2025-09-26T13:31:32","modified_gmt":"2025-09-26T11:31:32","slug":"publicaciones","status":"publish","type":"page","link":"https:\/\/webs.uab.cat\/sirens\/es\/publicaciones\/","title":{"rendered":"publicaciones"},"content":{"rendered":"\n<h2 class=\"wp-block-heading\">Publicaciones cient\u00edficas<\/h2>\n\n<details class=\"wp-block-details is-layout-flow wp-block-details-is-layout-flow\"><summary>Touching the Soul. Nerves and Music in the Origin of Passions by B.J. Feijoo (1676\u20131764) <\/summary>\n<p><\/p>\n\n\n\n<p><strong>Autor: <\/strong>Elena Serrano Jerez.<\/p>\n\n\n\n<p><strong>Revista:<\/strong> <em>Nuncius<\/em>, 39 (2): 338\u2013361<br\/>(special issue) Touching Visions: Intersensoriality and Gender in the History of Science (ed. by Hansun Hsiung, Elena Paulino, and Elena Serrano.  <\/p>\n\n\n\n<p><strong>Resum:<\/strong> Explorando la infuencia de la m\u00fasica en el modelo fisiol\u00f3gico desarrollado por el fil\u00f3sofo natural benedictino Benito J. Feijoo (1676-1764), este art\u00edculo pretende contribuir a las conversaciones continuas sobre el papel de las experiencias intersensoriales, afectivas y de g\u00e9nero en la producci\u00f3n de conocimiento. Uno de los escritores m\u00e1s influyentes del mundo hisp\u00e1nico, Feijoo, intent\u00f3 explicar c\u00f3mo las impresiones del mundo exterior captadas por los sentidos pod\u00edan llegar a provocar \u00abpasiones\u00bb o \u00abmovimientos del alma\u00bb, lo que hoy llamamos \u00abemociones\u00bb. El art\u00edculo sugiere que el profundo conocimiento de Feijoo de la naturaleza del sonido, sus observaciones y lecturas sobre la influencia de la m\u00fasica en el estado de \u00e1nimo y la salud y, sobretodo, los intensos sentimientos que la m\u00fasica despertaba en \u00e9l, influyeron en su visi\u00f3n sobre la fisiolog\u00eda de las emociones.  <\/p>\n\n\n\n<p><strong>Palabras clave: <\/strong>historia de las emociones, intersensorialidad, g\u00e9nero.<\/p>\n\n\n\n<div data-wp-interactive=\"core\/file\" class=\"wp-block-file\"><object data-wp-bind--hidden=\"!state.hasPdfPreview\" hidden class=\"wp-block-file__embed\" data=\"https:\/\/webs.uab.cat\/sirens\/wp-content\/uploads\/sites\/681\/2025\/09\/Serrano-E.-Touching-the-Soul.-Nerves-and-Music-in-the-Origin-of-Passions-by-B.J.-Feijoo-1676&#x2013;1764.pdf\" type=\"application\/pdf\" style=\"width:100%;height:600px\" aria-label=\"Incrustado de Serrano, E. Touching the Soul. Nerves and Music in the Origin of Passions by B.J. Feijoo (1676\u20131764).\"><\/object><a id=\"wp-block-file--media-72e35b0a-0eaa-426a-bd72-971b9fcb2bca\" href=\"https:\/\/webs.uab.cat\/sirens\/wp-content\/uploads\/sites\/681\/2025\/09\/Serrano-E.-Touching-the-Soul.-Nerves-and-Music-in-the-Origin-of-Passions-by-B.J.-Feijoo-1676&#x2013;1764.pdf\">Serrano, E. Touching the Soul. Nerves and Music in the Origin of Passions by B.J. Feijoo (1676\u20131764) <\/a><a href=\"https:\/\/webs.uab.cat\/sirens\/wp-content\/uploads\/sites\/681\/2025\/09\/Serrano-E.-Touching-the-Soul.-Nerves-and-Music-in-the-Origin-of-Passions-by-B.J.-Feijoo-1676&#x2013;1764.pdf\" class=\"wp-block-file__button wp-element-button\" download=\"\" aria-describedby=\"wp-block-file--media-72e35b0a-0eaa-426a-bd72-971b9fcb2bca\">Descarga<\/a><\/div>\n<\/details>\n\n<details class=\"wp-block-details is-layout-flow wp-block-details-is-layout-flow\"><summary>Una ac\u00fastica cat\u00f3lica para la Barcelona de finales del siglo XIX: cuerpo, alma y subjetividad.<\/summary>\n<p><\/p>\n\n\n\n<p><strong>Autor:<\/strong> Tasio Rodrigo.<\/p>\n\n\n\n<p><strong>Revista:<\/strong> <em>Dynamis<\/em>, 44(2): 491-520.<\/p>\n\n\n\n<p><strong>Resum:<\/strong> En la segunda mitad del siglo XIX empieza a consolidarse una nueva forma de<br\/>entender y relacionarse con el sonido, que deriva del pensamiento rom\u00e1ntico al moderno. En Europa, la nueva ciencia ac\u00fastica impartida por Helmholtz y Tyndall es acompa\u00f1ada por<br\/>un nuevo pensamiento est\u00e9tico-musical, basado en el determinismo material de la escucha. El presente trabajo analiza la manera en la que esta ciencia ac\u00fastica europea, junto con sus<br\/>significaciones adyacentes, se interpretaron en el contexto local de Barcelona, atendiendo<br\/>a los condicionantes de la religi\u00f3n cat\u00f3lica. A trav\u00e9s del estudio de caso de las conferencias impartidas por Francisco de Paula Rojas en el Ateneu Barcelon\u00e8s en el a\u00f1o 1877, se estudiar\u00e1 la construcci\u00f3n de una teor\u00eda ac\u00fastica cat\u00f3lica, en la que los elementos cient\u00edficos y religiosos se presentaron en armon\u00eda. De este modo, se extraer\u00e1n las interacciones presentes entre la cosmolog\u00eda cient\u00edfica y la religiosa, as\u00ed como las relaciones entre el pensamiento cient\u00edfico y el est\u00e9tico.<\/p>\n\n\n\n<p><strong>Palabras clave:<\/strong> ac\u00fastica, siglo XIX, est\u00e9tica, m\u00fasica, Barcelona, religi\u00f3n.<\/p>\n\n\n\n<div data-wp-interactive=\"core\/file\" class=\"wp-block-file\"><object data-wp-bind--hidden=\"!state.hasPdfPreview\" hidden class=\"wp-block-file__embed\" data=\"https:\/\/webs.uab.cat\/sirens\/wp-content\/uploads\/sites\/681\/2025\/09\/Rodrigo-T.-Una-acustica-catolica-para-la-Barcelona-de-finales-del-siglo-XIX-cuerpo-alma-y-subjetividad-1.pdf\" type=\"application\/pdf\" style=\"width:100%;height:600px\" aria-label=\"Incrustado de Rodrigo, T. Una ac\u00fastica cat\u00f3lica para la Barcelona de finales del siglo XIX- cuerpo, alma y subjetividad..\"><\/object><a id=\"wp-block-file--media-69918045-329d-4570-99c1-44c562f79d01\" href=\"https:\/\/webs.uab.cat\/sirens\/wp-content\/uploads\/sites\/681\/2025\/09\/Rodrigo-T.-Una-acustica-catolica-para-la-Barcelona-de-finales-del-siglo-XIX-cuerpo-alma-y-subjetividad-1.pdf\">Rodrigo, T. Una ac\u00fastica cat\u00f3lica para la Barcelona de finales del siglo XIX- cuerpo, alma y subjetividad.<\/a><a href=\"https:\/\/webs.uab.cat\/sirens\/wp-content\/uploads\/sites\/681\/2025\/09\/Rodrigo-T.-Una-acustica-catolica-para-la-Barcelona-de-finales-del-siglo-XIX-cuerpo-alma-y-subjetividad-1.pdf\" class=\"wp-block-file__button wp-element-button\" download=\"\" aria-describedby=\"wp-block-file--media-69918045-329d-4570-99c1-44c562f79d01\">Descarga<\/a><\/div>\n<\/details>\n\n<p><\/p>\n\n<p class=\"has-text-align-center\">\u00b7\u00b7\u00b7<\/p>\n\n<p><\/p>\n\n<h2 class=\"wp-block-heading\">Publicaciones de diseminaci\u00f3n<\/h2>\n<div class=\"wp-block-image\">\n<figure class=\"alignleft size-full is-resized\"><a href=\"https:\/\/www.instagram.com\/reel\/DIjyDF9PoU-\/\"><img loading=\"lazy\" decoding=\"async\" width=\"420\" height=\"537\" src=\"https:\/\/webs.uab.cat\/sirens\/wp-content\/uploads\/sites\/681\/2025\/09\/image-2.png\" alt=\"\" class=\"wp-image-544\" style=\"width:180px;height:auto\" srcset=\"https:\/\/webs.uab.cat\/sirens\/wp-content\/uploads\/sites\/681\/2025\/09\/image-2.png 420w, https:\/\/webs.uab.cat\/sirens\/wp-content\/uploads\/sites\/681\/2025\/09\/image-2-235x300.png 235w\" sizes=\"auto, (max-width: 420px) 100vw, 420px\" \/><\/a><\/figure>\n<\/div>\n<p><strong>Los viajes de un antiguo libro lleno de m\u00fasica y enigmas: del Mediterraneo al Golfo de M\u00e9xico.<\/strong><br\/>V\u00eddeo para la p\u00e1gina de instagram del Museo Legislativo de la C\u00e1mara de Diputados \u00abSentimientos de la Naci\u00f3n\u00bb, en la Ciudad de M\u00e9xico, por el aniversario luctuoso de Sor Juana In\u00e9s de la Cruz.<\/p>\n\n<pre class=\"wp-block-preformatted\">haz click en la imagen para ver el video<\/pre>\n","protected":false},"excerpt":{"rendered":"<p>Publicaciones cient\u00edficas \u00b7\u00b7\u00b7 Publicaciones de diseminaci\u00f3n Los viajes de un antiguo libro lleno de m\u00fasica y enigmas: del Mediterraneo al Golfo de M\u00e9xico.V\u00eddeo para la p\u00e1gina de instagram del Museo Legislativo de la C\u00e1mara de Diputados \u00abSentimientos de la Naci\u00f3n\u00bb, en la Ciudad de M\u00e9xico, por el aniversario luctuoso de Sor Juana In\u00e9s de la [&hellip;]<\/p>\n","protected":false},"author":3104,"featured_media":0,"parent":0,"menu_order":0,"comment_status":"closed","ping_status":"closed","template":"","meta":{"footnotes":""},"class_list":["post-204","page","type-page","status-publish","hentry"],"_links":{"self":[{"href":"https:\/\/webs.uab.cat\/sirens\/es\/wp-json\/wp\/v2\/pages\/204","targetHints":{"allow":["GET"]}}],"collection":[{"href":"https:\/\/webs.uab.cat\/sirens\/es\/wp-json\/wp\/v2\/pages"}],"about":[{"href":"https:\/\/webs.uab.cat\/sirens\/es\/wp-json\/wp\/v2\/types\/page"}],"author":[{"embeddable":true,"href":"https:\/\/webs.uab.cat\/sirens\/es\/wp-json\/wp\/v2\/users\/3104"}],"replies":[{"embeddable":true,"href":"https:\/\/webs.uab.cat\/sirens\/es\/wp-json\/wp\/v2\/comments?post=204"}],"version-history":[{"count":4,"href":"https:\/\/webs.uab.cat\/sirens\/es\/wp-json\/wp\/v2\/pages\/204\/revisions"}],"predecessor-version":[{"id":558,"href":"https:\/\/webs.uab.cat\/sirens\/es\/wp-json\/wp\/v2\/pages\/204\/revisions\/558"}],"wp:attachment":[{"href":"https:\/\/webs.uab.cat\/sirens\/es\/wp-json\/wp\/v2\/media?parent=204"}],"curies":[{"name":"wp","href":"https:\/\/api.w.org\/{rel}","templated":true}]}}