{"id":122,"date":"2025-09-11T11:18:09","date_gmt":"2025-09-11T09:18:09","guid":{"rendered":"https:\/\/webs.uab.cat\/sirens\/?page_id=122"},"modified":"2025-09-26T13:34:31","modified_gmt":"2025-09-26T11:34:31","slug":"linies-de-recerca","status":"publish","type":"page","link":"https:\/\/webs.uab.cat\/sirens\/linies-de-recerca\/","title":{"rendered":"l\u00ednies de recerca"},"content":{"rendered":"<div class=\"wp-block-image\">\n<figure class=\"aligncenter size-large is-resized\"><img loading=\"lazy\" decoding=\"async\" width=\"1024\" height=\"348\" src=\"https:\/\/webs.uab.cat\/sirens\/wp-content\/uploads\/sites\/681\/2025\/09\/Mandorejjjj-1024x348.jpeg\" alt=\"\" class=\"wp-image-441\" style=\"width:155px;height:auto\" srcset=\"https:\/\/webs.uab.cat\/sirens\/wp-content\/uploads\/sites\/681\/2025\/09\/Mandorejjjj-1024x348.jpeg 1024w, https:\/\/webs.uab.cat\/sirens\/wp-content\/uploads\/sites\/681\/2025\/09\/Mandorejjjj-300x102.jpeg 300w, https:\/\/webs.uab.cat\/sirens\/wp-content\/uploads\/sites\/681\/2025\/09\/Mandorejjjj-768x261.jpeg 768w, https:\/\/webs.uab.cat\/sirens\/wp-content\/uploads\/sites\/681\/2025\/09\/Mandorejjjj-1200x408.jpeg 1200w, https:\/\/webs.uab.cat\/sirens\/wp-content\/uploads\/sites\/681\/2025\/09\/Mandorejjjj.jpeg 1359w\" sizes=\"auto, (max-width: 1024px) 100vw, 1024px\" \/><\/figure>\n<\/div>\n\n\n<h2 class=\"wp-block-heading alignwide\">La m\u00fasica i el Nou M\u00f3n<\/h2>\n\n\n\n<p><strong>Objectiu: <\/strong>Descriure i analitzar el paper de la m\u00fasica per categoritzar la naturalesa dels habitants ind\u00edgenes del &#8220;Nou M\u00f3n&#8221;.<\/p>\n\n\n\n<p class=\"has-text-align-left\">Aquesta l\u00ednia de recerca investigar\u00e0 com els viatgers i missioners europeus van descriure la m\u00fasica i els sons que van trobar a les Am\u00e8riques per categoritzar i avaluar la naturalesa dels habitants ind\u00edgenes. La hip\u00f2tesi principal \u00e9s que la interpretaci\u00f3 de la m\u00fasica i el so de les poblacions locals va ser fonamental per a l&#8217;experi\u00e8ncia de les trobades interculturals, alhora que va contribuir a una investigaci\u00f3 m\u00e9s \u00e0mplia sobre les caracter\u00edstiques compartides i definidores de la humanitat durant aquest per\u00edode. Per tant, aquesta l\u00ednia de recerca examinar\u00e0 com les observacions de les pr\u00e0ctiques i sensibilitats musicals ind\u00edgenes es van utilitzar com a arguments en debats sobre la &#8220;humanitat&#8221; ind\u00edgena, des de la famosa Pol\u00e9mica de los Naturales entre Bartolom\u00e9 de las Casas i Juan Gin\u00e9s de Sep\u00falveda fins als debats de l&#8217;\u00e8poca de la Il\u00b7lustraci\u00f3 sobre l&#8217;esclavitud i l&#8217;exist\u00e8ncia de diferents tipus humans. Amb aquesta finalitat, la investigaci\u00f3 integrar\u00e0 testimonis i descripcions presumptament basats en experi\u00e8ncies in situ o de primera m\u00e0 al &#8220;Nou M\u00f3n&#8221;, com ara diaris de viatges, informes de missioners i relats imperials, amb estudis i tractats europeus que van incorporar aquesta informaci\u00f3 a narratives filos\u00f2fiques, hist\u00f2riques, m\u00e8diques o pol\u00edtiques m\u00e9s \u00e0mplies.<\/p>\n\n\n<div class=\"wp-block-image\">\n<figure class=\"aligncenter size-large is-resized\"><img loading=\"lazy\" decoding=\"async\" width=\"1024\" height=\"348\" src=\"https:\/\/webs.uab.cat\/sirens\/wp-content\/uploads\/sites\/681\/2025\/09\/Mandorejjjj-1024x348.jpeg\" alt=\"\" class=\"wp-image-441\" style=\"width:155px;height:auto\" srcset=\"https:\/\/webs.uab.cat\/sirens\/wp-content\/uploads\/sites\/681\/2025\/09\/Mandorejjjj-1024x348.jpeg 1024w, https:\/\/webs.uab.cat\/sirens\/wp-content\/uploads\/sites\/681\/2025\/09\/Mandorejjjj-300x102.jpeg 300w, https:\/\/webs.uab.cat\/sirens\/wp-content\/uploads\/sites\/681\/2025\/09\/Mandorejjjj-768x261.jpeg 768w, https:\/\/webs.uab.cat\/sirens\/wp-content\/uploads\/sites\/681\/2025\/09\/Mandorejjjj-1200x408.jpeg 1200w, https:\/\/webs.uab.cat\/sirens\/wp-content\/uploads\/sites\/681\/2025\/09\/Mandorejjjj.jpeg 1359w\" sizes=\"auto, (max-width: 1024px) 100vw, 1024px\" \/><\/figure>\n<\/div>\n\n\n<h2 class=\"wp-block-heading alignwide\">\u00bfPoden els animals fer m\u00fasica?<\/h2>\n\n\n\n<p><strong>Objectiu:<\/strong> Descriure i analitzar el paper de la m\u00fasica per tra\u00e7ar els l\u00edmits del que es considera &#8220;hum\u00e0&#8221; en els debats de l&#8217;Edat Moderna.<\/p>\n\n\n\n<p>Aquesta l\u00ednia analitza els canvis que van tenir lloc en la racionalitzaci\u00f3 del cant animal durant els segles XVII i XVIII, impulsats per les trobades dels europeus amb els nous paisatges sonors de les Am\u00e8riques i les visions naturals i mitol\u00f2giques de les civilitzacions precolombines sobre la fauna i la flora. En aquest moment, la naturalesa \u00faltima de la m\u00fasica es debatia a Europa, tant epistemol\u00f2gicament com est\u00e8ticament: \u00bfestava la m\u00fasica vinculada al num\u00e8ric, al racional i al div\u00ed, o lligada al cos, als afectes i al llenguatge? La q\u00fcesti\u00f3 subjacent era si la capacitat humana per fer m\u00fasica era animal i instintiva o constru\u00efda racionalment. Ens interessa explorar com es van utilitzar aquests debats per categoritzar humans i no humans a les diferents bandes de l&#8217;Atl\u00e0ntic. Ens basarem en fonts europeas, colonials i natives americanes, com ara tractats filos\u00f2fics i musicals i instruments musicals. Tamb\u00e9 explorarem pr\u00e0ctiques materials com la transcripci\u00f3 del so animal, la dissecci\u00f3 d&#8217;\u00f2rgans vocals animals i la construcci\u00f3 d&#8217;instruments i dispositius musicals autom\u00e0tics.<\/p>\n\n\n<div class=\"wp-block-image\">\n<figure class=\"aligncenter size-large is-resized\"><img loading=\"lazy\" decoding=\"async\" width=\"1024\" height=\"348\" src=\"https:\/\/webs.uab.cat\/sirens\/wp-content\/uploads\/sites\/681\/2025\/09\/Mandorejjjj-1024x348.jpeg\" alt=\"\" class=\"wp-image-441\" style=\"width:155px;height:auto\" srcset=\"https:\/\/webs.uab.cat\/sirens\/wp-content\/uploads\/sites\/681\/2025\/09\/Mandorejjjj-1024x348.jpeg 1024w, https:\/\/webs.uab.cat\/sirens\/wp-content\/uploads\/sites\/681\/2025\/09\/Mandorejjjj-300x102.jpeg 300w, https:\/\/webs.uab.cat\/sirens\/wp-content\/uploads\/sites\/681\/2025\/09\/Mandorejjjj-768x261.jpeg 768w, https:\/\/webs.uab.cat\/sirens\/wp-content\/uploads\/sites\/681\/2025\/09\/Mandorejjjj-1200x408.jpeg 1200w, https:\/\/webs.uab.cat\/sirens\/wp-content\/uploads\/sites\/681\/2025\/09\/Mandorejjjj.jpeg 1359w\" sizes=\"auto, (max-width: 1024px) 100vw, 1024px\" \/><\/figure>\n<\/div>\n\n\n<h2 class=\"wp-block-heading alignwide\">M\u00fasica i emocions a l&#8217;era de la sensibilitat<\/h2>\n\n\n\n<p><strong>Objectiu:<\/strong> Analitzar com la m\u00fasica va donar forma a les idees sobre les emocions al segle XVIII; explorar com les idees sobre la natura i les pr\u00e0ctiques de composici\u00f3 i escolta es van coconstruir a trav\u00e9s de la m\u00fasica; contribuir al desenvolupament d&#8217;interpretacions hist\u00f2ricament informades (HIP).<\/p>\n\n\n\n<p>El gran impacte que va tenir el concepte de \u00absensibilitat\u00bb durant el llarg segle XVIII, aix\u00ed com el creixent inter\u00e8s pel sistema nervi\u00f3s i altres suposades noves propietats dels cossos vius, com el \u00abmagnetisme animal\u00bb i la \u00abirritabilitat\u00bb, van canviar la manera com s&#8217;entenien les emocions. Alhora, hi va haver reflexions te\u00f2riques sobre com la m\u00fasica \u2014tons i rimes, melodies i veus\u2014 commocionava els oients, cosa que, juntament amb els nous instruments, tamb\u00e9 va provocar canvis en les maneres de compondre, practicar i escoltar. Explorarem com els tractats cient\u00edfics, m\u00e8dics i musicals que van circular \u00e0mpliament, aix\u00ed com els manuals sobre pr\u00e0ctica musical, van discutir les emocions que els diferents tipus de m\u00fasica desencadenaven en un territori encara no ben cartografiat, el m\u00f3n hisp\u00e0nic, amb especial \u00e8mfasi en el g\u00e8nere i l&#8217;\u00e8tnia. Tamb\u00e9 mirarem a l&#8217;inrev\u00e9s: com les perspectives cient\u00edfiques sobre la natura poden haver influ\u00eft en les transformacions est\u00e8tiques de la m\u00fasica, com ara l&#8217;\u00abemancipaci\u00f3\u00bb de la m\u00fasica instrumental de la veu humana i l&#8217;aparici\u00f3 de noves pr\u00e0ctiques d&#8217;escolta lligades a la m\u00fasica de cambra dom\u00e8stica i als concerts p\u00fablics. Explorarem dues perspectives interconnectades: la natura com a agent extern i transcendent que evoca emocions en l&#8217;oient, aix\u00ed com les emocions humanes com a part integral de la natura. Es prestar\u00e0 especial atenci\u00f3 a la interacci\u00f3 entre la m\u00fasica, les emocions i el cos performatiu en la interpretaci\u00f3, l&#8217;escena i la dansa.<\/p>\n\n\n<div class=\"wp-block-image\">\n<figure class=\"aligncenter size-large is-resized\"><img loading=\"lazy\" decoding=\"async\" width=\"1024\" height=\"348\" src=\"https:\/\/webs.uab.cat\/sirens\/wp-content\/uploads\/sites\/681\/2025\/09\/Mandorejjjj-1024x348.jpeg\" alt=\"\" class=\"wp-image-441\" style=\"width:155px;height:auto\" srcset=\"https:\/\/webs.uab.cat\/sirens\/wp-content\/uploads\/sites\/681\/2025\/09\/Mandorejjjj-1024x348.jpeg 1024w, https:\/\/webs.uab.cat\/sirens\/wp-content\/uploads\/sites\/681\/2025\/09\/Mandorejjjj-300x102.jpeg 300w, https:\/\/webs.uab.cat\/sirens\/wp-content\/uploads\/sites\/681\/2025\/09\/Mandorejjjj-768x261.jpeg 768w, https:\/\/webs.uab.cat\/sirens\/wp-content\/uploads\/sites\/681\/2025\/09\/Mandorejjjj-1200x408.jpeg 1200w, https:\/\/webs.uab.cat\/sirens\/wp-content\/uploads\/sites\/681\/2025\/09\/Mandorejjjj.jpeg 1359w\" sizes=\"auto, (max-width: 1024px) 100vw, 1024px\" \/><\/figure>\n<\/div>","protected":false},"excerpt":{"rendered":"<p>La m\u00fasica i el Nou M\u00f3n Objectiu: Descriure i analitzar el paper de la m\u00fasica per categoritzar la naturalesa dels habitants ind\u00edgenes del &#8220;Nou M\u00f3n&#8221;. Aquesta l\u00ednia de recerca investigar\u00e0 com els viatgers i missioners europeus van descriure la m\u00fasica i els sons que van trobar a les Am\u00e8riques per categoritzar i avaluar la naturalesa [&hellip;]<\/p>\n","protected":false},"author":3104,"featured_media":0,"parent":0,"menu_order":0,"comment_status":"closed","ping_status":"closed","template":"","meta":{"footnotes":""},"class_list":["post-122","page","type-page","status-publish","hentry"],"_links":{"self":[{"href":"https:\/\/webs.uab.cat\/sirens\/wp-json\/wp\/v2\/pages\/122","targetHints":{"allow":["GET"]}}],"collection":[{"href":"https:\/\/webs.uab.cat\/sirens\/wp-json\/wp\/v2\/pages"}],"about":[{"href":"https:\/\/webs.uab.cat\/sirens\/wp-json\/wp\/v2\/types\/page"}],"author":[{"embeddable":true,"href":"https:\/\/webs.uab.cat\/sirens\/wp-json\/wp\/v2\/users\/3104"}],"replies":[{"embeddable":true,"href":"https:\/\/webs.uab.cat\/sirens\/wp-json\/wp\/v2\/comments?post=122"}],"version-history":[{"count":12,"href":"https:\/\/webs.uab.cat\/sirens\/wp-json\/wp\/v2\/pages\/122\/revisions"}],"predecessor-version":[{"id":560,"href":"https:\/\/webs.uab.cat\/sirens\/wp-json\/wp\/v2\/pages\/122\/revisions\/560"}],"wp:attachment":[{"href":"https:\/\/webs.uab.cat\/sirens\/wp-json\/wp\/v2\/media?parent=122"}],"curies":[{"name":"wp","href":"https:\/\/api.w.org\/{rel}","templated":true}]}}