{"id":124,"date":"2025-09-11T11:19:05","date_gmt":"2025-09-11T09:19:05","guid":{"rendered":"https:\/\/webs.uab.cat\/sirens\/?page_id=124"},"modified":"2025-09-26T13:22:48","modified_gmt":"2025-09-26T11:22:48","slug":"publicacions","status":"publish","type":"page","link":"https:\/\/webs.uab.cat\/sirens\/publicacions\/","title":{"rendered":"publicacions"},"content":{"rendered":"\n<h2 class=\"wp-block-heading\">Publicacions cient\u00edfiques<\/h2>\n\n\n\n<details class=\"wp-block-details is-layout-flow wp-block-details-is-layout-flow\"><summary>Touching the Soul. Nerves and Music in the Origin of Passions by B.J. Feijoo (1676\u20131764)<\/summary>\n<p><\/p>\n\n\n\n<p><strong>Autor: <\/strong>Elena Serrano Jerez.<\/p>\n\n\n\n<p><strong>Revista:<\/strong> <em>Nuncius<\/em>, 39 (2): 338\u2013361<br>(special issue) Touching Visions: Intersensoriality and Gender in the History of Science (ed. by Hansun Hsiung, Elena Paulino, and Elena Serrano.<\/p>\n\n\n\n<p><strong>Resum:<\/strong> Explorant la influ\u00e8ncia de la m\u00fasica en el model fisiol\u00f2gic desenvolupat pel fil\u00f2sof natural benedict\u00ed Benito J. Feijoo (1676\u20131764), aquest article pret\u00e9n contribuir a les converses cont\u00ednues sobre el paper de les experi\u00e8ncies intersensorials, afectives i de g\u00e8nere en la producci\u00f3 de coneixement. Un dels escriptors m\u00e9s influents del m\u00f3n hisp\u00e0nic, Feijoo va intentar explicar com les impressions del m\u00f3n exterior captades pels sentits podien arribar a provocar &#8220;passions&#8221; o &#8220;moviments de l&#8217;\u00e0nima&#8221;, el que avui anomenem &#8220;emocions&#8221;. L&#8217;article suggereix que el profund coneixement de Feijoo de la naturalesa del so, les seves observacions i lectures sobre la influ\u00e8ncia de la m\u00fasica en l&#8217;estat d&#8217;\u00e0nim i la salut, i sobretot, els intensos sentiments que la m\u00fasica despertava en ell, van influir en la seva visi\u00f3 sobre la<br>fisiologia de les emocions.<\/p>\n\n\n\n<p><strong>Paraules clau: <\/strong>hist\u00f2ria de les emocions, intersensorialitat, g\u00e8nere.<\/p>\n\n\n\n<div data-wp-interactive=\"core\/file\" class=\"wp-block-file\"><object data-wp-bind--hidden=\"!state.hasPdfPreview\" hidden class=\"wp-block-file__embed\" data=\"https:\/\/webs.uab.cat\/sirens\/wp-content\/uploads\/sites\/681\/2025\/09\/Serrano-E.-Touching-the-Soul.-Nerves-and-Music-in-the-Origin-of-Passions-by-B.J.-Feijoo-1676\u20131764.pdf\" type=\"application\/pdf\" style=\"width:100%;height:600px\" aria-label=\"Incrustaci\u00f3 del fitxer Serrano, E. Touching the Soul. Nerves and Music in the Origin of Passions by B.J. Feijoo (1676\u20131764).\"><\/object><a id=\"wp-block-file--media-72e35b0a-0eaa-426a-bd72-971b9fcb2bca\" href=\"https:\/\/webs.uab.cat\/sirens\/wp-content\/uploads\/sites\/681\/2025\/09\/Serrano-E.-Touching-the-Soul.-Nerves-and-Music-in-the-Origin-of-Passions-by-B.J.-Feijoo-1676\u20131764.pdf\">Serrano, E. Touching the Soul. Nerves and Music in the Origin of Passions by B.J. Feijoo (1676\u20131764)<\/a><a href=\"https:\/\/webs.uab.cat\/sirens\/wp-content\/uploads\/sites\/681\/2025\/09\/Serrano-E.-Touching-the-Soul.-Nerves-and-Music-in-the-Origin-of-Passions-by-B.J.-Feijoo-1676\u20131764.pdf\" class=\"wp-block-file__button wp-element-button\" download aria-describedby=\"wp-block-file--media-72e35b0a-0eaa-426a-bd72-971b9fcb2bca\">Descarga<\/a><\/div>\n<\/details>\n\n\n\n<details class=\"wp-block-details is-layout-flow wp-block-details-is-layout-flow\"><summary>Una ac\u00fastica cat\u00f2lica per a la Barcelona de finals del segle XIX: cos, \u00e0nima i subjectivitat.<\/summary>\n<p><\/p>\n\n\n\n<p><strong>Autor:<\/strong> Tasio Rodrigo.<\/p>\n\n\n\n<p><strong>Revista:<\/strong> <em>Dynamis<\/em>, 44(2): 491-520.<\/p>\n\n\n\n<p><strong>Resum:<\/strong> A la segona meitat del segle XIX comen\u00e7a a consolidar-se una nova forma de entendre i relacionar-se amb el so, que deriva del pensament rom\u00e0ntic al modern. A Europa, la nova ci\u00e8ncia ac\u00fastica impartida per Helmholtz i Tyndall \u00e9s acompanyada per un nou pensament est\u00e8tic-musical, basat en el determinisme material de l&#8217;escolta. Aquest treball analitza la manera com aquesta ci\u00e8ncia ac\u00fastica europea, juntament amb els seus significacions adjacents, es van interpretar en el context local de Barcelona, atenent als condicionants de la religi\u00f3 cat\u00f2lica. A trav\u00e9s de l&#8217;estudi de cas de les confer\u00e8ncies impartides per Francisco de Paula Rojas a l&#8217;Ateneu Barcelon\u00e8s l&#8217;any 1877, s&#8217;estudiar\u00e0 la construcci\u00f3 d&#8217;una teoria ac\u00fastica cat\u00f2lica, en que els elements cient\u00edfics i religiosos es van presentar en harmonia. D&#8217;aquesta manera, s&#8217;extrauran les interaccions presents entre la cosmologia cient\u00edfica i la religiosa, aix\u00ed com les relacions entre el pensament cient\u00edfic i l&#8217;est\u00e8tic.<\/p>\n\n\n\n<p><strong>Paraules clau:<\/strong> ac\u00fastica, segle XIX, est\u00e8tica, m\u00fasica, Barcelona, religi\u00f3.<\/p>\n\n\n\n<div data-wp-interactive=\"core\/file\" class=\"wp-block-file\"><object data-wp-bind--hidden=\"!state.hasPdfPreview\" hidden class=\"wp-block-file__embed\" data=\"https:\/\/webs.uab.cat\/sirens\/wp-content\/uploads\/sites\/681\/2025\/09\/Rodrigo-T.-Una-acustica-catolica-para-la-Barcelona-de-finales-del-siglo-XIX-cuerpo-alma-y-subjetividad-1.pdf\" type=\"application\/pdf\" style=\"width:100%;height:600px\" aria-label=\"Incrustaci\u00f3 del fitxer Rodrigo, T. Una ac\u00fastica cat\u00f3lica para la Barcelona de finales del siglo XIX- cuerpo, alma y subjetividad..\"><\/object><a id=\"wp-block-file--media-69918045-329d-4570-99c1-44c562f79d01\" href=\"https:\/\/webs.uab.cat\/sirens\/wp-content\/uploads\/sites\/681\/2025\/09\/Rodrigo-T.-Una-acustica-catolica-para-la-Barcelona-de-finales-del-siglo-XIX-cuerpo-alma-y-subjetividad-1.pdf\">Rodrigo, T. Una ac\u00fastica cat\u00f3lica para la Barcelona de finales del siglo XIX- cuerpo, alma y subjetividad.<\/a><a href=\"https:\/\/webs.uab.cat\/sirens\/wp-content\/uploads\/sites\/681\/2025\/09\/Rodrigo-T.-Una-acustica-catolica-para-la-Barcelona-de-finales-del-siglo-XIX-cuerpo-alma-y-subjetividad-1.pdf\" class=\"wp-block-file__button wp-element-button\" download aria-describedby=\"wp-block-file--media-69918045-329d-4570-99c1-44c562f79d01\">Descarga<\/a><\/div>\n<\/details>\n\n\n\n<p><\/p>\n\n\n\n<p class=\"has-text-align-center\">\u00b7\u00b7\u00b7<\/p>\n\n\n\n<p><\/p>\n\n\n\n<h2 class=\"wp-block-heading\">Publicacions de disseminaci\u00f3<\/h2>\n\n\n<div class=\"wp-block-image\">\n<figure class=\"alignleft size-full is-resized\"><a href=\"https:\/\/www.instagram.com\/reel\/DIjyDF9PoU-\/\"><img loading=\"lazy\" decoding=\"async\" width=\"420\" height=\"537\" src=\"https:\/\/webs.uab.cat\/sirens\/wp-content\/uploads\/sites\/681\/2025\/09\/image-2.png\" alt=\"\" class=\"wp-image-544\" style=\"width:180px;height:auto\" srcset=\"https:\/\/webs.uab.cat\/sirens\/wp-content\/uploads\/sites\/681\/2025\/09\/image-2.png 420w, https:\/\/webs.uab.cat\/sirens\/wp-content\/uploads\/sites\/681\/2025\/09\/image-2-235x300.png 235w\" sizes=\"auto, (max-width: 420px) 100vw, 420px\" \/><\/a><\/figure>\n<\/div>\n\n\n<p><strong>Els viatges d&#8217;un antic llibre ple de m\u00fasica i enigmes: del Mediterrani al Golf de M\u00e8xic.<\/strong><br>V\u00eddeo per a la p\u00e0gina d&#8217;instagram del Museu Legislatiu de la Cambra de Diputats &#8220;Sentiments de la Naci\u00f3&#8221; de la Ciutat de M\u00e8xic, per l&#8217;aniversari luctu\u00f3s de Sor Juana In\u00e9s de la Cruz.<\/p>\n\n\n\n<pre class=\"wp-block-preformatted\">fes click a la imatge per veure el v\u00eddeo<\/pre>\n","protected":false},"excerpt":{"rendered":"<p>Publicacions cient\u00edfiques \u00b7\u00b7\u00b7 Publicacions de disseminaci\u00f3 Els viatges d&#8217;un antic llibre ple de m\u00fasica i enigmes: del Mediterrani al Golf de M\u00e8xic.V\u00eddeo per a la p\u00e0gina d&#8217;instagram del Museu Legislatiu de la Cambra de Diputats &#8220;Sentiments de la Naci\u00f3&#8221; de la Ciutat de M\u00e8xic, per l&#8217;aniversari luctu\u00f3s de Sor Juana In\u00e9s de la Cruz. fes [&hellip;]<\/p>\n","protected":false},"author":3104,"featured_media":0,"parent":0,"menu_order":0,"comment_status":"closed","ping_status":"closed","template":"","meta":{"footnotes":""},"class_list":["post-124","page","type-page","status-publish","hentry"],"_links":{"self":[{"href":"https:\/\/webs.uab.cat\/sirens\/wp-json\/wp\/v2\/pages\/124","targetHints":{"allow":["GET"]}}],"collection":[{"href":"https:\/\/webs.uab.cat\/sirens\/wp-json\/wp\/v2\/pages"}],"about":[{"href":"https:\/\/webs.uab.cat\/sirens\/wp-json\/wp\/v2\/types\/page"}],"author":[{"embeddable":true,"href":"https:\/\/webs.uab.cat\/sirens\/wp-json\/wp\/v2\/users\/3104"}],"replies":[{"embeddable":true,"href":"https:\/\/webs.uab.cat\/sirens\/wp-json\/wp\/v2\/comments?post=124"}],"version-history":[{"count":21,"href":"https:\/\/webs.uab.cat\/sirens\/wp-json\/wp\/v2\/pages\/124\/revisions"}],"predecessor-version":[{"id":556,"href":"https:\/\/webs.uab.cat\/sirens\/wp-json\/wp\/v2\/pages\/124\/revisions\/556"}],"wp:attachment":[{"href":"https:\/\/webs.uab.cat\/sirens\/wp-json\/wp\/v2\/media?parent=124"}],"curies":[{"name":"wp","href":"https:\/\/api.w.org\/{rel}","templated":true}]}}