{"id":1269,"date":"2026-04-27T12:46:01","date_gmt":"2026-04-27T10:46:01","guid":{"rendered":"https:\/\/webs.uab.cat\/sirens\/?page_id=1269"},"modified":"2026-04-27T13:34:53","modified_gmt":"2026-04-27T11:34:53","slug":"explora","status":"publish","type":"page","link":"https:\/\/webs.uab.cat\/sirens\/explora\/","title":{"rendered":"explora"},"content":{"rendered":"\n<div class=\"wp-block-cover is-light wp-duotone-purple-yellow\"><img loading=\"lazy\" decoding=\"async\" width=\"778\" height=\"674\" class=\"wp-block-cover__image-background wp-image-1315 size-full\" alt=\"\" src=\"https:\/\/webs.uab.cat\/sirens\/wp-content\/uploads\/sites\/681\/2026\/04\/CIIIRRIWgAAPHPa.jpg\" style=\"object-position:49% 31%\" data-object-fit=\"cover\" data-object-position=\"49% 31%\" srcset=\"https:\/\/webs.uab.cat\/sirens\/wp-content\/uploads\/sites\/681\/2026\/04\/CIIIRRIWgAAPHPa.jpg 778w, https:\/\/webs.uab.cat\/sirens\/wp-content\/uploads\/sites\/681\/2026\/04\/CIIIRRIWgAAPHPa-300x260.jpg 300w, https:\/\/webs.uab.cat\/sirens\/wp-content\/uploads\/sites\/681\/2026\/04\/CIIIRRIWgAAPHPa-768x665.jpg 768w\" sizes=\"auto, (max-width: 778px) 100vw, 778px\" \/><span aria-hidden=\"true\" class=\"wp-block-cover__background has-background-dim\" style=\"background-color:#9b8663\"><\/span><div class=\"wp-block-cover__inner-container is-layout-constrained wp-block-cover-is-layout-constrained\">\n<p class=\"has-text-align-center has-blanc-coco-color has-text-color has-link-color has-large-font-size wp-elements-f2126943b0d3d6e2d6dc89f4ecda2b75\"><strong>BESTIARI MUSICAL<\/strong><\/p>\n\n\n\n<p class=\"has-blanc-coco-color has-text-color has-link-color wp-elements-278ae832162c4f130a8e260356341051\"><strong>No nom\u00e9s els ocells, molts animals mostren comportaments musicals: <\/strong><br><strong>el dof\u00ed, el mandr\u00f3s, el cigne o el c\u00e9rvol en s\u00f3n alguns.<\/strong><\/p>\n\n\n\n<div class=\"wp-block-buttons alignfull is-layout-flex wp-block-buttons-is-layout-flex\">\n<div class=\"wp-block-button is-style-fill\"><a class=\"wp-block-button__link wp-element-button\" href=\"https:\/\/webs.uab.cat\/sirens\/bestiari-musical\/\"><strong>obrir<\/strong><\/a><\/div>\n<\/div>\n<\/div><\/div>\n\n\n\n<div class=\"wp-block-cover wp-duotone-blue-orange\"><img loading=\"lazy\" decoding=\"async\" width=\"740\" height=\"560\" class=\"wp-block-cover__image-background wp-image-1291 size-full\" alt=\"\" src=\"https:\/\/webs.uab.cat\/sirens\/wp-content\/uploads\/sites\/681\/2026\/04\/simonemartini_0.jpg\" style=\"object-position:53% 24%\" data-object-fit=\"cover\" data-object-position=\"53% 24%\" srcset=\"https:\/\/webs.uab.cat\/sirens\/wp-content\/uploads\/sites\/681\/2026\/04\/simonemartini_0.jpg 740w, https:\/\/webs.uab.cat\/sirens\/wp-content\/uploads\/sites\/681\/2026\/04\/simonemartini_0-300x227.jpg 300w\" sizes=\"auto, (max-width: 740px) 100vw, 740px\" \/><span aria-hidden=\"true\" class=\"wp-block-cover__background has-background-dim\" style=\"background-color:#947357\"><\/span><div class=\"wp-block-cover__inner-container is-layout-constrained wp-block-cover-is-layout-constrained\">\n<p class=\"has-text-align-center has-large-font-size\"><strong>FONOTECA DE EMOCIONS<\/strong><\/p>\n\n\n\n<p><strong>Com sona l\u2019alegria? Com s\u2019expressa un plor en una composici\u00f3 musical? I la ira, la vergonya? I com es canta des de la por?<\/strong><\/p>\n\n\n\n<div class=\"wp-block-buttons is-layout-flex wp-block-buttons-is-layout-flex\">\n<div class=\"wp-block-button\"><a class=\"wp-block-button__link wp-element-button\" href=\"https:\/\/webs.uab.cat\/sirens\/sonorari-de-les-emocions\/\">OBRIR<\/a><\/div>\n<\/div>\n<\/div><\/div>\n\n\n\n<div class=\"wp-block-cover is-light wp-duotone-blue-orange\"><img loading=\"lazy\" decoding=\"async\" width=\"800\" height=\"1029\" class=\"wp-block-cover__image-background wp-image-1318 size-full\" alt=\"\" src=\"https:\/\/webs.uab.cat\/sirens\/wp-content\/uploads\/sites\/681\/2026\/04\/bal_ecfac3a9_184037_230626144037_800x1029.jpg\" style=\"object-position:53% 8%\" data-object-fit=\"cover\" data-object-position=\"53% 8%\" srcset=\"https:\/\/webs.uab.cat\/sirens\/wp-content\/uploads\/sites\/681\/2026\/04\/bal_ecfac3a9_184037_230626144037_800x1029.jpg 800w, https:\/\/webs.uab.cat\/sirens\/wp-content\/uploads\/sites\/681\/2026\/04\/bal_ecfac3a9_184037_230626144037_800x1029-233x300.jpg 233w, https:\/\/webs.uab.cat\/sirens\/wp-content\/uploads\/sites\/681\/2026\/04\/bal_ecfac3a9_184037_230626144037_800x1029-796x1024.jpg 796w, https:\/\/webs.uab.cat\/sirens\/wp-content\/uploads\/sites\/681\/2026\/04\/bal_ecfac3a9_184037_230626144037_800x1029-768x988.jpg 768w\" sizes=\"auto, (max-width: 800px) 100vw, 800px\" \/><span aria-hidden=\"true\" class=\"wp-block-cover__background has-background-dim\" style=\"background-color:#dabf90\"><\/span><div class=\"wp-block-cover__inner-container is-layout-constrained wp-block-cover-is-layout-constrained\">\n<p class=\"has-text-align-center has-blanc-coco-color has-text-color has-link-color has-large-font-size wp-elements-9cac1054173e3ec4556d45a8d4266828\"><strong>PILDORES SONORES<\/strong><\/p>\n\n\n\n<p class=\"has-blanc-coco-color has-text-color has-link-color wp-elements-cf489d72f7a5c6f438d1c006ed961bfd\"><strong>Et fa mal alguna cosa? Quin insecte t\u2019ha picat? Per a qualsevol mal que t\u2019afligeixi, aqu\u00ed trobar\u00e0s el remei musical.<\/strong><\/p>\n\n\n\n<div class=\"wp-block-buttons is-layout-flex wp-block-buttons-is-layout-flex\">\n<div class=\"wp-block-button\"><a class=\"wp-block-button__link wp-element-button\" href=\"https:\/\/webs.uab.cat\/sirens\/pildores-sonores\/\">OBRIR<\/a><\/div>\n<\/div>\n<\/div><\/div>\n","protected":false},"excerpt":{"rendered":"","protected":false},"author":3104,"featured_media":0,"parent":0,"menu_order":0,"comment_status":"closed","ping_status":"closed","template":"","meta":{"footnotes":""},"class_list":["post-1269","page","type-page","status-publish","hentry"],"_links":{"self":[{"href":"https:\/\/webs.uab.cat\/sirens\/wp-json\/wp\/v2\/pages\/1269","targetHints":{"allow":["GET"]}}],"collection":[{"href":"https:\/\/webs.uab.cat\/sirens\/wp-json\/wp\/v2\/pages"}],"about":[{"href":"https:\/\/webs.uab.cat\/sirens\/wp-json\/wp\/v2\/types\/page"}],"author":[{"embeddable":true,"href":"https:\/\/webs.uab.cat\/sirens\/wp-json\/wp\/v2\/users\/3104"}],"replies":[{"embeddable":true,"href":"https:\/\/webs.uab.cat\/sirens\/wp-json\/wp\/v2\/comments?post=1269"}],"version-history":[{"count":15,"href":"https:\/\/webs.uab.cat\/sirens\/wp-json\/wp\/v2\/pages\/1269\/revisions"}],"predecessor-version":[{"id":1321,"href":"https:\/\/webs.uab.cat\/sirens\/wp-json\/wp\/v2\/pages\/1269\/revisions\/1321"}],"wp:attachment":[{"href":"https:\/\/webs.uab.cat\/sirens\/wp-json\/wp\/v2\/media?parent=1269"}],"curies":[{"name":"wp","href":"https:\/\/api.w.org\/{rel}","templated":true}]}}