{"id":25,"date":"2025-09-10T15:23:43","date_gmt":"2025-09-10T13:23:43","guid":{"rendered":"https:\/\/webs.uab.cat\/sirens\/?page_id=25"},"modified":"2025-11-24T12:55:01","modified_gmt":"2025-11-24T10:55:01","slug":"home","status":"publish","type":"page","link":"https:\/\/webs.uab.cat\/sirens\/","title":{"rendered":"sirens"},"content":{"rendered":"\n<div class=\"wp-block-columns is-layout-flex wp-container-core-columns-is-layout-9d6595d7 wp-block-columns-is-layout-flex\">\n<div class=\"wp-block-column is-layout-flow wp-block-column-is-layout-flow\" style=\"flex-basis:25%\">\n<div class=\"wp-block-group is-nowrap is-layout-flex wp-container-core-group-is-layout-ad2f72ca wp-block-group-is-layout-flex\">\n<div class=\"wp-block-group is-vertical is-layout-flex wp-container-core-group-is-layout-8cf370e7 wp-block-group-is-layout-flex\">\n<p class=\"wp-block-uab-entradeta entradeta\">SIRENS<\/p>\n<\/div>\n\n\n\n<p class=\"has-text-align-left\">Benvinguts\/das al lloc web <em>SIRENS<\/em>.<br>En aquest espai podreu explorar  contingut <strong>textual i auditiu<\/strong> per entendre el cos i la ment en la hist\u00f2ria a trav\u00e9s de la m\u00fasica i el so.<\/p>\n<\/div>\n<\/div>\n\n\n\n<div class=\"wp-block-column is-layout-flow wp-block-column-is-layout-flow\" style=\"flex-basis:50%\">\n<figure class=\"wp-block-image size-full\"><img loading=\"lazy\" decoding=\"async\" width=\"512\" height=\"512\" src=\"https:\/\/webs.uab.cat\/sirens\/wp-content\/uploads\/sites\/681\/2025\/09\/cropped-sirena-sin-fondo-1.png\" alt=\"\" class=\"wp-image-10\" srcset=\"https:\/\/webs.uab.cat\/sirens\/wp-content\/uploads\/sites\/681\/2025\/09\/cropped-sirena-sin-fondo-1.png 512w, https:\/\/webs.uab.cat\/sirens\/wp-content\/uploads\/sites\/681\/2025\/09\/cropped-sirena-sin-fondo-1-300x300.png 300w, https:\/\/webs.uab.cat\/sirens\/wp-content\/uploads\/sites\/681\/2025\/09\/cropped-sirena-sin-fondo-1-150x150.png 150w, https:\/\/webs.uab.cat\/sirens\/wp-content\/uploads\/sites\/681\/2025\/09\/cropped-sirena-sin-fondo-1-270x270.png 270w, https:\/\/webs.uab.cat\/sirens\/wp-content\/uploads\/sites\/681\/2025\/09\/cropped-sirena-sin-fondo-1-192x192.png 192w, https:\/\/webs.uab.cat\/sirens\/wp-content\/uploads\/sites\/681\/2025\/09\/cropped-sirena-sin-fondo-1-180x180.png 180w, https:\/\/webs.uab.cat\/sirens\/wp-content\/uploads\/sites\/681\/2025\/09\/cropped-sirena-sin-fondo-1-32x32.png 32w\" sizes=\"auto, (max-width: 512px) 100vw, 512px\" \/><\/figure>\n<\/div>\n\n\n\n<div class=\"wp-block-column is-layout-flow wp-block-column-is-layout-flow\" style=\"flex-basis:25%\">\n<div class=\"wp-block-buttons is-content-justification-space-between is-layout-flex wp-container-core-buttons-is-layout-3d213aab wp-block-buttons-is-layout-flex\">\n<div class=\"wp-block-button\"><a class=\"wp-block-button__link wp-element-button\" href=\"https:\/\/webs.uab.cat\/sirens\/podcast\/\">    podcast    <\/a><\/div>\n\n\n\n<div class=\"wp-block-button\"><a class=\"wp-block-button__link wp-element-button\" href=\"https:\/\/webs.uab.cat\/sirens\/sonorari-de-les-emocions\/\">fonoteca de emocions<\/a><\/div>\n\n\n\n<div class=\"wp-block-button\"><a class=\"wp-block-button__link wp-element-button\" href=\"https:\/\/webs.uab.cat\/sirens\/bestiari-musical\/\">bestiari musical<\/a><\/div>\n\n\n\n<div class=\"wp-block-button\"><a class=\"wp-block-button__link wp-element-button\" href=\"https:\/\/webs.uab.cat\/sirens\/pildores-sonores\/\">Pildores sonores<\/a><\/div>\n<\/div>\n<\/div>\n<\/div>\n\n\n\n<p>Les <strong><em>SIRENES<\/em><\/strong> s\u00f3n \u00e9ssers liminals. Entre l&#8217;animal i l&#8217;hum\u00e0. Entre el cos material i la imaginaci\u00f3. Tamb\u00e9 s\u00f3n representacions de la sexualitat femenina, i del poder de la m\u00fasica per desencadenar emocions i conductes.<\/p>\n\n\n\n<p>En aquesta web, explorem el paper de la m\u00fasica en aquests espais liminals. La m\u00fasica sovint ha jugat un paper crucial en l&#8217;enteniment del cos, la ment i les emocions, tant en animals com a humans. La m\u00fasica tamb\u00e9 ens permet explorar les maneres en qu\u00e8 el coneixement circula de manera encarnada, i com defineix les identitats i subjectivitats sexuals i culturals, etc.<\/p>\n\n\n\n<p>A m\u00e9s del suposat potencial del cant de sirenes per embruixar els mariners despistats, tamb\u00e9 podr\u00edem parlar de la suposada capacitat de la m\u00fasica d&#8217;alleujar els mals o, al contrari, fer emmalaltir, de les composicions polif\u00f2niques del barroc per provocar extasis m\u00edstics, de les can\u00e7ons de bressol per alleujar les malalties mentals, o dels codis de l&#8217;\u00f2pera per provocar la catarsi&#8230;<\/p>\n\n\n\n<pre id=\"tw-target-text\" class=\"wp-block-preformatted\">Tot aix\u00f2 ho podr\u00e0s trobar si busques en aquesta p\u00e0gina...<\/pre>\n\n\n<form role=\"search\" method=\"get\" action=\"https:\/\/webs.uab.cat\/sirens\/\" class=\"wp-block-search__button-outside wp-block-search__icon-button aligncenter wp-block-search\"    ><label class=\"wp-block-search__label screen-reader-text\" for=\"wp-block-search__input-1\" >Cerca<\/label><div class=\"wp-block-search__inside-wrapper\" ><input class=\"wp-block-search__input\" id=\"wp-block-search__input-1\" placeholder=\"Buscar...\" value=\"\" type=\"search\" name=\"s\" required \/><button aria-label=\"Buscar\" class=\"wp-block-search__button has-icon wp-element-button\" type=\"submit\" ><svg class=\"search-icon\" viewBox=\"0 0 24 24\" width=\"24\" height=\"24\">\n\t\t\t\t\t<path d=\"M13 5c-3.3 0-6 2.7-6 6 0 1.4.5 2.7 1.3 3.7l-3.8 3.8 1.1 1.1 3.8-3.8c1 .8 2.3 1.3 3.7 1.3 3.3 0 6-2.7 6-6S16.3 5 13 5zm0 10.5c-2.5 0-4.5-2-4.5-4.5s2-4.5 4.5-4.5 4.5 2 4.5 4.5-2 4.5-4.5 4.5z\"><\/path>\n\t\t\t\t<\/svg><\/button><\/div><\/form>\n\n\n<p><\/p>\n\n\n\n<div class=\"wp-block-group is-nowrap is-layout-flex wp-container-core-group-is-layout-ad2f72ca wp-block-group-is-layout-flex\">\n<figure class=\"wp-block-image size-large is-resized\"><img loading=\"lazy\" decoding=\"async\" width=\"1024\" height=\"403\" src=\"https:\/\/webs.uab.cat\/sirens\/wp-content\/uploads\/sites\/681\/2025\/11\/7-1_MCIU_color_300ppp-1024x403.webp\" alt=\"\" class=\"wp-image-784\" style=\"width:297px;height:auto\" srcset=\"https:\/\/webs.uab.cat\/sirens\/wp-content\/uploads\/sites\/681\/2025\/11\/7-1_MCIU_color_300ppp-1024x403.webp 1024w, https:\/\/webs.uab.cat\/sirens\/wp-content\/uploads\/sites\/681\/2025\/11\/7-1_MCIU_color_300ppp-300x118.webp 300w, https:\/\/webs.uab.cat\/sirens\/wp-content\/uploads\/sites\/681\/2025\/11\/7-1_MCIU_color_300ppp-768x302.webp 768w, https:\/\/webs.uab.cat\/sirens\/wp-content\/uploads\/sites\/681\/2025\/11\/7-1_MCIU_color_300ppp-1536x605.webp 1536w, https:\/\/webs.uab.cat\/sirens\/wp-content\/uploads\/sites\/681\/2025\/11\/7-1_MCIU_color_300ppp-1200x473.webp 1200w, https:\/\/webs.uab.cat\/sirens\/wp-content\/uploads\/sites\/681\/2025\/11\/7-1_MCIU_color_300ppp.webp 1920w\" sizes=\"auto, (max-width: 1024px) 100vw, 1024px\" \/><\/figure>\n\n\n\n<figure class=\"wp-block-image size-large is-resized\"><img loading=\"lazy\" decoding=\"async\" width=\"1024\" height=\"300\" src=\"https:\/\/webs.uab.cat\/sirens\/wp-content\/uploads\/sites\/681\/2025\/11\/es_financiado_por_la_union_europea_pos-1024x300.png\" alt=\"\" class=\"wp-image-787\" style=\"width:401px;height:auto\" srcset=\"https:\/\/webs.uab.cat\/sirens\/wp-content\/uploads\/sites\/681\/2025\/11\/es_financiado_por_la_union_europea_pos-1024x300.png 1024w, https:\/\/webs.uab.cat\/sirens\/wp-content\/uploads\/sites\/681\/2025\/11\/es_financiado_por_la_union_europea_pos-300x88.png 300w, https:\/\/webs.uab.cat\/sirens\/wp-content\/uploads\/sites\/681\/2025\/11\/es_financiado_por_la_union_europea_pos-768x225.png 768w, https:\/\/webs.uab.cat\/sirens\/wp-content\/uploads\/sites\/681\/2025\/11\/es_financiado_por_la_union_europea_pos.png 1200w\" sizes=\"auto, (max-width: 1024px) 100vw, 1024px\" \/><\/figure>\n<\/div>\n\n\n\n<p class=\"has-groc-caputxina-transparent-color has-gris-pubilla-background-color has-text-color has-background has-link-color has-small-font-size wp-elements-151cd7f4810f0a1004ddb6ca1f97a7bc\">Aquest projecte ha estat cofinan\u00e7at pel ministeri de Ci\u00e8ncia i Innovaci\u00f3; RYC2021-031850-I \/ AEI \/ 10.13039\/501100011033. I per la Uni\u00f3 Europea \u201cNextGenerationEU\u201d\/PRTR.<\/p>\n\n\n\n<h2 class=\"wp-block-heading alignwide\"><strong>Actualitat:<\/strong><\/h2>\n\n\n\n<div class=\"wp-block-query is-layout-flow wp-block-query-is-layout-flow\"><ul class=\"wp-block-post-template is-layout-flow wp-block-post-template-is-layout-flow\"><li class=\"wp-block-post post-798 post type-post status-publish format-standard has-post-thumbnail hentry category-esdeveniments\">\n<figure class=\"wp-block-post-featured-image\"><a href=\"https:\/\/webs.uab.cat\/sirens\/2025\/11\/24\/taller-sensorial-a-la-uam\/\" target=\"_blank\"  ><img loading=\"lazy\" decoding=\"async\" width=\"1200\" height=\"350\" src=\"https:\/\/webs.uab.cat\/sirens\/wp-content\/uploads\/sites\/681\/2025\/11\/1000096530kk-1-1200x350.jpg\" class=\"attachment-post-thumbnail size-post-thumbnail wp-post-image\" alt=\"Taller sensorial a la UAM\" style=\"object-fit:cover;\" srcset=\"https:\/\/webs.uab.cat\/sirens\/wp-content\/uploads\/sites\/681\/2025\/11\/1000096530kk-1-1200x350.jpg 1200w, https:\/\/webs.uab.cat\/sirens\/wp-content\/uploads\/sites\/681\/2025\/11\/1000096530kk-1-300x88.jpg 300w, https:\/\/webs.uab.cat\/sirens\/wp-content\/uploads\/sites\/681\/2025\/11\/1000096530kk-1-1024x299.jpg 1024w, https:\/\/webs.uab.cat\/sirens\/wp-content\/uploads\/sites\/681\/2025\/11\/1000096530kk-1-768x224.jpg 768w, https:\/\/webs.uab.cat\/sirens\/wp-content\/uploads\/sites\/681\/2025\/11\/1000096530kk-1.jpg 1240w\" sizes=\"auto, (max-width: 1200px) 100vw, 1200px\" \/><\/a><\/figure>\n\n<div class=\"wp-block-post-date\"><time datetime=\"2025-11-24T13:12:43+02:00\">24 de novembre de 2025<\/time><\/div>\n\n<h2 class=\"wp-block-post-title\"><a href=\"https:\/\/webs.uab.cat\/sirens\/2025\/11\/24\/taller-sensorial-a-la-uam\/\" target=\"_self\" >Taller sensorial a la UAM<\/a><\/h2>\n<\/li><li class=\"wp-block-post post-428 post type-post status-publish format-standard has-post-thumbnail hentry category-esdeveniments\">\n<figure class=\"wp-block-post-featured-image\"><a href=\"https:\/\/webs.uab.cat\/sirens\/2025\/09\/23\/conferencia-a-paris\/\" target=\"_blank\"  ><img loading=\"lazy\" decoding=\"async\" width=\"900\" height=\"264\" src=\"https:\/\/webs.uab.cat\/sirens\/wp-content\/uploads\/sites\/681\/2025\/09\/jnojn.jpg\" class=\"attachment-post-thumbnail size-post-thumbnail wp-post-image\" alt=\"Confer\u00e8ncia a Paris\" style=\"object-fit:cover;\" srcset=\"https:\/\/webs.uab.cat\/sirens\/wp-content\/uploads\/sites\/681\/2025\/09\/jnojn.jpg 900w, https:\/\/webs.uab.cat\/sirens\/wp-content\/uploads\/sites\/681\/2025\/09\/jnojn-300x88.jpg 300w, https:\/\/webs.uab.cat\/sirens\/wp-content\/uploads\/sites\/681\/2025\/09\/jnojn-768x225.jpg 768w\" sizes=\"auto, (max-width: 900px) 100vw, 900px\" \/><\/a><\/figure>\n\n<div class=\"wp-block-post-date\"><time datetime=\"2025-09-23T13:37:38+02:00\">23 de setembre de 2025<\/time><\/div>\n\n<h2 class=\"wp-block-post-title\"><a href=\"https:\/\/webs.uab.cat\/sirens\/2025\/09\/23\/conferencia-a-paris\/\" target=\"_self\" >Confer\u00e8ncia a Paris<\/a><\/h2>\n<\/li><li class=\"wp-block-post post-383 post type-post status-publish format-standard has-post-thumbnail hentry category-esdeveniments\">\n<figure class=\"wp-block-post-featured-image\"><a href=\"https:\/\/webs.uab.cat\/sirens\/2025\/09\/23\/jornades-colonialisme-al-ihc\/\" target=\"_blank\"  ><img loading=\"lazy\" decoding=\"async\" width=\"1200\" height=\"338\" src=\"https:\/\/webs.uab.cat\/sirens\/wp-content\/uploads\/sites\/681\/2025\/09\/Imagen-de-WhatsApp-2025-09-23-a-las-10.49.05_1fbbe5c0-2-1200x338.jpg\" class=\"attachment-post-thumbnail size-post-thumbnail wp-post-image\" alt=\"Jornades Colonialisme al iHC\" style=\"object-fit:cover;\" srcset=\"https:\/\/webs.uab.cat\/sirens\/wp-content\/uploads\/sites\/681\/2025\/09\/Imagen-de-WhatsApp-2025-09-23-a-las-10.49.05_1fbbe5c0-2-1200x338.jpg 1200w, https:\/\/webs.uab.cat\/sirens\/wp-content\/uploads\/sites\/681\/2025\/09\/Imagen-de-WhatsApp-2025-09-23-a-las-10.49.05_1fbbe5c0-2-300x84.jpg 300w, https:\/\/webs.uab.cat\/sirens\/wp-content\/uploads\/sites\/681\/2025\/09\/Imagen-de-WhatsApp-2025-09-23-a-las-10.49.05_1fbbe5c0-2-1024x288.jpg 1024w, https:\/\/webs.uab.cat\/sirens\/wp-content\/uploads\/sites\/681\/2025\/09\/Imagen-de-WhatsApp-2025-09-23-a-las-10.49.05_1fbbe5c0-2-768x216.jpg 768w, https:\/\/webs.uab.cat\/sirens\/wp-content\/uploads\/sites\/681\/2025\/09\/Imagen-de-WhatsApp-2025-09-23-a-las-10.49.05_1fbbe5c0-2-1536x432.jpg 1536w, https:\/\/webs.uab.cat\/sirens\/wp-content\/uploads\/sites\/681\/2025\/09\/Imagen-de-WhatsApp-2025-09-23-a-las-10.49.05_1fbbe5c0-2.jpg 1600w\" sizes=\"auto, (max-width: 1200px) 100vw, 1200px\" \/><\/a><\/figure>\n\n<div class=\"wp-block-post-date\"><time datetime=\"2025-09-23T10:52:48+02:00\">23 de setembre de 2025<\/time><\/div>\n\n<h2 class=\"wp-block-post-title\"><a href=\"https:\/\/webs.uab.cat\/sirens\/2025\/09\/23\/jornades-colonialisme-al-ihc\/\" target=\"_self\" >Jornades Colonialisme al iHC<\/a><\/h2>\n<\/li><li class=\"wp-block-post post-280 post type-post status-publish format-standard has-post-thumbnail hentry category-esdeveniments\">\n<figure class=\"wp-block-post-featured-image\"><a href=\"https:\/\/webs.uab.cat\/sirens\/2025\/09\/15\/taller-experimental-al-ucl\/\" target=\"_blank\"  ><img loading=\"lazy\" decoding=\"async\" width=\"1200\" height=\"323\" src=\"https:\/\/webs.uab.cat\/sirens\/wp-content\/uploads\/sites\/681\/2025\/09\/Imagen-de-WhatsApp-2025-09-15-a-las-18.04.27_bde1d20e-1200x323.jpg\" class=\"attachment-post-thumbnail size-post-thumbnail wp-post-image\" alt=\"Taller experimental al UCL\" style=\"object-fit:cover;\" srcset=\"https:\/\/webs.uab.cat\/sirens\/wp-content\/uploads\/sites\/681\/2025\/09\/Imagen-de-WhatsApp-2025-09-15-a-las-18.04.27_bde1d20e-1200x323.jpg 1200w, https:\/\/webs.uab.cat\/sirens\/wp-content\/uploads\/sites\/681\/2025\/09\/Imagen-de-WhatsApp-2025-09-15-a-las-18.04.27_bde1d20e-300x81.jpg 300w, https:\/\/webs.uab.cat\/sirens\/wp-content\/uploads\/sites\/681\/2025\/09\/Imagen-de-WhatsApp-2025-09-15-a-las-18.04.27_bde1d20e-1024x276.jpg 1024w, https:\/\/webs.uab.cat\/sirens\/wp-content\/uploads\/sites\/681\/2025\/09\/Imagen-de-WhatsApp-2025-09-15-a-las-18.04.27_bde1d20e-768x207.jpg 768w, https:\/\/webs.uab.cat\/sirens\/wp-content\/uploads\/sites\/681\/2025\/09\/Imagen-de-WhatsApp-2025-09-15-a-las-18.04.27_bde1d20e-1536x414.jpg 1536w, https:\/\/webs.uab.cat\/sirens\/wp-content\/uploads\/sites\/681\/2025\/09\/Imagen-de-WhatsApp-2025-09-15-a-las-18.04.27_bde1d20e.jpg 1600w\" sizes=\"auto, (max-width: 1200px) 100vw, 1200px\" \/><\/a><\/figure>\n\n<div class=\"wp-block-post-date\"><time datetime=\"2025-09-15T18:13:26+02:00\">15 de setembre de 2025<\/time><\/div>\n\n<h2 class=\"wp-block-post-title\"><a href=\"https:\/\/webs.uab.cat\/sirens\/2025\/09\/15\/taller-experimental-al-ucl\/\" target=\"_self\" >Taller experimental al UCL<\/a><\/h2>\n<\/li><li class=\"wp-block-post post-223 post type-post status-publish format-standard has-post-thumbnail hentry category-esdeveniments\">\n<figure class=\"wp-block-post-featured-image\"><a href=\"https:\/\/webs.uab.cat\/sirens\/2025\/09\/15\/sensorial-group-2024-2025\/\" target=\"_blank\"  ><img loading=\"lazy\" decoding=\"async\" width=\"1131\" height=\"317\" src=\"https:\/\/webs.uab.cat\/sirens\/wp-content\/uploads\/sites\/681\/2025\/09\/1.-Musical-bodies.-Colonial-Counterpoint-1.jpeg\" class=\"attachment-post-thumbnail size-post-thumbnail wp-post-image\" alt=\"Sensorial Group\" style=\"object-fit:cover;\" srcset=\"https:\/\/webs.uab.cat\/sirens\/wp-content\/uploads\/sites\/681\/2025\/09\/1.-Musical-bodies.-Colonial-Counterpoint-1.jpeg 1131w, https:\/\/webs.uab.cat\/sirens\/wp-content\/uploads\/sites\/681\/2025\/09\/1.-Musical-bodies.-Colonial-Counterpoint-1-300x84.jpeg 300w, https:\/\/webs.uab.cat\/sirens\/wp-content\/uploads\/sites\/681\/2025\/09\/1.-Musical-bodies.-Colonial-Counterpoint-1-1024x287.jpeg 1024w, https:\/\/webs.uab.cat\/sirens\/wp-content\/uploads\/sites\/681\/2025\/09\/1.-Musical-bodies.-Colonial-Counterpoint-1-768x215.jpeg 768w\" sizes=\"auto, (max-width: 1131px) 100vw, 1131px\" \/><\/a><\/figure>\n\n<div class=\"wp-block-post-date\"><time datetime=\"2025-09-15T11:53:24+02:00\">15 de setembre de 2025<\/time><\/div>\n\n<h2 class=\"wp-block-post-title\"><a href=\"https:\/\/webs.uab.cat\/sirens\/2025\/09\/15\/sensorial-group-2024-2025\/\" target=\"_self\" >Sensorial Group<\/a><\/h2>\n<\/li><li class=\"wp-block-post post-212 post type-post status-publish format-standard has-post-thumbnail hentry category-esdeveniments\">\n<figure class=\"wp-block-post-featured-image\"><a href=\"https:\/\/webs.uab.cat\/sirens\/2025\/09\/15\/mexic-2024\/\" target=\"_blank\"  ><img loading=\"lazy\" decoding=\"async\" width=\"1200\" height=\"290\" src=\"https:\/\/webs.uab.cat\/sirens\/wp-content\/uploads\/sites\/681\/2025\/09\/WhatsApp-Image-2024-11-16-at-02.25.36-1-1200x290.jpeg\" class=\"attachment-post-thumbnail size-post-thumbnail wp-post-image\" alt=\"M\u00e8xic 2024\" style=\"object-fit:cover;\" srcset=\"https:\/\/webs.uab.cat\/sirens\/wp-content\/uploads\/sites\/681\/2025\/09\/WhatsApp-Image-2024-11-16-at-02.25.36-1-1200x290.jpeg 1200w, https:\/\/webs.uab.cat\/sirens\/wp-content\/uploads\/sites\/681\/2025\/09\/WhatsApp-Image-2024-11-16-at-02.25.36-1-300x73.jpeg 300w, https:\/\/webs.uab.cat\/sirens\/wp-content\/uploads\/sites\/681\/2025\/09\/WhatsApp-Image-2024-11-16-at-02.25.36-1-1024x248.jpeg 1024w, https:\/\/webs.uab.cat\/sirens\/wp-content\/uploads\/sites\/681\/2025\/09\/WhatsApp-Image-2024-11-16-at-02.25.36-1-768x186.jpeg 768w, https:\/\/webs.uab.cat\/sirens\/wp-content\/uploads\/sites\/681\/2025\/09\/WhatsApp-Image-2024-11-16-at-02.25.36-1-1536x372.jpeg 1536w, https:\/\/webs.uab.cat\/sirens\/wp-content\/uploads\/sites\/681\/2025\/09\/WhatsApp-Image-2024-11-16-at-02.25.36-1.jpeg 1600w\" sizes=\"auto, (max-width: 1200px) 100vw, 1200px\" \/><\/a><\/figure>\n\n<div class=\"wp-block-post-date\"><time datetime=\"2025-09-15T11:51:40+02:00\">15 de setembre de 2025<\/time><\/div>\n\n<h2 class=\"wp-block-post-title\"><a href=\"https:\/\/webs.uab.cat\/sirens\/2025\/09\/15\/mexic-2024\/\" target=\"_self\" >M\u00e8xic 2024<\/a><\/h2>\n<\/li><\/ul>\n\n\n\n<\/div>\n","protected":false},"excerpt":{"rendered":"<p>Benvinguts\/das al lloc web SIRENS.En aquest espai podreu explorar contingut textual i auditiu per entendre el cos i la ment en la hist\u00f2ria a trav\u00e9s de la m\u00fasica i el so. Les SIRENES s\u00f3n \u00e9ssers liminals. Entre l&#8217;animal i l&#8217;hum\u00e0. Entre el cos material i la imaginaci\u00f3. Tamb\u00e9 s\u00f3n representacions de la sexualitat femenina, i [&hellip;]<\/p>\n","protected":false},"author":3104,"featured_media":0,"parent":0,"menu_order":0,"comment_status":"closed","ping_status":"closed","template":"","meta":{"footnotes":""},"class_list":["post-25","page","type-page","status-publish","hentry"],"_links":{"self":[{"href":"https:\/\/webs.uab.cat\/sirens\/wp-json\/wp\/v2\/pages\/25","targetHints":{"allow":["GET"]}}],"collection":[{"href":"https:\/\/webs.uab.cat\/sirens\/wp-json\/wp\/v2\/pages"}],"about":[{"href":"https:\/\/webs.uab.cat\/sirens\/wp-json\/wp\/v2\/types\/page"}],"author":[{"embeddable":true,"href":"https:\/\/webs.uab.cat\/sirens\/wp-json\/wp\/v2\/users\/3104"}],"replies":[{"embeddable":true,"href":"https:\/\/webs.uab.cat\/sirens\/wp-json\/wp\/v2\/comments?post=25"}],"version-history":[{"count":68,"href":"https:\/\/webs.uab.cat\/sirens\/wp-json\/wp\/v2\/pages\/25\/revisions"}],"predecessor-version":[{"id":797,"href":"https:\/\/webs.uab.cat\/sirens\/wp-json\/wp\/v2\/pages\/25\/revisions\/797"}],"wp:attachment":[{"href":"https:\/\/webs.uab.cat\/sirens\/wp-json\/wp\/v2\/media?parent=25"}],"curies":[{"name":"wp","href":"https:\/\/api.w.org\/{rel}","templated":true}]}}