{"id":27,"date":"2025-09-10T15:24:23","date_gmt":"2025-09-10T13:24:23","guid":{"rendered":"https:\/\/webs.uab.cat\/sirens\/?page_id=27"},"modified":"2026-04-24T22:45:50","modified_gmt":"2026-04-24T20:45:50","slug":"qui-som","status":"publish","type":"page","link":"https:\/\/webs.uab.cat\/sirens\/qui-som\/","title":{"rendered":"\u00bfqui som?"},"content":{"rendered":"\n<p><strong>Som un grup format per acad\u00e8mics internacionals en diferents disciplines art\u00edstiques y human\u00edstiques, que promouen la investigaci\u00f3 interdisciplin\u00e0ria en hist\u00f2ria de la ci\u00e8ncia i hist\u00f2ria de la m\u00fasica.<\/strong><\/p>\n\n\n\n<figure class=\"wp-block-gallery alignwide has-nested-images columns-default is-cropped wp-block-gallery-1 is-layout-flex wp-block-gallery-is-layout-flex\">\n<figure data-wp-context=\"{&quot;imageId&quot;:&quot;69ecf3e1ea42e&quot;}\" data-wp-interactive=\"core\/image\" data-wp-key=\"69ecf3e1ea42e\" class=\"wp-block-image size-large wp-lightbox-container\"><img loading=\"lazy\" decoding=\"async\" width=\"892\" height=\"1024\" data-wp-class--hide=\"state.isContentHidden\" data-wp-class--show=\"state.isContentVisible\" data-wp-init=\"callbacks.setButtonStyles\" data-wp-on--click=\"actions.showLightbox\" data-wp-on--load=\"callbacks.setButtonStyles\" data-wp-on-window--resize=\"callbacks.setButtonStyles\" data-id=\"344\" src=\"https:\/\/webs.uab.cat\/sirens\/wp-content\/uploads\/sites\/681\/2025\/09\/descarga-892x1024.jpeg\" alt=\"\" class=\"wp-image-344\" srcset=\"https:\/\/webs.uab.cat\/sirens\/wp-content\/uploads\/sites\/681\/2025\/09\/descarga-892x1024.jpeg 892w, https:\/\/webs.uab.cat\/sirens\/wp-content\/uploads\/sites\/681\/2025\/09\/descarga-261x300.jpeg 261w, https:\/\/webs.uab.cat\/sirens\/wp-content\/uploads\/sites\/681\/2025\/09\/descarga-768x881.jpeg 768w, https:\/\/webs.uab.cat\/sirens\/wp-content\/uploads\/sites\/681\/2025\/09\/descarga-1338x1536.jpeg 1338w, https:\/\/webs.uab.cat\/sirens\/wp-content\/uploads\/sites\/681\/2025\/09\/descarga-1785x2048.jpeg 1785w, https:\/\/webs.uab.cat\/sirens\/wp-content\/uploads\/sites\/681\/2025\/09\/descarga-1200x1377.jpeg 1200w, https:\/\/webs.uab.cat\/sirens\/wp-content\/uploads\/sites\/681\/2025\/09\/descarga-1980x2272.jpeg 1980w\" sizes=\"auto, (max-width: 892px) 100vw, 892px\" \/><button\n\t\t\tclass=\"lightbox-trigger\"\n\t\t\ttype=\"button\"\n\t\t\taria-haspopup=\"dialog\"\n\t\t\taria-label=\"Amplia\"\n\t\t\tdata-wp-init=\"callbacks.initTriggerButton\"\n\t\t\tdata-wp-on--click=\"actions.showLightbox\"\n\t\t\tdata-wp-style--right=\"state.imageButtonRight\"\n\t\t\tdata-wp-style--top=\"state.imageButtonTop\"\n\t\t>\n\t\t\t<svg xmlns=\"http:\/\/www.w3.org\/2000\/svg\" width=\"12\" height=\"12\" fill=\"none\" viewBox=\"0 0 12 12\">\n\t\t\t\t<path fill=\"#fff\" d=\"M2 0a2 2 0 0 0-2 2v2h1.5V2a.5.5 0 0 1 .5-.5h2V0H2Zm2 10.5H2a.5.5 0 0 1-.5-.5V8H0v2a2 2 0 0 0 2 2h2v-1.5ZM8 12v-1.5h2a.5.5 0 0 0 .5-.5V8H12v2a2 2 0 0 1-2 2H8Zm2-12a2 2 0 0 1 2 2v2h-1.5V2a.5.5 0 0 0-.5-.5H8V0h2Z\" \/>\n\t\t\t<\/svg>\n\t\t<\/button><figcaption class=\"wp-element-caption\">Elena Serrano Jerez (UAB)<br>elena.serrano@uab.cat<br><br>Ram\u00f3n y Cajal a l&#8217;Institut d&#8217;Hist\u00f2ria de la Ci\u00e8ncia. He prosseguit una carrera internacional en la intersecci\u00f3 entre la hist\u00f2ria de la ci\u00e8ncia i el g\u00e8nere al segle XVIII. He publicat sobre la relaci\u00f3 entre el g\u00e9nere, la m\u00fasica i les emocions.<\/figcaption><\/figure>\n\n\n\n<figure data-wp-context=\"{&quot;imageId&quot;:&quot;69ecf3e1eb018&quot;}\" data-wp-interactive=\"core\/image\" data-wp-key=\"69ecf3e1eb018\" class=\"wp-block-image size-large wp-lightbox-container\"><img loading=\"lazy\" decoding=\"async\" width=\"889\" height=\"1024\" data-wp-class--hide=\"state.isContentHidden\" data-wp-class--show=\"state.isContentVisible\" data-wp-init=\"callbacks.setButtonStyles\" data-wp-on--click=\"actions.showLightbox\" data-wp-on--load=\"callbacks.setButtonStyles\" data-wp-on-window--resize=\"callbacks.setButtonStyles\" data-id=\"341\" src=\"https:\/\/webs.uab.cat\/sirens\/wp-content\/uploads\/sites\/681\/2025\/09\/dd-889x1024.jpeg\" alt=\"\" class=\"wp-image-341\" srcset=\"https:\/\/webs.uab.cat\/sirens\/wp-content\/uploads\/sites\/681\/2025\/09\/dd-889x1024.jpeg 889w, https:\/\/webs.uab.cat\/sirens\/wp-content\/uploads\/sites\/681\/2025\/09\/dd-260x300.jpeg 260w, https:\/\/webs.uab.cat\/sirens\/wp-content\/uploads\/sites\/681\/2025\/09\/dd-768x884.jpeg 768w, https:\/\/webs.uab.cat\/sirens\/wp-content\/uploads\/sites\/681\/2025\/09\/dd.jpeg 1200w\" sizes=\"auto, (max-width: 889px) 100vw, 889px\" \/><button\n\t\t\tclass=\"lightbox-trigger\"\n\t\t\ttype=\"button\"\n\t\t\taria-haspopup=\"dialog\"\n\t\t\taria-label=\"Amplia\"\n\t\t\tdata-wp-init=\"callbacks.initTriggerButton\"\n\t\t\tdata-wp-on--click=\"actions.showLightbox\"\n\t\t\tdata-wp-style--right=\"state.imageButtonRight\"\n\t\t\tdata-wp-style--top=\"state.imageButtonTop\"\n\t\t>\n\t\t\t<svg xmlns=\"http:\/\/www.w3.org\/2000\/svg\" width=\"12\" height=\"12\" fill=\"none\" viewBox=\"0 0 12 12\">\n\t\t\t\t<path fill=\"#fff\" d=\"M2 0a2 2 0 0 0-2 2v2h1.5V2a.5.5 0 0 1 .5-.5h2V0H2Zm2 10.5H2a.5.5 0 0 1-.5-.5V8H0v2a2 2 0 0 0 2 2h2v-1.5ZM8 12v-1.5h2a.5.5 0 0 0 .5-.5V8H12v2a2 2 0 0 1-2 2H8Zm2-12a2 2 0 0 1 2 2v2h-1.5V2a.5.5 0 0 0-.5-.5H8V0h2Z\" \/>\n\t\t\t<\/svg>\n\t\t<\/button><figcaption class=\"wp-element-caption\">Tasio Rodrigo (UAB)<br>tasio.rodrigo@uab.cat<br><br>Music\u00f2leg i doctorand en Hist\u00f2ria de la Ci\u00e8ncia (iHC). Amb gran inter\u00e8s per les interseccions hist\u00f2riques entre el pensament musical i la ci\u00e8ncia. Treballo sobre la relaci\u00f3 entre la m\u00fasica i els animals en la modernitat temprana.<\/figcaption><\/figure>\n\n\n\n<figure data-wp-context=\"{&quot;imageId&quot;:&quot;69ecf3e1eb9a5&quot;}\" data-wp-interactive=\"core\/image\" data-wp-key=\"69ecf3e1eb9a5\" class=\"wp-block-image size-large wp-lightbox-container\"><img loading=\"lazy\" decoding=\"async\" width=\"867\" height=\"1024\" data-wp-class--hide=\"state.isContentHidden\" data-wp-class--show=\"state.isContentVisible\" data-wp-init=\"callbacks.setButtonStyles\" data-wp-on--click=\"actions.showLightbox\" data-wp-on--load=\"callbacks.setButtonStyles\" data-wp-on-window--resize=\"callbacks.setButtonStyles\" data-id=\"877\" src=\"https:\/\/webs.uab.cat\/sirens\/wp-content\/uploads\/sites\/681\/2025\/12\/IMG_2165jjj-4-867x1024.jpg\" alt=\"\" class=\"wp-image-877\" srcset=\"https:\/\/webs.uab.cat\/sirens\/wp-content\/uploads\/sites\/681\/2025\/12\/IMG_2165jjj-4-867x1024.jpg 867w, https:\/\/webs.uab.cat\/sirens\/wp-content\/uploads\/sites\/681\/2025\/12\/IMG_2165jjj-4-254x300.jpg 254w, https:\/\/webs.uab.cat\/sirens\/wp-content\/uploads\/sites\/681\/2025\/12\/IMG_2165jjj-4-768x907.jpg 768w, https:\/\/webs.uab.cat\/sirens\/wp-content\/uploads\/sites\/681\/2025\/12\/IMG_2165jjj-4.jpg 1158w\" sizes=\"auto, (max-width: 867px) 100vw, 867px\" \/><button\n\t\t\tclass=\"lightbox-trigger\"\n\t\t\ttype=\"button\"\n\t\t\taria-haspopup=\"dialog\"\n\t\t\taria-label=\"Amplia\"\n\t\t\tdata-wp-init=\"callbacks.initTriggerButton\"\n\t\t\tdata-wp-on--click=\"actions.showLightbox\"\n\t\t\tdata-wp-style--right=\"state.imageButtonRight\"\n\t\t\tdata-wp-style--top=\"state.imageButtonTop\"\n\t\t>\n\t\t\t<svg xmlns=\"http:\/\/www.w3.org\/2000\/svg\" width=\"12\" height=\"12\" fill=\"none\" viewBox=\"0 0 12 12\">\n\t\t\t\t<path fill=\"#fff\" d=\"M2 0a2 2 0 0 0-2 2v2h1.5V2a.5.5 0 0 1 .5-.5h2V0H2Zm2 10.5H2a.5.5 0 0 1-.5-.5V8H0v2a2 2 0 0 0 2 2h2v-1.5ZM8 12v-1.5h2a.5.5 0 0 0 .5-.5V8H12v2a2 2 0 0 1-2 2H8Zm2-12a2 2 0 0 1 2 2v2h-1.5V2a.5.5 0 0 0-.5-.5H8V0h2Z\" \/>\n\t\t\t<\/svg>\n\t\t<\/button><figcaption class=\"wp-element-caption\">Monica Balltondre (UAB)<br>monica.balltondre@uab.cat<br><br>Professora associada i investigadora a l&#8217;iHC. M&#8217;especialitzo en g\u00e8nere, cos i afectes en hist\u00f2ria. He treballat sobre les dones espirituals medievals i sobre la hist\u00f2ria de l\u2019espiritisme a la segona meitat del segle XIX.<\/figcaption><\/figure>\n<\/figure>\n\n\n\n<p><\/p>\n","protected":false},"excerpt":{"rendered":"<p>Som un grup format per acad\u00e8mics internacionals en diferents disciplines art\u00edstiques y human\u00edstiques, que promouen la investigaci\u00f3 interdisciplin\u00e0ria en hist\u00f2ria de la ci\u00e8ncia i hist\u00f2ria de la m\u00fasica.<\/p>\n","protected":false},"author":3104,"featured_media":0,"parent":0,"menu_order":0,"comment_status":"closed","ping_status":"closed","template":"","meta":{"footnotes":""},"class_list":["post-27","page","type-page","status-publish","hentry"],"_links":{"self":[{"href":"https:\/\/webs.uab.cat\/sirens\/wp-json\/wp\/v2\/pages\/27","targetHints":{"allow":["GET"]}}],"collection":[{"href":"https:\/\/webs.uab.cat\/sirens\/wp-json\/wp\/v2\/pages"}],"about":[{"href":"https:\/\/webs.uab.cat\/sirens\/wp-json\/wp\/v2\/types\/page"}],"author":[{"embeddable":true,"href":"https:\/\/webs.uab.cat\/sirens\/wp-json\/wp\/v2\/users\/3104"}],"replies":[{"embeddable":true,"href":"https:\/\/webs.uab.cat\/sirens\/wp-json\/wp\/v2\/comments?post=27"}],"version-history":[{"count":27,"href":"https:\/\/webs.uab.cat\/sirens\/wp-json\/wp\/v2\/pages\/27\/revisions"}],"predecessor-version":[{"id":1022,"href":"https:\/\/webs.uab.cat\/sirens\/wp-json\/wp\/v2\/pages\/27\/revisions\/1022"}],"wp:attachment":[{"href":"https:\/\/webs.uab.cat\/sirens\/wp-json\/wp\/v2\/media?parent=27"}],"curies":[{"name":"wp","href":"https:\/\/api.w.org\/{rel}","templated":true}]}}