{"id":974,"date":"2026-04-24T21:43:11","date_gmt":"2026-04-24T19:43:11","guid":{"rendered":"https:\/\/webs.uab.cat\/sirens\/?page_id=974"},"modified":"2026-04-25T00:00:26","modified_gmt":"2026-04-24T22:00:26","slug":"webs-simpaticas","status":"publish","type":"page","link":"https:\/\/webs.uab.cat\/sirens\/webs-simpaticas\/","title":{"rendered":"webs simp\u00e0tiques"},"content":{"rendered":"\n<blockquote class=\"wp-block-quote is-layout-flow wp-block-quote-is-layout-flow\">\n<p><strong>A la cosmologia musical de l\u2019Edat Mitjana i Moderna, la simpatia era la tend\u00e8ncia natural de les coses similars a vibrar conjuntament. En aquesta finestra mostrem llocs web simp\u00e0tics amb el nostre.<\/strong><\/p>\n<\/blockquote>\n\n\n\n<pre class=\"wp-block-preformatted\">fes click als logotips per anar als llocs web<\/pre>\n\n\n\n<div class=\"wp-block-media-text is-stacked-on-mobile\"><figure class=\"wp-block-media-text__media\"><a href=\"https:\/\/tratadosmusicalesibericos.usal.es\/\"><img loading=\"lazy\" decoding=\"async\" width=\"1024\" height=\"483\" src=\"https:\/\/webs.uab.cat\/sirens\/wp-content\/uploads\/sites\/681\/2026\/04\/logo_tratados_musicales_a-1024x483.png\" alt=\"\" class=\"wp-image-981 size-full\" srcset=\"https:\/\/webs.uab.cat\/sirens\/wp-content\/uploads\/sites\/681\/2026\/04\/logo_tratados_musicales_a-1024x483.png 1024w, https:\/\/webs.uab.cat\/sirens\/wp-content\/uploads\/sites\/681\/2026\/04\/logo_tratados_musicales_a-300x141.png 300w, https:\/\/webs.uab.cat\/sirens\/wp-content\/uploads\/sites\/681\/2026\/04\/logo_tratados_musicales_a-768x362.png 768w, https:\/\/webs.uab.cat\/sirens\/wp-content\/uploads\/sites\/681\/2026\/04\/logo_tratados_musicales_a-1200x566.png 1200w, https:\/\/webs.uab.cat\/sirens\/wp-content\/uploads\/sites\/681\/2026\/04\/logo_tratados_musicales_a.png 1434w\" sizes=\"auto, (max-width: 1024px) 100vw, 1024px\" \/><\/a><\/figure><div class=\"wp-block-media-text__content\">\n<p>Lloc web amb base de dades bibliogr\u00e0fica sobre tractats musicals del m\u00f3n ib\u00e8ric, aix\u00ed com transcripcions d\u2019alguns d\u2019aquests.<\/p>\n<\/div><\/div>\n\n\n\n<div class=\"wp-block-group is-nowrap is-layout-flex wp-container-core-group-is-layout-ad2f72ca wp-block-group-is-layout-flex\">\n<p>Lloc web del projecte Didone, que ha creat un cat\u00e0leg exhaustiu d\u2019emocions en la m\u00fasica per analitzar les convencions que van definir l\u2019expressi\u00f3 i el significat musical en els drames de Metastasio. <\/p>\n\n\n\n<figure class=\"wp-block-image size-full\"><a href=\"https:\/\/didone.eu\/\"><img loading=\"lazy\" decoding=\"async\" width=\"900\" height=\"900\" src=\"https:\/\/webs.uab.cat\/sirens\/wp-content\/uploads\/sites\/681\/2026\/04\/unnamed.jpg\" alt=\"\" class=\"wp-image-986\" srcset=\"https:\/\/webs.uab.cat\/sirens\/wp-content\/uploads\/sites\/681\/2026\/04\/unnamed.jpg 900w, https:\/\/webs.uab.cat\/sirens\/wp-content\/uploads\/sites\/681\/2026\/04\/unnamed-300x300.jpg 300w, https:\/\/webs.uab.cat\/sirens\/wp-content\/uploads\/sites\/681\/2026\/04\/unnamed-150x150.jpg 150w, https:\/\/webs.uab.cat\/sirens\/wp-content\/uploads\/sites\/681\/2026\/04\/unnamed-768x768.jpg 768w\" sizes=\"auto, (max-width: 900px) 100vw, 900px\" \/><\/a><\/figure>\n<\/div>\n\n\n\n<div class=\"wp-block-media-text is-stacked-on-mobile\" style=\"grid-template-columns:29% auto\"><figure class=\"wp-block-media-text__media\"><a href=\"https:\/\/www.universosonoromaya.unam.mx\/\"><img loading=\"lazy\" decoding=\"async\" width=\"995\" height=\"810\" src=\"https:\/\/webs.uab.cat\/sirens\/wp-content\/uploads\/sites\/681\/2026\/04\/maya2.png\" alt=\"\" class=\"wp-image-996 size-full\" srcset=\"https:\/\/webs.uab.cat\/sirens\/wp-content\/uploads\/sites\/681\/2026\/04\/maya2.png 995w, https:\/\/webs.uab.cat\/sirens\/wp-content\/uploads\/sites\/681\/2026\/04\/maya2-300x244.png 300w, https:\/\/webs.uab.cat\/sirens\/wp-content\/uploads\/sites\/681\/2026\/04\/maya2-768x625.png 768w\" sizes=\"auto, (max-width: 995px) 100vw, 995px\" \/><\/a><\/figure><div class=\"wp-block-media-text__content\">\n<p>Lloc web del grup \u00abUniversos Sonoros Mayas\u00bb de la Universitat Nacional Aut\u00f2noma de M\u00e8xic, que inclou un joc interactiu per escoltar instruments musicals arqueol\u00f2gics i crear-hi una composici\u00f3.<\/p>\n<\/div><\/div>\n\n\n\n<div class=\"wp-block-group is-nowrap is-layout-flex wp-container-core-group-is-layout-ad2f72ca wp-block-group-is-layout-flex\">\n<p>Lloc web del grup de recerca \u2018Epistemes of modern <br>acoustics\u2019 del institut Max Planck, que es centra en <br>les pr\u00e0ctiques religioses, pol\u00edtiques i art\u00edstiques al <br>voltant del estudi de la naturalesa i la percepci\u00f3 del so a l&#8217;era moderna.<\/p>\n\n\n\n<figure class=\"wp-block-image size-full\"><a href=\"https:\/\/www.mpiwg-berlin.mpg.de\/research\/projects\/RGTkaczyk\"><img loading=\"lazy\" decoding=\"async\" width=\"351\" height=\"360\" src=\"https:\/\/webs.uab.cat\/sirens\/wp-content\/uploads\/sites\/681\/2026\/04\/logo.png\" alt=\"\" class=\"wp-image-1005\" srcset=\"https:\/\/webs.uab.cat\/sirens\/wp-content\/uploads\/sites\/681\/2026\/04\/logo.png 351w, https:\/\/webs.uab.cat\/sirens\/wp-content\/uploads\/sites\/681\/2026\/04\/logo-293x300.png 293w\" sizes=\"auto, (max-width: 351px) 100vw, 351px\" \/><\/a><\/figure>\n<\/div>\n\n\n\n<div class=\"wp-block-media-text is-stacked-on-mobile\" style=\"grid-template-columns:33% auto\"><figure class=\"wp-block-media-text__media\"><a href=\"https:\/\/www.historicalsoundscapes.com\/\"><img loading=\"lazy\" decoding=\"async\" width=\"360\" height=\"360\" src=\"https:\/\/webs.uab.cat\/sirens\/wp-content\/uploads\/sites\/681\/2026\/04\/t088_BC6_400x400.jpg\" alt=\"\" class=\"wp-image-1012 size-full\" srcset=\"https:\/\/webs.uab.cat\/sirens\/wp-content\/uploads\/sites\/681\/2026\/04\/t088_BC6_400x400.jpg 360w, https:\/\/webs.uab.cat\/sirens\/wp-content\/uploads\/sites\/681\/2026\/04\/t088_BC6_400x400-300x300.jpg 300w, https:\/\/webs.uab.cat\/sirens\/wp-content\/uploads\/sites\/681\/2026\/04\/t088_BC6_400x400-150x150.jpg 150w\" sizes=\"auto, (max-width: 360px) 100vw, 360px\" \/><\/a><\/figure><div class=\"wp-block-media-text__content\">\n<p>Web &#8220;Paisajes sonoros hist\u00f3ricos (c.1200-1800). Cont\u00e9 una gran base de dades de recursos cartogr\u00e0fics organitzats per projectes, per ciutats, per itineraris i a escala global. S\u2019hi mostren esdeveniments sonors hist\u00f2rics significatius de cada lloc.<\/p>\n<\/div><\/div>\n\n\n\n<p><\/p>\n","protected":false},"excerpt":{"rendered":"<p>A la cosmologia musical de l\u2019Edat Mitjana i Moderna, la simpatia era la tend\u00e8ncia natural de les coses similars a vibrar conjuntament. En aquesta finestra mostrem llocs web simp\u00e0tics amb el nostre. fes click als logotips per anar als llocs web Lloc web amb base de dades bibliogr\u00e0fica sobre tractats musicals del m\u00f3n ib\u00e8ric, aix\u00ed [&hellip;]<\/p>\n","protected":false},"author":3104,"featured_media":0,"parent":0,"menu_order":0,"comment_status":"closed","ping_status":"closed","template":"","meta":{"footnotes":""},"class_list":["post-974","page","type-page","status-publish","hentry"],"_links":{"self":[{"href":"https:\/\/webs.uab.cat\/sirens\/wp-json\/wp\/v2\/pages\/974","targetHints":{"allow":["GET"]}}],"collection":[{"href":"https:\/\/webs.uab.cat\/sirens\/wp-json\/wp\/v2\/pages"}],"about":[{"href":"https:\/\/webs.uab.cat\/sirens\/wp-json\/wp\/v2\/types\/page"}],"author":[{"embeddable":true,"href":"https:\/\/webs.uab.cat\/sirens\/wp-json\/wp\/v2\/users\/3104"}],"replies":[{"embeddable":true,"href":"https:\/\/webs.uab.cat\/sirens\/wp-json\/wp\/v2\/comments?post=974"}],"version-history":[{"count":19,"href":"https:\/\/webs.uab.cat\/sirens\/wp-json\/wp\/v2\/pages\/974\/revisions"}],"predecessor-version":[{"id":1090,"href":"https:\/\/webs.uab.cat\/sirens\/wp-json\/wp\/v2\/pages\/974\/revisions\/1090"}],"wp:attachment":[{"href":"https:\/\/webs.uab.cat\/sirens\/wp-json\/wp\/v2\/media?parent=974"}],"curies":[{"name":"wp","href":"https:\/\/api.w.org\/{rel}","templated":true}]}}