{"id":45,"date":"2020-01-24T13:33:57","date_gmt":"2020-01-24T11:33:57","guid":{"rendered":"http:\/\/blogs.uab.cat\/socrisis\/?page_id=45"},"modified":"2020-01-24T13:33:57","modified_gmt":"2020-01-24T11:33:57","slug":"socially-innovative-initiatives","status":"publish","type":"page","link":"https:\/\/webs.uab.cat\/socrisis\/socially-innovative-initiatives\/","title":{"rendered":"Socially innovative initiatives"},"content":{"rendered":"<p>Eight socially innovative initiatives have been analysed in four different communities in Barcelona and New York:<\/p>\n<p>NEW YORK CITY<\/p>\n<p><strong>Bushwick<\/strong><\/p>\n<ul>\n<li><a href=\"http:\/\/blogs.uab.cat\/socrisis\/socially-innovative-initiatives\/small-business-united\/\">Small Business United<\/a><\/li>\n<li><a href=\"http:\/\/blogs.uab.cat\/socrisis\/socially-innovative-initiatives\/ecostation\/\">Ecostation<\/a><\/li>\n<\/ul>\n<p><strong>South Bronx<\/strong><\/p>\n<ul>\n<li><a href=\"http:\/\/blogs.uab.cat\/socrisis\/socially-innovative-initiatives\/nos-quedamos\/\">Nos quedamos<\/a><\/li>\n<li><a href=\"http:\/\/blogs.uab.cat\/socrisis\/socially-innovative-initiatives\/south-bronx-unite\/\">South Bronx Unite<\/a><\/li>\n<\/ul>\n<p>BARCELONA<\/p>\n<p><strong>Nou Barris Nord<\/strong><\/p>\n<ul>\n<li><a href=\"http:\/\/blogs.uab.cat\/socrisis\/socially-innovative-initiatives\/centre-cruilla\/\">Centre Cru\u00eflla<\/a><\/li>\n<li><a href=\"http:\/\/blogs.uab.cat\/socrisis\/socially-innovative-initiatives\/50x20\/\">50\u00d720<\/a><\/li>\n<\/ul>\n<p><strong>Sants<\/strong><\/p>\n<ul>\n<li><a href=\"http:\/\/blogs.uab.cat\/socrisis\/socially-innovative-initiatives\/can-batllo\/\">Can Batll\u00f3<\/a><\/li>\n<li><a href=\"http:\/\/blogs.uab.cat\/socrisis\/socially-innovative-initiatives\/pah-barcelona\/\">PAH Barcelona<\/a><\/li>\n<\/ul>\n","protected":false},"excerpt":{"rendered":"<p>Eight socially innovative initiatives have been analysed in four different communities in Barcelona and New York: NEW YORK CITY Bushwick Small Business United Ecostation South Bronx Nos quedamos South Bronx Unite BARCELONA Nou Barris Nord Centre Cru\u00eflla 50\u00d720 Sants Can Batll\u00f3 PAH Barcelona<\/p>\n","protected":false},"author":34,"featured_media":0,"parent":0,"menu_order":0,"comment_status":"closed","ping_status":"closed","template":"","meta":{"footnotes":""},"class_list":["post-45","page","type-page","status-publish","hentry"],"_links":{"self":[{"href":"https:\/\/webs.uab.cat\/socrisis\/wp-json\/wp\/v2\/pages\/45","targetHints":{"allow":["GET"]}}],"collection":[{"href":"https:\/\/webs.uab.cat\/socrisis\/wp-json\/wp\/v2\/pages"}],"about":[{"href":"https:\/\/webs.uab.cat\/socrisis\/wp-json\/wp\/v2\/types\/page"}],"author":[{"embeddable":true,"href":"https:\/\/webs.uab.cat\/socrisis\/wp-json\/wp\/v2\/users\/34"}],"replies":[{"embeddable":true,"href":"https:\/\/webs.uab.cat\/socrisis\/wp-json\/wp\/v2\/comments?post=45"}],"version-history":[{"count":0,"href":"https:\/\/webs.uab.cat\/socrisis\/wp-json\/wp\/v2\/pages\/45\/revisions"}],"wp:attachment":[{"href":"https:\/\/webs.uab.cat\/socrisis\/wp-json\/wp\/v2\/media?parent=45"}],"curies":[{"name":"wp","href":"https:\/\/api.w.org\/{rel}","templated":true}]}}