{"id":6,"date":"2020-01-24T13:04:19","date_gmt":"2020-01-24T11:04:19","guid":{"rendered":"http:\/\/blogs.uab.cat\/socrisis\/?page_id=6"},"modified":"2022-07-14T13:10:59","modified_gmt":"2022-07-14T11:10:59","slug":"outreach-activities","status":"publish","type":"page","link":"https:\/\/webs.uab.cat\/socrisis\/outreach-activities\/","title":{"rendered":"Outreach Activities"},"content":{"rendered":"\n<h2 class=\"wp-block-heading\"><strong>Publications<\/strong><\/h2>\n\n\n\n<div class=\"wp-block-media-text alignwide is-stacked-on-mobile\" style=\"grid-template-columns:20% auto\"><figure class=\"wp-block-media-text__media\"><img loading=\"lazy\" decoding=\"async\" width=\"150\" height=\"237\" src=\"https:\/\/webs.uab.cat\/socrisis\/wp-content\/uploads\/sites\/39\/2020\/01\/Social-Innovation-and-Democratic-Leadership.jpg\" alt=\"\" class=\"wp-image-83 size-full\"\/><\/figure><div class=\"wp-block-media-text__content\">\n<p>Par\u00e9s, M.; Ospina, S. &amp; Subirats, J. 2017. Social Innovation and Democratic Leadership. Communitites and Social Change from Below. Edward Elgar Publishing: Chelnteham. ISBN 978 1 78536 788 5.&nbsp;[&nbsp;<a title=\"Social Innovation and Democratic Leadership\" rel=\"noopener noreferrer\" href=\"http:\/\/www.e-elgar.com\/shop\/eep\/preview\/book\/isbn\/9781785367885\/\" target=\"_blank\">View<\/a>&nbsp;]<\/p>\n\n\n\n<p>Par\u00e9s, M.; Blanco, I.; Fern\u00e1ndez, C. 2018. \u201cFacing the Great Recession in deprived urban areas: how civic capacity contributes to neighborhood resilience\u201d. <i>City &amp; Community <\/i>17(1): 65-86&nbsp;<em>&nbsp;<\/em>[ <a href=\"https:\/\/onlinelibrary.wiley.com\/doi\/abs\/10.1111\/cico.12287\" target=\"_blank\" rel=\"noopener noreferrer\">Online<\/a>&nbsp;]<\/p>\n\n\n\n<p>Eizaguirre, S.; Par\u00e9s, M. 2018. \u201cCommunities making social change from below. Social innovation and democratic leadership in two disenfranchised neighbourhoods in Barcelona\u201d.&nbsp;<em>Urban Research and Practice&nbsp;<\/em>[ <a href=\"http:\/\/www.tandfonline.com\/eprint\/8cNwpZaKJNJWmrI2QBhw\/full\" target=\"_blank\" rel=\"noopener noreferrer\">Online<\/a>&nbsp;]<\/p>\n\n\n\n<p>Eizaguirre, S.; Par\u00e9s, M. 2018. \u201cLa dimensi\u00f3 territorial de la innovaci\u00f3 social: una mostra de pr\u00e0ctiques de lideratge col\u00b7lectiu a Nou Barris Nord i Sants\u201d <i>Documents d\u2019An\u00e0lisi Geogr\u00e0fica<\/i>&nbsp;64(1): 5-24 [&nbsp;<a rel=\"noopener noreferrer\" href=\"https:\/\/t.co\/ts1ZEGAol9\" target=\"_blank\">Download<\/a>&nbsp;]<\/p>\n<\/div><\/div>\n\n\n\n<p><\/p>\n\n\n\n<h2 class=\"wp-block-heading\"><strong>Conferences<\/strong><\/h2>\n\n\n\n<p>Par\u00e9s, M. 2018. \u201cGeography, Social Innovation and Leadership\u201d. <i>Religion and Innovation Conference:&nbsp;Conceptual and Normative Underpinnings of Religion and Innovation Discourses. <\/i>Centro per la Scienze Religiose.&nbsp;Trento (Italy).<\/p>\n\n\n\n<p>Par\u00e9s, M.; Ospina, S.; Subirats, J. 2017. \u201cSocial Innovation and Democratic Leadership: Communities and Social Change from Below (book presentation)\u201d.&nbsp;<i>XXII Congreso Internacional del CLAD.&nbsp;<\/i>Madrid (Espanya).<\/p>\n\n\n\n<p>Par\u00e9s, M.; Eizaguirre, S. 2016. \u201cCommunities making social change from below: social innovation and democratic leadership in Barcelona\u2019s disenfranchised neighbourhoods\u201d. 24th World Congress of Political Science \u2013 IPSA. Poznan (Poland).<\/p>\n\n\n\n<p>Par\u00e9s, M. 2016. \u201cCollective leadership practices in social innovation initiatives: communities and social change from below\u201d. Interpretive Policy Analysis 11th International Conference \u2013 University of Hull. Hull (UK).<\/p>\n\n\n\n<p>Par\u00e9s, M. 2016. \u201cNeighbourhood community development: urban segregation, social innovation and democratic leadership\u201d. <i>Open Lecture at the Architecture Department.&nbsp;<\/i>KU Leuven. Leuven (Belgium).<\/p>\n\n\n\n<p>Par\u00e9s, M.; Ospina, S.; Subirats, J.; Whittingham, M.V. 2015. Panel \u201cInnovaci\u00f3n Social para la resiliencia local: capacidad c\u00edvica y liderazgo colectivo en barrios desfavorecidos\u201d. XX Congreso Internacional del CLAD. Lima (Per\u00fa).<\/p>\n\n\n\n<p>Par\u00e9s, M. 2015. \u201cSocial Innovation against the crisis: how leadership practices and civic capacity improve neighborhood development\u201d. Smart Governance: Good Policy Design and Community Innovation. The City University of New York (CUNY). New York (USA).<\/p>\n\n\n\n<p>Par\u00e9s, M. 2015. \u201cSocial Innovation against Evictions: challenging collaborative urban governance under austerity\u201d. Annual Conference of the Association of American Geographers. Chicago (USA).<\/p>\n\n\n\n<p>Par\u00e9s, M. 2015. \u201cSocial Innovation against the Crisis: how social organizations and public administration work together at neighborhood level\u201d. Annual Conference of the American Society for Public Administration. Chicago (USA).<\/p>\n\n\n\n<h2 class=\"wp-block-heading\"><strong>Posters<\/strong><\/h2>\n\n\n\n<div class=\"wp-block-media-text alignwide is-stacked-on-mobile\" style=\"grid-template-columns:21% auto\"><figure class=\"wp-block-media-text__media\"><img loading=\"lazy\" decoding=\"async\" width=\"200\" height=\"280\" src=\"https:\/\/webs.uab.cat\/socrisis\/wp-content\/uploads\/sites\/39\/2020\/01\/Miniatura-poster-socrisis-2016.jpg\" alt=\"\" class=\"wp-image-84 size-full\"\/><\/figure><div class=\"wp-block-media-text__content\">\n<p class=\"has-small-font-size\">Par\u00e9s, M. 2016. \u201cSocial Innovation against the Crisis\u201d. EuroScience Open Forum. Marie Sk\u0142odowska-Curie actions satellite event. Manchester (UK).<br><a rel=\"noreferrer noopener\" href=\"https:\/\/webs.uab.cat\/socrisis\/wp-content\/uploads\/sites\/39\/2020\/01\/Din-A0-SOCRISIS-poster-2016-IGOP.pdf\" target=\"_blank\">Download SOCRISIS poster (pdf \u2013 4MB)<\/a><\/p>\n<\/div><\/div>\n\n\n\n<p><\/p>\n","protected":false},"excerpt":{"rendered":"<p>Publications Par\u00e9s, M.; Ospina, S. &amp; Subirats, J. 2017. Social Innovation and Democratic Leadership. Communitites and Social Change from Below. Edward Elgar Publishing: Chelnteham. ISBN 978 1 78536 788 5.&nbsp;[&nbsp;View&nbsp;] Par\u00e9s, M.; Blanco, I.; Fern\u00e1ndez, C. 2018. \u201cFacing the Great Recession in deprived urban areas: how civic capacity contributes to neighborhood resilience\u201d. City &amp; Community [&hellip;]<\/p>\n","protected":false},"author":34,"featured_media":0,"parent":0,"menu_order":0,"comment_status":"closed","ping_status":"closed","template":"","meta":{"footnotes":""},"class_list":["post-6","page","type-page","status-publish","hentry"],"_links":{"self":[{"href":"https:\/\/webs.uab.cat\/socrisis\/wp-json\/wp\/v2\/pages\/6","targetHints":{"allow":["GET"]}}],"collection":[{"href":"https:\/\/webs.uab.cat\/socrisis\/wp-json\/wp\/v2\/pages"}],"about":[{"href":"https:\/\/webs.uab.cat\/socrisis\/wp-json\/wp\/v2\/types\/page"}],"author":[{"embeddable":true,"href":"https:\/\/webs.uab.cat\/socrisis\/wp-json\/wp\/v2\/users\/34"}],"replies":[{"embeddable":true,"href":"https:\/\/webs.uab.cat\/socrisis\/wp-json\/wp\/v2\/comments?post=6"}],"version-history":[{"count":3,"href":"https:\/\/webs.uab.cat\/socrisis\/wp-json\/wp\/v2\/pages\/6\/revisions"}],"predecessor-version":[{"id":172,"href":"https:\/\/webs.uab.cat\/socrisis\/wp-json\/wp\/v2\/pages\/6\/revisions\/172"}],"wp:attachment":[{"href":"https:\/\/webs.uab.cat\/socrisis\/wp-json\/wp\/v2\/media?parent=6"}],"curies":[{"name":"wp","href":"https:\/\/api.w.org\/{rel}","templated":true}]}}