{"id":100,"date":"2019-04-04T09:44:43","date_gmt":"2019-04-04T07:44:43","guid":{"rendered":"https:\/\/webs.uab.cat\/spl\/unitat-dels-trastorns-de-la-deglucio-utd\/"},"modified":"2019-04-04T09:44:43","modified_gmt":"2019-04-04T07:44:43","slug":"unitat-dels-trastorns-de-la-deglucio-utd","status":"publish","type":"page","link":"https:\/\/webs.uab.cat\/spl\/unitat-dels-trastorns-de-la-deglucio-utd\/","title":{"rendered":"Unitat dels Trastorns de la Degluci\u00f3, UTD"},"content":{"rendered":"<p class=\"rtejustify\">&nbsp;<\/p>\n<p class=\"rtejustify\">\u200bLa UTD \u00e9s una unitat&nbsp;multidisciplinar constitu\u00efda per logopedes i metges.<\/p>\n<p class=\"rtejustify\">Est\u00e0&nbsp;dedicada a l&#8217;avaluaci\u00f3 i la intervenci\u00f3 dels trastorns de la degluci\u00f3 (disf\u00e0gia) orofar\u00edngia, aix\u00ed com a la prevenci\u00f3 de les seves conseq\u00fc\u00e8ncies (aspiraci\u00f3 broncopulmonar, desnutrici\u00f3, etc.).&nbsp;<\/p>\n<p class=\"rtejustify\">Presta els seg\u00fcents serveis:<\/p>\n<p class=\"rtejustify\">\u00b7&nbsp;&nbsp;&nbsp;&nbsp;&nbsp;&nbsp;&nbsp;&nbsp; Atenci\u00f3 al centre assistencial del Servei de Psicologia i Logop\u00e8dia de la Facultat de Psicologia de la UAB (Campus Bellaterra).<\/p>\n<p class=\"rtejustify\">\u00b7&nbsp;&nbsp;&nbsp;&nbsp;&nbsp;&nbsp;&nbsp;&nbsp; Assist\u00e8ncia al lloc de resid\u00e8ncia de pacients amb disf\u00e0gia.<\/p>\n<p class=\"rtejustify\">\u00b7&nbsp;&nbsp;&nbsp;&nbsp;&nbsp;&nbsp;&nbsp;&nbsp; Formaci\u00f3 a les persones responsables de les cures i atencions a pacients amb disf\u00e0gia, tant individualment com per institucions. En aquest sentit, es presta col\u00b7laboraci\u00f3 amb diferents centres per tal de poder oferir serveis d&#8217;atenci\u00f3 especialitzada i adaptada a les necessitats i demandes de cada cas.<\/p>\n<p class=\"rtejustify\">&nbsp;<\/p>\n<p class=\"rtejustify\"><strong>Responsable de la Unitat:&nbsp; \u00c0ngela Bellmunt Fontanet<\/strong><\/p>\n","protected":false},"excerpt":{"rendered":"<p>&nbsp; \u200bLa UTD \u00e9s una unitat&nbsp;multidisciplinar constitu\u00efda per logopedes i metges. Est\u00e0&nbsp;dedicada a l&#8217;avaluaci\u00f3 i la intervenci\u00f3 dels trastorns de la degluci\u00f3 (disf\u00e0gia) orofar\u00edngia, aix\u00ed com a la prevenci\u00f3 de les seves conseq\u00fc\u00e8ncies (aspiraci\u00f3 broncopulmonar, desnutrici\u00f3, etc.).&nbsp; Presta els seg\u00fcents serveis: \u00b7&nbsp;&nbsp;&nbsp;&nbsp;&nbsp;&nbsp;&nbsp;&nbsp; Atenci\u00f3 al centre assistencial del Servei de Psicologia i Logop\u00e8dia de la Facultat [&hellip;]<\/p>\n","protected":false},"author":20,"featured_media":0,"parent":0,"menu_order":0,"comment_status":"closed","ping_status":"closed","template":"","meta":{"footnotes":""},"class_list":["post-100","page","type-page","status-publish","hentry"],"_links":{"self":[{"href":"https:\/\/webs.uab.cat\/spl\/wp-json\/wp\/v2\/pages\/100","targetHints":{"allow":["GET"]}}],"collection":[{"href":"https:\/\/webs.uab.cat\/spl\/wp-json\/wp\/v2\/pages"}],"about":[{"href":"https:\/\/webs.uab.cat\/spl\/wp-json\/wp\/v2\/types\/page"}],"author":[{"embeddable":true,"href":"https:\/\/webs.uab.cat\/spl\/wp-json\/wp\/v2\/users\/20"}],"replies":[{"embeddable":true,"href":"https:\/\/webs.uab.cat\/spl\/wp-json\/wp\/v2\/comments?post=100"}],"version-history":[{"count":0,"href":"https:\/\/webs.uab.cat\/spl\/wp-json\/wp\/v2\/pages\/100\/revisions"}],"wp:attachment":[{"href":"https:\/\/webs.uab.cat\/spl\/wp-json\/wp\/v2\/media?parent=100"}],"curies":[{"name":"wp","href":"https:\/\/api.w.org\/{rel}","templated":true}]}}