{"id":104,"date":"2019-07-23T11:56:55","date_gmt":"2019-07-23T09:56:55","guid":{"rendered":"https:\/\/webs.uab.cat\/spl\/ambit-dimatge-corporal-i-trastorns-alimentaris-en-ladolescencia-i-ledat-adulta\/"},"modified":"2023-02-28T15:23:14","modified_gmt":"2023-02-28T13:23:14","slug":"ambit-dimatge-corporal-i-trastorns-alimentaris-en-ladolescencia-i-ledat-adulta","status":"publish","type":"page","link":"https:\/\/webs.uab.cat\/spl\/ambit-dimatge-corporal-i-trastorns-alimentaris-en-ladolescencia-i-ledat-adulta\/","title":{"rendered":"\u00c0mbit d&#8217;imatge corporal i trastorns alimentaris en l&#8217;adolesc\u00e8ncia i l&#8217;edat adulta"},"content":{"rendered":"\n<p>La UAIC, Unitat d\u2019Avaluaci\u00f3 i Intervenci\u00f3 de la Imatge Corporal, presta servei a l&#8217;\u00e0rea assistencial del SPL, i tamb\u00e9 realitza tasques de transfer\u00e8ncia, formaci\u00f3 i recerca aplicada en relaci\u00f3 a la prevenci\u00f3 i tractament dels problemes relacionats amb el pes, l\u2019alimentaci\u00f3 i la imatge corporal.<\/p>\n\n\n\n<p>Els continguts b\u00e0sics dels programes preventius s\u00f3n:<\/p>\n\n\n\n<ul class=\"wp-block-list\"><li>Difondre coneixements sobre una alimentaci\u00f3 saludable<\/li><li>Millorar les actituds i els comportaments alimentaris<\/li><li>Millorar l&#8217;autoestima i la imatge corporal<\/li><li>Neutralitzar les influ\u00e8ncies socioculturals negatives, desenvolupant una consci\u00e8ncia cr\u00edtica enfront dels missatges medi\u00e0tics que promouen les dietes, la preocupaci\u00f3 pel pes, la inseguretat respecte a l&#8217;aparen\u00e7a i els avantatges d&#8217;un cos prim o musculat<\/li><\/ul>\n\n\n\n<p><strong>&nbsp;Algunes activitats de transfer\u00e8ncia desenvolupades des d\u2019aquest \u00e0mbit:<\/strong><\/p>\n\n\n\n<p><em>(Nom del projecte \/ Entitat contractant \/ Investigadors i professionals)<\/em><\/p>\n\n\n\n<p><em>(Nom del projecte \/ Entitat contractant \/ Investigadors i professionals)<\/em><\/p>\n\n\n\n<ul class=\"wp-block-list\"><li><em>Sessions de formaci\u00f3 en Tallers ECOPREV (prevenci\u00f3 de problemes relacionats amb la alimentaci\u00f3, el pes i la imatge corporal per a adolescents escolaritzats) a agents de salut de l\u2019Ajuntament de Sabadell, duts a terme per les psicol\u00f2gues Dra. Paola Espinoza Guzman i lrene Subiza P\u00e9rez<\/em><\/li><li><em>Conveni de Col\u00b7laboraci\u00f3 ambl\u2019Institut de Trastorns Alimentaris ITA de Barcelona pera a la realitzaci\u00f3 d\u2019Activitats de Recerca amb participaci\u00f3 dels Drs. Toni Grau Mouri\u00f1o, Marcela Gonz\u00e1lez Gonz\u00e1lez i Marisol Mora Giral.<\/em><\/li><\/ul>\n\n\n\n<p><a href=\"https:\/\/uaic.uab.cat\/#!\/home\"><strong>Web de la UAIC<\/strong><\/a><\/p>\n\n\n\n<p><strong>Grup de recerca vinculat a aquest \u00e0mbit:<\/strong><\/p>\n\n\n\n<p>Neuroimatge, Personalitat, Prevenci\u00f3 i Tractament en Psicologia Cl\u00ednica i de la Salut<\/p>\n\n\n\n<p><a href=\"https:\/\/www.uab.cat\/web\/postgrau\/doctorats\/tots-els-doctorats\/linies-i-direccio\/linies-de-recerca-i-direccio-de-tesi\/psicologia-clinica-i-de-la-salut-1345467765171.html?param2=1345654651156\">https:\/\/www.uab.cat\/web\/postgrau\/doctorats\/tots-els-doctorats\/linies-i-direccio\/linies-de-recerca-i-direccio-de-tesi\/psicologia-clinica-i-de-la-salut-1345467765171.html?param2=1345654651156<\/a><\/p>\n\n\n\n<p><a href=\"https:\/\/www.uab.cat\/web\/la-recerca-1248213816233.html\">https:\/\/www.uab.cat\/web\/la-recerca-1248213816233.html<\/a><\/p>\n","protected":false},"excerpt":{"rendered":"<p>La UAIC, Unitat d\u2019Avaluaci\u00f3 i Intervenci\u00f3 de la Imatge Corporal, presta servei a l&#8217;\u00e0rea assistencial del SPL, i tamb\u00e9 realitza tasques de transfer\u00e8ncia, formaci\u00f3 i recerca aplicada en relaci\u00f3 a la prevenci\u00f3 i tractament dels problemes relacionats amb el pes, l\u2019alimentaci\u00f3 i la imatge corporal. Els continguts b\u00e0sics dels programes preventius s\u00f3n: Difondre coneixements sobre [&hellip;]<\/p>\n","protected":false},"author":20,"featured_media":0,"parent":0,"menu_order":0,"comment_status":"closed","ping_status":"closed","template":"","meta":{"footnotes":""},"class_list":["post-104","page","type-page","status-publish","hentry"],"_links":{"self":[{"href":"https:\/\/webs.uab.cat\/spl\/wp-json\/wp\/v2\/pages\/104","targetHints":{"allow":["GET"]}}],"collection":[{"href":"https:\/\/webs.uab.cat\/spl\/wp-json\/wp\/v2\/pages"}],"about":[{"href":"https:\/\/webs.uab.cat\/spl\/wp-json\/wp\/v2\/types\/page"}],"author":[{"embeddable":true,"href":"https:\/\/webs.uab.cat\/spl\/wp-json\/wp\/v2\/users\/20"}],"replies":[{"embeddable":true,"href":"https:\/\/webs.uab.cat\/spl\/wp-json\/wp\/v2\/comments?post=104"}],"version-history":[{"count":1,"href":"https:\/\/webs.uab.cat\/spl\/wp-json\/wp\/v2\/pages\/104\/revisions"}],"predecessor-version":[{"id":338,"href":"https:\/\/webs.uab.cat\/spl\/wp-json\/wp\/v2\/pages\/104\/revisions\/338"}],"wp:attachment":[{"href":"https:\/\/webs.uab.cat\/spl\/wp-json\/wp\/v2\/media?parent=104"}],"curies":[{"name":"wp","href":"https:\/\/api.w.org\/{rel}","templated":true}]}}